{"id":7061,"date":"2025-09-04T16:16:57","date_gmt":"2025-09-04T16:16:57","guid":{"rendered":"https:\/\/www.okmaritime.nl\/de\/?page_id=7061"},"modified":"2025-09-22T09:39:33","modified_gmt":"2025-09-22T09:39:33","slug":"kunststoffsteine","status":"publish","type":"page","link":"https:\/\/www.okmaritime.nl\/de\/ueber-uns\/sponsoring-spenden\/kunststoffsteine\/","title":{"rendered":"Kunststoffsteine"},"content":{"rendered":"\t\t<div data-elementor-type=\"wp-page\" data-elementor-id=\"7061\" class=\"elementor elementor-7061\">\n\t\t\t\t\t\t<section class=\"elementor-section elementor-top-section elementor-element elementor-element-1044965 elementor-section-boxed elementor-section-height-default elementor-section-height-default\" data-id=\"1044965\" data-element_type=\"section\" data-e-type=\"section\">\n\t\t\t\t\t\t<div class=\"elementor-container elementor-column-gap-default\">\n\t\t\t\t\t<div class=\"elementor-column elementor-col-50 elementor-top-column elementor-element elementor-element-221924b\" data-id=\"221924b\" data-element_type=\"column\" data-e-type=\"column\">\n\t\t\t<div class=\"elementor-widget-wrap elementor-element-populated\">\n\t\t\t\t\t\t<div class=\"elementor-element elementor-element-e19f154 elementor-widget elementor-widget-heading\" data-id=\"e19f154\" data-element_type=\"widget\" data-e-type=\"widget\" data-widget_type=\"heading.default\">\n\t\t\t\t<div class=\"elementor-widget-container\">\n\t\t\t\t\t<h2 class=\"elementor-heading-title elementor-size-default\"><h2 style=\"margin: 0px 0px 10px;line-height: 35px;font-size: 2.8rem;text-align: -webkit-center;letter-spacing: -1px\">Aufbau einer nachhaltigen Wertsch\u00f6pfungskette<span style=\"font-size: 1.7em;font-weight: bolder;letter-spacing: 0.1px\"><\/span><\/h2><\/h2>\t\t\t\t<\/div>\n\t\t\t\t<\/div>\n\t\t\t\t<div class=\"elementor-element elementor-element-55f3197 elementor-widget elementor-widget-text-editor\" data-id=\"55f3197\" data-element_type=\"widget\" data-e-type=\"widget\" data-widget_type=\"text-editor.default\">\n\t\t\t\t<div class=\"elementor-widget-container\">\n\t\t\t\t\t\t\t\t\t<p><span dir=\"auto\" style=\"vertical-align: inherit; color: #293d67;\"><span dir=\"auto\" style=\"vertical-align: inherit;\">Der Ivoorkust hatte ein enormes Problem. Dagelijks komt ruim 288.000 Kilo Plastikm\u00fcll auf Lagerpl\u00e4tzen in den armen Gemeenschappen. Slechts 5 % wird von jungen M\u00e4nnern und Frauen im informellen Stromkreis verkocht. Helaas nutzte die Gelegenheit, um Wein zu trinken. Im westafrikanischen Land wurden 1,6 Millionen Kinder und Jugendliche nicht zur Schule gebracht, da sie noch keine Schulgeb\u00e4ude hatten.<\/span><\/span><\/p><p><span dir=\"auto\" style=\"vertical-align: inherit; color: #293d67;\"><span dir=\"auto\" style=\"vertical-align: inherit;\">Plastic Bricks sorgte daf\u00fcr, dass UNICEF daf\u00fcr sorgte, dass das Plastikmaterial f\u00fcr den \u00f6ffentlichen Gebrauch im Rahmen der \u00f6rtlichen Bev\u00f6lkerung und der Regierung recycelt wurde. Ich bin \u00fcberzeugt davon, dass das UNICEF-Programm einen gro\u00dfen Erfolg hatte!<\/span><\/span><\/p><p><span dir=\"auto\" style=\"vertical-align: inherit; color: #293d67;\"><span dir=\"auto\" style=\"vertical-align: inherit;\">Das Programm von UNICEF trainierte junge Menschen und Frauen in der Verpackung, verh\u00fcllte sie und arbeitete an der Plastikbeschaffung. Daarnaast krijgen ze ook Training in ondernemerschap. Die Fabrik von UNICEF kaufte den Plastikm\u00fcll bei diesen Jugendlichen und Frauen f\u00fcr einen tollen Preis. Der Kunststoff wurde recycelt, so dass die Kunststoffabf\u00e4lle nicht besch\u00e4digt wurden. Lokale Kinder k\u00f6nnen hier zur Schule gehen und sich dort anmelden. Wir weisen darauf hin, dass das wichtigste Schl\u00fcsselwort f\u00fcr uns eine bessere Voraussetzung ist.<\/span><\/span><\/p>\t\t\t\t\t\t\t\t<\/div>\n\t\t\t\t<\/div>\n\t\t\t\t\t<\/div>\n\t\t<\/div>\n\t\t\t\t<div class=\"elementor-column elementor-col-50 elementor-top-column elementor-element elementor-element-b830fd7\" data-id=\"b830fd7\" data-element_type=\"column\" data-e-type=\"column\">\n\t\t\t<div class=\"elementor-widget-wrap elementor-element-populated\">\n\t\t\t\t\t\t<div class=\"elementor-element elementor-element-8537314 elementor-widget elementor-widget-image\" data-id=\"8537314\" data-element_type=\"widget\" data-e-type=\"widget\" data-widget_type=\"image.default\">\n\t\t\t\t<div class=\"elementor-widget-container\">\n\t\t\t\t\t\t\t\t\t\t\t\t\t\t\t<img fetchpriority=\"high\" decoding=\"async\" width=\"629\" height=\"1024\" src=\"https:\/\/www.okmaritime.nl\/wp-content\/uploads\/2025\/09\/Platic-brick-info-ENG-629x1024.png\" class=\"attachment-large size-large wp-image-7039\" alt=\"\" srcset=\"https:\/\/www.okmaritime.nl\/wp-content\/uploads\/2025\/09\/Platic-brick-info-ENG-629x1024.png 629w, https:\/\/www.okmaritime.nl\/wp-content\/uploads\/2025\/09\/Platic-brick-info-ENG-184x300.png 184w, https:\/\/www.okmaritime.nl\/wp-content\/uploads\/2025\/09\/Platic-brick-info-ENG-768x1250.png 768w, https:\/\/www.okmaritime.nl\/wp-content\/uploads\/2025\/09\/Platic-brick-info-ENG.png 794w\" sizes=\"(max-width: 629px) 100vw, 629px\" \/>\t\t\t\t\t\t\t\t\t\t\t\t\t\t\t<\/div>\n\t\t\t\t<\/div>\n\t\t\t\t\t<\/div>\n\t\t<\/div>\n\t\t\t\t\t<\/div>\n\t\t<\/section>\n\t\t\t\t<section class=\"elementor-section elementor-top-section elementor-element elementor-element-3393638 elementor-section-boxed elementor-section-height-default elementor-section-height-default\" data-id=\"3393638\" data-element_type=\"section\" data-e-type=\"section\">\n\t\t\t\t\t\t<div class=\"elementor-container elementor-column-gap-default\">\n\t\t\t\t\t<div class=\"elementor-column elementor-col-100 elementor-top-column elementor-element elementor-element-4d74845\" data-id=\"4d74845\" data-element_type=\"column\" data-e-type=\"column\">\n\t\t\t<div class=\"elementor-widget-wrap elementor-element-populated\">\n\t\t\t\t\t\t<div class=\"elementor-element elementor-element-736bf06 elementor-widget elementor-widget-video\" data-id=\"736bf06\" data-element_type=\"widget\" data-e-type=\"widget\" data-settings=\"{&quot;video_type&quot;:&quot;hosted&quot;,&quot;controls&quot;:&quot;yes&quot;}\" data-widget_type=\"video.default\">\n\t\t\t\t<div class=\"elementor-widget-container\">\n\t\t\t\t\t\t\t<div class=\"e-hosted-video elementor-wrapper elementor-open-inline\">\n\t\t\t\t\t<video class=\"elementor-video\" src=\"https:\/\/app-sncu01saas51g0rt002.cms.optimizely.com\/globalassets\/files\/bedrijven\/video-unicef-business-buddies-plastic-bouwstenen-51-sec.mp4\" controls=\"\" preload=\"metadata\" controlsList=\"nodownload\"><\/video>\n\t\t\t\t<\/div>\n\t\t\t\t\t\t<\/div>\n\t\t\t\t<\/div>\n\t\t\t\t\t<\/div>\n\t\t<\/div>\n\t\t\t\t\t<\/div>\n\t\t<\/section>\n\t\t\t\t<\/div>\n\t\t","protected":false},"excerpt":{"rendered":"<p>Aufbau einer nachhaltigen Wertsch\u00f6pfungskette Der Ivoorkust hatte ein enormes Problem. Dagelijks komt ruim 288.000 Kilo Plastikm\u00fcll auf Lagerpl\u00e4tzen in den armen Gemeenschappen. Slechts 5 % wird von jungen M\u00e4nnern und &#8230;<\/p>\n","protected":false},"author":5,"featured_media":7083,"parent":7020,"menu_order":0,"comment_status":"closed","ping_status":"closed","template":"","meta":{"footnotes":""},"class_list":["post-7061","page","type-page","status-publish","has-post-thumbnail","hentry"],"yoast_head":"<!-- This site is optimized with the Yoast SEO plugin v27.5 - https:\/\/yoast.com\/product\/yoast-seo-wordpress\/ -->\n<title>Kunststoffsteine<\/title>\n<meta name=\"robots\" content=\"index, follow, max-snippet:-1, max-image-preview:large, max-video-preview:-1\" \/>\n<link rel=\"canonical\" href=\"https:\/\/www.okmaritime.nl\/de\/ueber-uns\/sponsoring-spenden\/kunststoffsteine\/\" \/>\n<meta property=\"og:locale\" content=\"de_DE\" \/>\n<meta property=\"og:locale:alternate\" content=\"en_GB\" \/>\n<meta property=\"og:locale:alternate\" content=\"nl_NL\" \/>\n<meta property=\"og:type\" content=\"article\" \/>\n<meta property=\"og:title\" content=\"Kunststoffsteine\" \/>\n<meta property=\"og:description\" content=\"Aufbau einer nachhaltigen Wertsch\u00f6pfungskette Der Ivoorkust hatte ein enormes Problem. Dagelijks komt ruim 288.000 Kilo Plastikm\u00fcll auf Lagerpl\u00e4tzen in den armen Gemeenschappen. Slechts 5 % wird von jungen M\u00e4nnern und ...\" \/>\n<meta property=\"og:url\" content=\"https:\/\/www.okmaritime.nl\/de\/ueber-uns\/sponsoring-spenden\/kunststoffsteine\/\" \/>\n<meta property=\"og:site_name\" content=\"OK Maritime\" \/>\n<meta property=\"article:modified_time\" content=\"2025-09-22T09:39:33+00:00\" \/>\n<meta property=\"og:image\" content=\"https:\/\/www.okmaritime.nl\/wp-content\/uploads\/2025\/09\/Schoolgirls2-1.jpeg\" \/>\n\t<meta property=\"og:image:width\" content=\"1536\" \/>\n\t<meta property=\"og:image:height\" content=\"711\" \/>\n\t<meta property=\"og:image:type\" content=\"image\/jpeg\" \/>\n<meta name=\"twitter:card\" content=\"summary_large_image\" \/>\n<meta name=\"twitter:label1\" content=\"Gesch\u00e4tzte Lesezeit\" \/>\n\t<meta name=\"twitter:data1\" content=\"2\u00a0Minuten\" \/>\n<script type=\"application\/ld+json\" class=\"yoast-schema-graph\">{\"@context\":\"https:\\\/\\\/schema.org\",\"@graph\":[{\"@type\":\"WebPage\",\"@id\":\"https:\\\/\\\/www.okmaritime.nl\\\/de\\\/ueber-uns\\\/sponsoring-spenden\\\/kunststoffsteine\\\/\",\"url\":\"https:\\\/\\\/www.okmaritime.nl\\\/de\\\/ueber-uns\\\/sponsoring-spenden\\\/kunststoffsteine\\\/\",\"name\":\"Kunststoffsteine\",\"isPartOf\":{\"@id\":\"https:\\\/\\\/www.okmaritime.nl\\\/de\\\/#website\"},\"primaryImageOfPage\":{\"@id\":\"https:\\\/\\\/www.okmaritime.nl\\\/de\\\/ueber-uns\\\/sponsoring-spenden\\\/kunststoffsteine\\\/#primaryimage\"},\"image\":{\"@id\":\"https:\\\/\\\/www.okmaritime.nl\\\/de\\\/ueber-uns\\\/sponsoring-spenden\\\/kunststoffsteine\\\/#primaryimage\"},\"thumbnailUrl\":\"https:\\\/\\\/www.okmaritime.nl\\\/wp-content\\\/uploads\\\/2025\\\/09\\\/Schoolgirls2-1.jpeg\",\"datePublished\":\"2025-09-04T16:16:57+00:00\",\"dateModified\":\"2025-09-22T09:39:33+00:00\",\"breadcrumb\":{\"@id\":\"https:\\\/\\\/www.okmaritime.nl\\\/de\\\/ueber-uns\\\/sponsoring-spenden\\\/kunststoffsteine\\\/#breadcrumb\"},\"inLanguage\":\"de-DE\",\"potentialAction\":[{\"@type\":\"ReadAction\",\"target\":[\"https:\\\/\\\/www.okmaritime.nl\\\/de\\\/ueber-uns\\\/sponsoring-spenden\\\/kunststoffsteine\\\/\"]}]},{\"@type\":\"ImageObject\",\"inLanguage\":\"de-DE\",\"@id\":\"https:\\\/\\\/www.okmaritime.nl\\\/de\\\/ueber-uns\\\/sponsoring-spenden\\\/kunststoffsteine\\\/#primaryimage\",\"url\":\"https:\\\/\\\/www.okmaritime.nl\\\/wp-content\\\/uploads\\\/2025\\\/09\\\/Schoolgirls2-1.jpeg\",\"contentUrl\":\"https:\\\/\\\/www.okmaritime.nl\\\/wp-content\\\/uploads\\\/2025\\\/09\\\/Schoolgirls2-1.jpeg\",\"width\":1536,\"height\":711},{\"@type\":\"BreadcrumbList\",\"@id\":\"https:\\\/\\\/www.okmaritime.nl\\\/de\\\/ueber-uns\\\/sponsoring-spenden\\\/kunststoffsteine\\\/#breadcrumb\",\"itemListElement\":[{\"@type\":\"ListItem\",\"position\":1,\"name\":\"Home\",\"item\":\"https:\\\/\\\/www.okmaritime.nl\\\/de\\\/home-deutsch\\\/\"},{\"@type\":\"ListItem\",\"position\":2,\"name\":\"\u00dcber uns\",\"item\":\"https:\\\/\\\/www.okmaritime.nl\\\/ueber-uns\\\/\"},{\"@type\":\"ListItem\",\"position\":3,\"name\":\"Sponsoring &#038; Initiativen zur nachhaltigen Entwicklung\",\"item\":\"https:\\\/\\\/www.okmaritime.nl\\\/ueber-uns\\\/sponsoring-spenden\\\/\"},{\"@type\":\"ListItem\",\"position\":4,\"name\":\"kunststoffsteine\"}]},{\"@type\":\"WebSite\",\"@id\":\"https:\\\/\\\/www.okmaritime.nl\\\/de\\\/#website\",\"url\":\"https:\\\/\\\/www.okmaritime.nl\\\/de\\\/\",\"name\":\"OK Maritime\",\"description\":\"Ship safety advice & Nautical safety trainings\",\"publisher\":{\"@id\":\"https:\\\/\\\/www.okmaritime.nl\\\/de\\\/#organization\"},\"potentialAction\":[{\"@type\":\"SearchAction\",\"target\":{\"@type\":\"EntryPoint\",\"urlTemplate\":\"https:\\\/\\\/www.okmaritime.nl\\\/de\\\/?s={search_term_string}\"},\"query-input\":{\"@type\":\"PropertyValueSpecification\",\"valueRequired\":true,\"valueName\":\"search_term_string\"}}],\"inLanguage\":\"de-DE\"},{\"@type\":\"Organization\",\"@id\":\"https:\\\/\\\/www.okmaritime.nl\\\/de\\\/#organization\",\"name\":\"Op Koers! Maritime\",\"url\":\"https:\\\/\\\/www.okmaritime.nl\\\/de\\\/\",\"logo\":{\"@type\":\"ImageObject\",\"inLanguage\":\"de-DE\",\"@id\":\"https:\\\/\\\/www.okmaritime.nl\\\/de\\\/#\\\/schema\\\/logo\\\/image\\\/\",\"url\":\"https:\\\/\\\/www.okmaritime.nl\\\/test\\\/wp-content\\\/uploads\\\/2021\\\/10\\\/OK-AcAdemy-zonder-achtergrond-e1645719031100.png\",\"contentUrl\":\"https:\\\/\\\/www.okmaritime.nl\\\/test\\\/wp-content\\\/uploads\\\/2021\\\/10\\\/OK-AcAdemy-zonder-achtergrond-e1645719031100.png\",\"width\":150,\"height\":147,\"caption\":\"Op Koers! Maritime\"},\"image\":{\"@id\":\"https:\\\/\\\/www.okmaritime.nl\\\/de\\\/#\\\/schema\\\/logo\\\/image\\\/\"}}]}<\/script>\n<!-- \/ Yoast SEO plugin. -->","yoast_head_json":{"title":"Kunststoffsteine","robots":{"index":"index","follow":"follow","max-snippet":"max-snippet:-1","max-image-preview":"max-image-preview:large","max-video-preview":"max-video-preview:-1"},"canonical":"https:\/\/www.okmaritime.nl\/de\/ueber-uns\/sponsoring-spenden\/kunststoffsteine\/","og_locale":"de_DE","og_type":"article","og_title":"[:de]Kunststoffsteine[:nl]kunststoffsteine[:] - OK Maritime","og_description":"Aufbau einer nachhaltigen Wertsch\u00f6pfungskette Der Ivoorkust hatte ein enormes Problem. Dagelijks komt ruim 288.000 Kilo Plastikm\u00fcll auf Lagerpl\u00e4tzen in den armen Gemeenschappen. Slechts 5 % wird von jungen M\u00e4nnern und ...","og_url":"https:\/\/www.okmaritime.nl\/de\/ueber-uns\/sponsoring-spenden\/kunststoffsteine\/","og_site_name":"OK Maritime","article_modified_time":"2025-09-22T09:39:33+00:00","og_image":[{"width":1536,"height":711,"url":"https:\/\/www.okmaritime.nl\/wp-content\/uploads\/2025\/09\/Schoolgirls2-1.jpeg","type":"image\/jpeg"}],"twitter_card":"summary_large_image","twitter_misc":{"Gesch\u00e4tzte Lesezeit":"2\u00a0Minuten"},"schema":{"@context":"https:\/\/schema.org","@graph":[{"@type":"WebPage","@id":"https:\/\/www.okmaritime.nl\/de\/ueber-uns\/sponsoring-spenden\/kunststoffsteine\/","url":"https:\/\/www.okmaritime.nl\/de\/ueber-uns\/sponsoring-spenden\/kunststoffsteine\/","name":"Kunststoffsteine","isPartOf":{"@id":"https:\/\/www.okmaritime.nl\/de\/#website"},"primaryImageOfPage":{"@id":"https:\/\/www.okmaritime.nl\/de\/ueber-uns\/sponsoring-spenden\/kunststoffsteine\/#primaryimage"},"image":{"@id":"https:\/\/www.okmaritime.nl\/de\/ueber-uns\/sponsoring-spenden\/kunststoffsteine\/#primaryimage"},"thumbnailUrl":"https:\/\/www.okmaritime.nl\/wp-content\/uploads\/2025\/09\/Schoolgirls2-1.jpeg","datePublished":"2025-09-04T16:16:57+00:00","dateModified":"2025-09-22T09:39:33+00:00","breadcrumb":{"@id":"https:\/\/www.okmaritime.nl\/de\/ueber-uns\/sponsoring-spenden\/kunststoffsteine\/#breadcrumb"},"inLanguage":"de-DE","potentialAction":[{"@type":"ReadAction","target":["https:\/\/www.okmaritime.nl\/de\/ueber-uns\/sponsoring-spenden\/kunststoffsteine\/"]}]},{"@type":"ImageObject","inLanguage":"de-DE","@id":"https:\/\/www.okmaritime.nl\/de\/ueber-uns\/sponsoring-spenden\/kunststoffsteine\/#primaryimage","url":"https:\/\/www.okmaritime.nl\/wp-content\/uploads\/2025\/09\/Schoolgirls2-1.jpeg","contentUrl":"https:\/\/www.okmaritime.nl\/wp-content\/uploads\/2025\/09\/Schoolgirls2-1.jpeg","width":1536,"height":711},{"@type":"BreadcrumbList","@id":"https:\/\/www.okmaritime.nl\/de\/ueber-uns\/sponsoring-spenden\/kunststoffsteine\/#breadcrumb","itemListElement":[{"@type":"ListItem","position":1,"name":"Home","item":"https:\/\/www.okmaritime.nl\/de\/home-deutsch\/"},{"@type":"ListItem","position":2,"name":"\u00dcber uns","item":"https:\/\/www.okmaritime.nl\/ueber-uns\/"},{"@type":"ListItem","position":3,"name":"Sponsoring &#038; Initiativen zur nachhaltigen Entwicklung","item":"https:\/\/www.okmaritime.nl\/ueber-uns\/sponsoring-spenden\/"},{"@type":"ListItem","position":4,"name":"kunststoffsteine"}]},{"@type":"WebSite","@id":"https:\/\/www.okmaritime.nl\/de\/#website","url":"https:\/\/www.okmaritime.nl\/de\/","name":"OK Maritime","description":"Ship safety advice & Nautical safety trainings","publisher":{"@id":"https:\/\/www.okmaritime.nl\/de\/#organization"},"potentialAction":[{"@type":"SearchAction","target":{"@type":"EntryPoint","urlTemplate":"https:\/\/www.okmaritime.nl\/de\/?s={search_term_string}"},"query-input":{"@type":"PropertyValueSpecification","valueRequired":true,"valueName":"search_term_string"}}],"inLanguage":"de-DE"},{"@type":"Organization","@id":"https:\/\/www.okmaritime.nl\/de\/#organization","name":"Op Koers! Maritime","url":"https:\/\/www.okmaritime.nl\/de\/","logo":{"@type":"ImageObject","inLanguage":"de-DE","@id":"https:\/\/www.okmaritime.nl\/de\/#\/schema\/logo\/image\/","url":"https:\/\/www.okmaritime.nl\/test\/wp-content\/uploads\/2021\/10\/OK-AcAdemy-zonder-achtergrond-e1645719031100.png","contentUrl":"https:\/\/www.okmaritime.nl\/test\/wp-content\/uploads\/2021\/10\/OK-AcAdemy-zonder-achtergrond-e1645719031100.png","width":150,"height":147,"caption":"Op Koers! Maritime"},"image":{"@id":"https:\/\/www.okmaritime.nl\/de\/#\/schema\/logo\/image\/"}}]}},"_links":{"self":[{"href":"https:\/\/www.okmaritime.nl\/de\/wp-json\/wp\/v2\/pages\/7061","targetHints":{"allow":["GET"]}}],"collection":[{"href":"https:\/\/www.okmaritime.nl\/de\/wp-json\/wp\/v2\/pages"}],"about":[{"href":"https:\/\/www.okmaritime.nl\/de\/wp-json\/wp\/v2\/types\/page"}],"author":[{"embeddable":true,"href":"https:\/\/www.okmaritime.nl\/de\/wp-json\/wp\/v2\/users\/5"}],"replies":[{"embeddable":true,"href":"https:\/\/www.okmaritime.nl\/de\/wp-json\/wp\/v2\/comments?post=7061"}],"version-history":[{"count":8,"href":"https:\/\/www.okmaritime.nl\/de\/wp-json\/wp\/v2\/pages\/7061\/revisions"}],"predecessor-version":[{"id":7167,"href":"https:\/\/www.okmaritime.nl\/de\/wp-json\/wp\/v2\/pages\/7061\/revisions\/7167"}],"up":[{"embeddable":true,"href":"https:\/\/www.okmaritime.nl\/de\/wp-json\/wp\/v2\/pages\/7020"}],"wp:featuredmedia":[{"embeddable":true,"href":"https:\/\/www.okmaritime.nl\/de\/wp-json\/wp\/v2\/media\/7083"}],"wp:attachment":[{"href":"https:\/\/www.okmaritime.nl\/de\/wp-json\/wp\/v2\/media?parent=7061"}],"curies":[{"name":"wp","href":"https:\/\/api.w.org\/{rel}","templated":true}]}}