{"id":6457,"date":"2022-08-18T11:21:20","date_gmt":"2022-08-18T11:21:20","guid":{"rendered":"https:\/\/www.okmaritime.nl\/?page_id=6457"},"modified":"2025-09-22T09:06:48","modified_gmt":"2025-09-22T09:06:48","slug":"sicherheitsausbildung-decksleuten","status":"publish","type":"page","link":"https:\/\/www.okmaritime.nl\/de\/ausbildungen\/sicherheitsausbildung-decksleuten\/","title":{"rendered":"Sicherheitsausbildung Decksleuten"},"content":{"rendered":"\t\t<div data-elementor-type=\"wp-page\" data-elementor-id=\"6457\" class=\"elementor elementor-6457\">\n\t\t\t\t\t\t<section class=\"elementor-section elementor-top-section elementor-element elementor-element-dca44e1 elementor-section-full_width elementor-section-height-default elementor-section-height-default\" data-id=\"dca44e1\" data-element_type=\"section\" data-e-type=\"section\">\n\t\t\t\t\t\t<div class=\"elementor-container elementor-column-gap-default\">\n\t\t\t\t\t<div class=\"elementor-column elementor-col-100 elementor-top-column elementor-element elementor-element-f518dcc\" data-id=\"f518dcc\" data-element_type=\"column\" data-e-type=\"column\">\n\t\t\t<div class=\"elementor-widget-wrap elementor-element-populated\">\n\t\t\t\t\t\t<div class=\"elementor-element elementor-element-2639760 elementor-widget elementor-widget-heading\" data-id=\"2639760\" data-element_type=\"widget\" data-e-type=\"widget\" data-widget_type=\"heading.default\">\n\t\t\t\t<div class=\"elementor-widget-container\">\n\t\t\t\t\t<h2 class=\"elementor-heading-title elementor-size-default\">Sicherheitsausbildung Decksleuten<\/h2>\t\t\t\t<\/div>\n\t\t\t\t<\/div>\n\t\t\t\t<div class=\"elementor-element elementor-element-1ab776f elementor-widget elementor-widget-text-editor\" data-id=\"1ab776f\" data-element_type=\"widget\" data-e-type=\"widget\" data-widget_type=\"text-editor.default\">\n\t\t\t\t<div class=\"elementor-widget-container\">\n\t\t\t\t\t\t\t\t\t<p>Die\u00a0<b>Sicherheitsausbildung f\u00fcr Decksleuten <\/b>richtet sich an Einsteiger in die Binnenschifffahrt, die noch nie auf einem Schiff gearbeitet haben und sich der Gefahren, die die Arbeit an Bord mit sich bringen kann, nicht bewusst sind.\u00a0\u00a0<\/p><p>Einige der behandelten Themen sind:\u00a0<br \/>Verwendung von Rettungsmittel, sicheres Bewegen an Bord, umgang mit Notsituationen, Arbeiten mit Tauen und Dr\u00e4hten, Brandbek\u00e4mpfung, Gefahren durch L\u00e4rm und Verwendung von Geh\u00f6rschutz, Gefahrstoffen an Bord, Erste Hilfe.<\/p><p><i class=\"far fa-clock\" style=\"color: #b1dbdd; margin-right: 4px;\"><\/i>3 Tage (6 halbe Tage) inklusive E-Learning Modul vor dem Bordtraining<\/p>\t\t\t\t\t\t\t\t<\/div>\n\t\t\t\t<\/div>\n\t\t\t\t<div class=\"elementor-element elementor-element-f21f58d elementor-tabs-view-vertical elementor-widget elementor-widget-tabs\" data-id=\"f21f58d\" data-element_type=\"widget\" data-e-type=\"widget\" data-widget_type=\"tabs.default\">\n\t\t\t\t<div class=\"elementor-widget-container\">\n\t\t\t\t\t\t\t<div class=\"elementor-tabs\">\n\t\t\t<div class=\"elementor-tabs-wrapper\" role=\"tablist\" >\n\t\t\t\t\t\t\t\t\t<div id=\"elementor-tab-title-2531\" class=\"elementor-tab-title elementor-tab-desktop-title\" aria-selected=\"true\" data-tab=\"1\" role=\"tab\" tabindex=\"0\" aria-controls=\"elementor-tab-content-2531\" aria-expanded=\"false\">F\u00fcr wen?<\/div>\n\t\t\t\t\t\t\t\t\t<div id=\"elementor-tab-title-2532\" class=\"elementor-tab-title elementor-tab-desktop-title\" aria-selected=\"false\" data-tab=\"2\" role=\"tab\" tabindex=\"-1\" aria-controls=\"elementor-tab-content-2532\" aria-expanded=\"false\">Unterrichtsprogramm<\/div>\n\t\t\t\t\t\t\t\t\t<div id=\"elementor-tab-title-2533\" class=\"elementor-tab-title elementor-tab-desktop-title\" aria-selected=\"false\" data-tab=\"3\" role=\"tab\" tabindex=\"-1\" aria-controls=\"elementor-tab-content-2533\" aria-expanded=\"false\">G\u00fcltigkeit Zertifikat <\/div>\n\t\t\t\t\t\t\t<\/div>\n\t\t\t<div class=\"elementor-tabs-content-wrapper\" role=\"tablist\" aria-orientation=\"vertical\">\n\t\t\t\t\t\t\t\t\t<div class=\"elementor-tab-title elementor-tab-mobile-title\" aria-selected=\"true\" data-tab=\"1\" role=\"tab\" tabindex=\"0\" aria-controls=\"elementor-tab-content-2531\" aria-expanded=\"false\">F\u00fcr wen?<\/div>\n\t\t\t\t\t<div id=\"elementor-tab-content-2531\" class=\"elementor-tab-content elementor-clearfix\" data-tab=\"1\" role=\"tabpanel\" aria-labelledby=\"elementor-tab-title-2531\" tabindex=\"0\" hidden=\"false\"><p>Die <b>Sicherheitsausbildung f\u00fcr Decksleuten <\/b>richtet sich an alle, die noch nie an Bord gearbeitet haben und sich an Bord eines Schiffes bewegen.\u00a0<\/p><p>Dieses Training richtet sich ins besondere an neue Besatzungen von Schiffen, die noch kein Schifferdienstbuch f\u00fchren.\u00a0<\/p><\/div>\n\t\t\t\t\t\t\t\t\t<div class=\"elementor-tab-title elementor-tab-mobile-title\" aria-selected=\"false\" data-tab=\"2\" role=\"tab\" tabindex=\"-1\" aria-controls=\"elementor-tab-content-2532\" aria-expanded=\"false\">Unterrichtsprogramm<\/div>\n\t\t\t\t\t<div id=\"elementor-tab-content-2532\" class=\"elementor-tab-content elementor-clearfix\" data-tab=\"2\" role=\"tabpanel\" aria-labelledby=\"elementor-tab-title-2532\" tabindex=\"0\" hidden=\"hidden\"><p>Die <strong>Sicherheitsausbildung f\u00fcr Decksleuten\u00a0<\/strong>beinhaltet sowohl einen theoretischen als auch einen praktischen Teil. <br \/>Zu den Themen, die w\u00e4hrend dieses Trainings behandelt werden, geh\u00f6ren:\u00a0<\/p><ul><li>Verwendung der Rettungsmittel gegen das Ertrinken<\/li><li>Die besondere Arbeitsumgebung an Bord eines Fahrzeugs<\/li><li>Brandbek\u00e4mpfungx<\/li><li>Gefahren an Bord durch L\u00e4rm<\/li><li>Umgang mit Gefahrstoffen an Bord<\/li><li>Grundlegende Ma\u00dfnahmen der Ersten Hilfe<\/li><\/ul><p>An Bord des Schiffes wird die Theorie praktisch umgesetzt. Wir haben alle notwendigen Schulungsmateralien im Haus und verwenden in den meisten F\u00e4llen LOTUS-Opfer, mit denen verschiedene Szenarien nachgestellt werden k\u00f6nnen.\u00a0<\/p><\/div>\n\t\t\t\t\t\t\t\t\t<div class=\"elementor-tab-title elementor-tab-mobile-title\" aria-selected=\"false\" data-tab=\"3\" role=\"tab\" tabindex=\"-1\" aria-controls=\"elementor-tab-content-2533\" aria-expanded=\"false\">G\u00fcltigkeit Zertifikat <\/div>\n\t\t\t\t\t<div id=\"elementor-tab-content-2533\" class=\"elementor-tab-content elementor-clearfix\" data-tab=\"3\" role=\"tabpanel\" aria-labelledby=\"elementor-tab-title-2533\" tabindex=\"0\" hidden=\"hidden\"><p>Het met succes afsluiten van deze training geeft recht op een certificaat Eerste Hulpverlening met een <b>geldigheid van minimaal 1 jaar<\/b>.<\/p><p>Certificaten worden afgegeven in het veiligheidsboekje zoals voorgeschreven in Reglement Scheepvaart Personeel (RSP), dat door Op Koers! Maritiem wordt uitgegeven.<\/p><\/div>\n\t\t\t\t\t\t\t<\/div>\n\t\t<\/div>\n\t\t\t\t\t\t<\/div>\n\t\t\t\t<\/div>\n\t\t\t\t<div class=\"elementor-element elementor-element-648cc94 elementor-align-right elementor-mobile-align-left elementor-widget elementor-widget-button\" data-id=\"648cc94\" data-element_type=\"widget\" data-e-type=\"widget\" data-widget_type=\"button.default\">\n\t\t\t\t<div class=\"elementor-widget-container\">\n\t\t\t\t\t\t\t\t\t<div class=\"elementor-button-wrapper\">\n\t\t\t\t\t<a class=\"elementor-button elementor-button-link elementor-size-sm\" href=\"https:\/\/www.okmaritime.nl\/de\/kontakt\/?wpf4339_3=sicherheitsausbildung-decksleuten\" title=\"Sicherheitsausbildung Decksleuten\">\n\t\t\t\t\t\t<span class=\"elementor-button-content-wrapper\">\n\t\t\t\t\t\t<span class=\"elementor-button-icon\">\n\t\t\t\t<i aria-hidden=\"true\" class=\"fas fa-angle-double-right\"><\/i>\t\t\t<\/span>\n\t\t\t\t\t\t\t\t\t<span class=\"elementor-button-text\">Nehmen Sie Kontakt mit uns auf<\/span>\n\t\t\t\t\t<\/span>\n\t\t\t\t\t<\/a>\n\t\t\t\t<\/div>\n\t\t\t\t\t\t\t\t<\/div>\n\t\t\t\t<\/div>\n\t\t\t\t\t<\/div>\n\t\t<\/div>\n\t\t\t\t\t<\/div>\n\t\t<\/section>\n\t\t\t\t<\/div>\n\t\t","protected":false},"excerpt":{"rendered":"<p>Beim Training \u201eGrundlegende Sicherheit von Decksleuten\u201c werden Einsteiger in die Binnenschifffahrt ausgebildet, um die h\u00e4ufigsten Gefahren bei der Arbeit an Bord von Schiffen abzudecken und zu erkennen.<\/p>\n","protected":false},"author":1,"featured_media":5084,"parent":1790,"menu_order":4,"comment_status":"closed","ping_status":"closed","template":"","meta":{"footnotes":""},"class_list":["post-6457","page","type-page","status-publish","has-post-thumbnail","hentry"],"yoast_head":"<!-- This site is optimized with the Yoast SEO plugin v27.6 - https:\/\/yoast.com\/product\/yoast-seo-wordpress\/ -->\n<title>Sicherheitsausbildung Decksleuten<\/title>\n<meta name=\"robots\" content=\"index, follow, max-snippet:-1, max-image-preview:large, max-video-preview:-1\" \/>\n<link rel=\"canonical\" href=\"https:\/\/www.okmaritime.nl\/de\/ausbildungen\/sicherheitsausbildung-decksleuten\/\" \/>\n<meta property=\"og:locale\" content=\"de_DE\" \/>\n<meta property=\"og:locale:alternate\" content=\"en_GB\" \/>\n<meta property=\"og:locale:alternate\" content=\"nl_NL\" \/>\n<meta property=\"og:type\" content=\"article\" \/>\n<meta property=\"og:title\" content=\"Sicherheitsausbildung Decksleuten\" \/>\n<meta property=\"og:description\" content=\"Beim Training \u201eGrundlegende Sicherheit von Decksleuten\u201c werden Einsteiger in die Binnenschifffahrt ausgebildet, um die h\u00e4ufigsten Gefahren bei der Arbeit an Bord von Schiffen abzudecken und zu erkennen.\" \/>\n<meta property=\"og:url\" content=\"https:\/\/www.okmaritime.nl\/de\/ausbildungen\/sicherheitsausbildung-decksleuten\/\" \/>\n<meta property=\"og:site_name\" content=\"OK Maritime\" \/>\n<meta property=\"article:modified_time\" content=\"2025-09-22T09:06:48+00:00\" \/>\n<meta property=\"og:image\" content=\"https:\/\/www.okmaritime.nl\/wp-content\/uploads\/2021\/06\/OK-Maritime-logo.gif\" \/>\n<meta name=\"twitter:card\" content=\"summary_large_image\" \/>\n<meta name=\"twitter:image\" content=\"https:\/\/www.okmaritime.nl\/wp-content\/uploads\/2021\/06\/OK-Maritime-logo.gif\" \/>\n<meta name=\"twitter:label1\" content=\"Gesch\u00e4tzte Lesezeit\" \/>\n\t<meta name=\"twitter:data1\" content=\"1\u00a0Minute\" \/>\n<script type=\"application\/ld+json\" class=\"yoast-schema-graph\">{\"@context\":\"https:\\\/\\\/schema.org\",\"@graph\":[{\"@type\":\"WebPage\",\"@id\":\"https:\\\/\\\/www.okmaritime.nl\\\/de\\\/ausbildungen\\\/sicherheitsausbildung-decksleuten\\\/\",\"url\":\"https:\\\/\\\/www.okmaritime.nl\\\/de\\\/ausbildungen\\\/sicherheitsausbildung-decksleuten\\\/\",\"name\":\"Sicherheitsausbildung Decksleuten\",\"isPartOf\":{\"@id\":\"https:\\\/\\\/www.okmaritime.nl\\\/de\\\/#website\"},\"primaryImageOfPage\":{\"@id\":\"https:\\\/\\\/www.okmaritime.nl\\\/de\\\/ausbildungen\\\/sicherheitsausbildung-decksleuten\\\/#primaryimage\"},\"image\":{\"@id\":\"https:\\\/\\\/www.okmaritime.nl\\\/de\\\/ausbildungen\\\/sicherheitsausbildung-decksleuten\\\/#primaryimage\"},\"thumbnailUrl\":\"https:\\\/\\\/www.okmaritime.nl\\\/wp-content\\\/uploads\\\/2022\\\/02\\\/ADL-aankleden.jpg\",\"datePublished\":\"2022-08-18T11:21:20+00:00\",\"dateModified\":\"2025-09-22T09:06:48+00:00\",\"breadcrumb\":{\"@id\":\"https:\\\/\\\/www.okmaritime.nl\\\/de\\\/ausbildungen\\\/sicherheitsausbildung-decksleuten\\\/#breadcrumb\"},\"inLanguage\":\"de-DE\",\"potentialAction\":[{\"@type\":\"ReadAction\",\"target\":[\"https:\\\/\\\/www.okmaritime.nl\\\/de\\\/ausbildungen\\\/sicherheitsausbildung-decksleuten\\\/\"]}]},{\"@type\":\"ImageObject\",\"inLanguage\":\"de-DE\",\"@id\":\"https:\\\/\\\/www.okmaritime.nl\\\/de\\\/ausbildungen\\\/sicherheitsausbildung-decksleuten\\\/#primaryimage\",\"url\":\"https:\\\/\\\/www.okmaritime.nl\\\/wp-content\\\/uploads\\\/2022\\\/02\\\/ADL-aankleden.jpg\",\"contentUrl\":\"https:\\\/\\\/www.okmaritime.nl\\\/wp-content\\\/uploads\\\/2022\\\/02\\\/ADL-aankleden.jpg\",\"width\":500,\"height\":500},{\"@type\":\"BreadcrumbList\",\"@id\":\"https:\\\/\\\/www.okmaritime.nl\\\/de\\\/ausbildungen\\\/sicherheitsausbildung-decksleuten\\\/#breadcrumb\",\"itemListElement\":[{\"@type\":\"ListItem\",\"position\":1,\"name\":\"Home\",\"item\":\"https:\\\/\\\/www.okmaritime.nl\\\/de\\\/home-deutsch\\\/\"},{\"@type\":\"ListItem\",\"position\":2,\"name\":\"Ausbildungen\",\"item\":\"https:\\\/\\\/www.okmaritime.nl\\\/ausbildungen\\\/\"},{\"@type\":\"ListItem\",\"position\":3,\"name\":\"Sicherheitsausbildung Decksleuten\"}]},{\"@type\":\"WebSite\",\"@id\":\"https:\\\/\\\/www.okmaritime.nl\\\/de\\\/#website\",\"url\":\"https:\\\/\\\/www.okmaritime.nl\\\/de\\\/\",\"name\":\"OK Maritime\",\"description\":\"Ship safety advice & Nautical safety trainings\",\"publisher\":{\"@id\":\"https:\\\/\\\/www.okmaritime.nl\\\/de\\\/#organization\"},\"potentialAction\":[{\"@type\":\"SearchAction\",\"target\":{\"@type\":\"EntryPoint\",\"urlTemplate\":\"https:\\\/\\\/www.okmaritime.nl\\\/de\\\/?s={search_term_string}\"},\"query-input\":{\"@type\":\"PropertyValueSpecification\",\"valueRequired\":true,\"valueName\":\"search_term_string\"}}],\"inLanguage\":\"de-DE\"},{\"@type\":\"Organization\",\"@id\":\"https:\\\/\\\/www.okmaritime.nl\\\/de\\\/#organization\",\"name\":\"Op Koers! Maritime\",\"url\":\"https:\\\/\\\/www.okmaritime.nl\\\/de\\\/\",\"logo\":{\"@type\":\"ImageObject\",\"inLanguage\":\"de-DE\",\"@id\":\"https:\\\/\\\/www.okmaritime.nl\\\/de\\\/#\\\/schema\\\/logo\\\/image\\\/\",\"url\":\"https:\\\/\\\/www.okmaritime.nl\\\/test\\\/wp-content\\\/uploads\\\/2021\\\/10\\\/OK-AcAdemy-zonder-achtergrond-e1645719031100.png\",\"contentUrl\":\"https:\\\/\\\/www.okmaritime.nl\\\/test\\\/wp-content\\\/uploads\\\/2021\\\/10\\\/OK-AcAdemy-zonder-achtergrond-e1645719031100.png\",\"width\":150,\"height\":147,\"caption\":\"Op Koers! Maritime\"},\"image\":{\"@id\":\"https:\\\/\\\/www.okmaritime.nl\\\/de\\\/#\\\/schema\\\/logo\\\/image\\\/\"}}]}<\/script>\n<!-- \/ Yoast SEO plugin. -->","yoast_head_json":{"title":"Sicherheitsausbildung Decksleuten","robots":{"index":"index","follow":"follow","max-snippet":"max-snippet:-1","max-image-preview":"max-image-preview:large","max-video-preview":"max-video-preview:-1"},"canonical":"https:\/\/www.okmaritime.nl\/de\/ausbildungen\/sicherheitsausbildung-decksleuten\/","og_locale":"de_DE","og_type":"article","og_title":"[:nl]Sicherheitsausbildung Decksleuten[:] - OK Maritime","og_description":"Beim Training \u201eGrundlegende Sicherheit von Decksleuten\u201c werden Einsteiger in die Binnenschifffahrt ausgebildet, um die h\u00e4ufigsten Gefahren bei der Arbeit an Bord von Schiffen abzudecken und zu erkennen.","og_url":"https:\/\/www.okmaritime.nl\/de\/ausbildungen\/sicherheitsausbildung-decksleuten\/","og_site_name":"OK Maritime","article_modified_time":"2025-09-22T09:06:48+00:00","og_image":[{"url":"https:\/\/www.okmaritime.nl\/wp-content\/uploads\/2021\/06\/OK-Maritime-logo.gif","type":"","width":"","height":""}],"twitter_card":"summary_large_image","twitter_image":"https:\/\/www.okmaritime.nl\/wp-content\/uploads\/2021\/06\/OK-Maritime-logo.gif","twitter_misc":{"Gesch\u00e4tzte Lesezeit":"1\u00a0Minute"},"schema":{"@context":"https:\/\/schema.org","@graph":[{"@type":"WebPage","@id":"https:\/\/www.okmaritime.nl\/de\/ausbildungen\/sicherheitsausbildung-decksleuten\/","url":"https:\/\/www.okmaritime.nl\/de\/ausbildungen\/sicherheitsausbildung-decksleuten\/","name":"Sicherheitsausbildung Decksleuten","isPartOf":{"@id":"https:\/\/www.okmaritime.nl\/de\/#website"},"primaryImageOfPage":{"@id":"https:\/\/www.okmaritime.nl\/de\/ausbildungen\/sicherheitsausbildung-decksleuten\/#primaryimage"},"image":{"@id":"https:\/\/www.okmaritime.nl\/de\/ausbildungen\/sicherheitsausbildung-decksleuten\/#primaryimage"},"thumbnailUrl":"https:\/\/www.okmaritime.nl\/wp-content\/uploads\/2022\/02\/ADL-aankleden.jpg","datePublished":"2022-08-18T11:21:20+00:00","dateModified":"2025-09-22T09:06:48+00:00","breadcrumb":{"@id":"https:\/\/www.okmaritime.nl\/de\/ausbildungen\/sicherheitsausbildung-decksleuten\/#breadcrumb"},"inLanguage":"de-DE","potentialAction":[{"@type":"ReadAction","target":["https:\/\/www.okmaritime.nl\/de\/ausbildungen\/sicherheitsausbildung-decksleuten\/"]}]},{"@type":"ImageObject","inLanguage":"de-DE","@id":"https:\/\/www.okmaritime.nl\/de\/ausbildungen\/sicherheitsausbildung-decksleuten\/#primaryimage","url":"https:\/\/www.okmaritime.nl\/wp-content\/uploads\/2022\/02\/ADL-aankleden.jpg","contentUrl":"https:\/\/www.okmaritime.nl\/wp-content\/uploads\/2022\/02\/ADL-aankleden.jpg","width":500,"height":500},{"@type":"BreadcrumbList","@id":"https:\/\/www.okmaritime.nl\/de\/ausbildungen\/sicherheitsausbildung-decksleuten\/#breadcrumb","itemListElement":[{"@type":"ListItem","position":1,"name":"Home","item":"https:\/\/www.okmaritime.nl\/de\/home-deutsch\/"},{"@type":"ListItem","position":2,"name":"Ausbildungen","item":"https:\/\/www.okmaritime.nl\/ausbildungen\/"},{"@type":"ListItem","position":3,"name":"Sicherheitsausbildung Decksleuten"}]},{"@type":"WebSite","@id":"https:\/\/www.okmaritime.nl\/de\/#website","url":"https:\/\/www.okmaritime.nl\/de\/","name":"OK Maritime","description":"Ship safety advice & Nautical safety trainings","publisher":{"@id":"https:\/\/www.okmaritime.nl\/de\/#organization"},"potentialAction":[{"@type":"SearchAction","target":{"@type":"EntryPoint","urlTemplate":"https:\/\/www.okmaritime.nl\/de\/?s={search_term_string}"},"query-input":{"@type":"PropertyValueSpecification","valueRequired":true,"valueName":"search_term_string"}}],"inLanguage":"de-DE"},{"@type":"Organization","@id":"https:\/\/www.okmaritime.nl\/de\/#organization","name":"Op Koers! Maritime","url":"https:\/\/www.okmaritime.nl\/de\/","logo":{"@type":"ImageObject","inLanguage":"de-DE","@id":"https:\/\/www.okmaritime.nl\/de\/#\/schema\/logo\/image\/","url":"https:\/\/www.okmaritime.nl\/test\/wp-content\/uploads\/2021\/10\/OK-AcAdemy-zonder-achtergrond-e1645719031100.png","contentUrl":"https:\/\/www.okmaritime.nl\/test\/wp-content\/uploads\/2021\/10\/OK-AcAdemy-zonder-achtergrond-e1645719031100.png","width":150,"height":147,"caption":"Op Koers! Maritime"},"image":{"@id":"https:\/\/www.okmaritime.nl\/de\/#\/schema\/logo\/image\/"}}]}},"_links":{"self":[{"href":"https:\/\/www.okmaritime.nl\/de\/wp-json\/wp\/v2\/pages\/6457","targetHints":{"allow":["GET"]}}],"collection":[{"href":"https:\/\/www.okmaritime.nl\/de\/wp-json\/wp\/v2\/pages"}],"about":[{"href":"https:\/\/www.okmaritime.nl\/de\/wp-json\/wp\/v2\/types\/page"}],"author":[{"embeddable":true,"href":"https:\/\/www.okmaritime.nl\/de\/wp-json\/wp\/v2\/users\/1"}],"replies":[{"embeddable":true,"href":"https:\/\/www.okmaritime.nl\/de\/wp-json\/wp\/v2\/comments?post=6457"}],"version-history":[{"count":30,"href":"https:\/\/www.okmaritime.nl\/de\/wp-json\/wp\/v2\/pages\/6457\/revisions"}],"predecessor-version":[{"id":6600,"href":"https:\/\/www.okmaritime.nl\/de\/wp-json\/wp\/v2\/pages\/6457\/revisions\/6600"}],"up":[{"embeddable":true,"href":"https:\/\/www.okmaritime.nl\/de\/wp-json\/wp\/v2\/pages\/1790"}],"wp:featuredmedia":[{"embeddable":true,"href":"https:\/\/www.okmaritime.nl\/de\/wp-json\/wp\/v2\/media\/5084"}],"wp:attachment":[{"href":"https:\/\/www.okmaritime.nl\/de\/wp-json\/wp\/v2\/media?parent=6457"}],"curies":[{"name":"wp","href":"https:\/\/api.w.org\/{rel}","templated":true}]}}