{"id":1861,"date":"2021-06-21T13:36:23","date_gmt":"2021-06-21T13:36:23","guid":{"rendered":"https:\/\/www.okmaritime.nl\/test\/?page_id=1861"},"modified":"2025-09-22T09:07:04","modified_gmt":"2025-09-22T09:07:04","slug":"e-learning-de","status":"publish","type":"page","link":"https:\/\/www.okmaritime.nl\/de\/ausbildungen\/e-learning-de\/","title":{"rendered":"E-learning"},"content":{"rendered":"\t\t<div data-elementor-type=\"wp-page\" data-elementor-id=\"1861\" class=\"elementor elementor-1861\">\n\t\t\t\t\t\t<section class=\"elementor-section elementor-top-section elementor-element elementor-element-84120ee elementor-section-full_width elementor-section-height-default elementor-section-height-default\" data-id=\"84120ee\" data-element_type=\"section\" data-e-type=\"section\">\n\t\t\t\t\t\t<div class=\"elementor-container elementor-column-gap-default\">\n\t\t\t\t\t<div class=\"elementor-column elementor-col-100 elementor-top-column elementor-element elementor-element-3f946e7\" data-id=\"3f946e7\" data-element_type=\"column\" data-e-type=\"column\">\n\t\t\t<div class=\"elementor-widget-wrap elementor-element-populated\">\n\t\t\t\t\t\t<div class=\"elementor-element elementor-element-4bca6f3 elementor-widget elementor-widget-heading\" data-id=\"4bca6f3\" data-element_type=\"widget\" data-e-type=\"widget\" data-widget_type=\"heading.default\">\n\t\t\t\t<div class=\"elementor-widget-container\">\n\t\t\t\t\t<h2 class=\"elementor-heading-title elementor-size-default\">E-learning <\/h2>\t\t\t\t<\/div>\n\t\t\t\t<\/div>\n\t\t\t\t<div class=\"elementor-element elementor-element-471bc5e elementor-widget elementor-widget-text-editor\" data-id=\"471bc5e\" data-element_type=\"widget\" data-e-type=\"widget\" data-widget_type=\"text-editor.default\">\n\t\t\t\t<div class=\"elementor-widget-container\">\n\t\t\t\t\t\t\t\t\t<p>Dadurch das Op Koers! Maritiem viel Zeit investiert in Innovation, k\u00f6nnen wir sowohl die Trainingsinhalte als auch die Ausf\u00fchrung kontinuierlich verbessern und umsetzen, seit wir seit 2019 Online-Module anbieten.<\/p><p>Dazu wurde die<strong> OK-Akademie<\/strong> komplett im eigenen Haus aufgesetzt, in der nun E-Learning-Module zu den Kursen &#8222;Erste Hilfe\u201c, &#8222;Atemlufttragen\u201c, &#8222;Sachkundige Fahrgastschifffahrt&#8220; und &#8222;Brandbek\u00e4mpfung&#8220; zu finden sind in den Sprachen Niederl\u00e4ndisch, Englisch und Deutsch.<\/p><p>Das erfolgreiche Resultat und Absolvieren des E-Learning-Moduls verk\u00fcrzt die theoretische Ausbildungszeit, so dass mehr Zeit f\u00fcr die Praxis aufgewendet werden kann und Ausbildungstage effizienter geplant werden k\u00f6nnen.<\/p>\t\t\t\t\t\t\t\t<\/div>\n\t\t\t\t<\/div>\n\t\t\t\t<div class=\"elementor-element elementor-element-dd3aeda elementor-tabs-view-vertical elementor-widget elementor-widget-tabs\" data-id=\"dd3aeda\" data-element_type=\"widget\" data-e-type=\"widget\" data-widget_type=\"tabs.default\">\n\t\t\t\t<div class=\"elementor-widget-container\">\n\t\t\t\t\t\t\t<div class=\"elementor-tabs\">\n\t\t\t<div class=\"elementor-tabs-wrapper\" role=\"tablist\" >\n\t\t\t\t\t\t\t\t\t<div id=\"elementor-tab-title-2311\" class=\"elementor-tab-title elementor-tab-desktop-title\" aria-selected=\"true\" data-tab=\"1\" role=\"tab\" tabindex=\"0\" aria-controls=\"elementor-tab-content-2311\" aria-expanded=\"false\">F\u00fcr wen?<\/div>\n\t\t\t\t\t\t\t\t\t<div id=\"elementor-tab-title-2312\" class=\"elementor-tab-title elementor-tab-desktop-title\" aria-selected=\"false\" data-tab=\"2\" role=\"tab\" tabindex=\"-1\" aria-controls=\"elementor-tab-content-2312\" aria-expanded=\"false\">Unterrichtsprogramm<\/div>\n\t\t\t\t\t\t\t\t\t<div id=\"elementor-tab-title-2313\" class=\"elementor-tab-title elementor-tab-desktop-title\" aria-selected=\"false\" data-tab=\"3\" role=\"tab\" tabindex=\"-1\" aria-controls=\"elementor-tab-content-2313\" aria-expanded=\"false\">Bedingungen<\/div>\n\t\t\t\t\t\t\t<\/div>\n\t\t\t<div class=\"elementor-tabs-content-wrapper\" role=\"tablist\" aria-orientation=\"vertical\">\n\t\t\t\t\t\t\t\t\t<div class=\"elementor-tab-title elementor-tab-mobile-title\" aria-selected=\"true\" data-tab=\"1\" role=\"tab\" tabindex=\"0\" aria-controls=\"elementor-tab-content-2311\" aria-expanded=\"false\">F\u00fcr wen?<\/div>\n\t\t\t\t\t<div id=\"elementor-tab-content-2311\" class=\"elementor-tab-content elementor-clearfix\" data-tab=\"1\" role=\"tabpanel\" aria-labelledby=\"elementor-tab-title-2311\" tabindex=\"0\" hidden=\"false\"><p>E-Learning-Module sind online \u00fcber die OK Academy f\u00fcr alle Basisteilnehmer der Kurse &#8222;Erste Hilfe&#8220;, &#8222;Atemlufttr\u00e4ger&#8220;, &#8222;Sachkundige Fahrgastschifffahrt&#8220; und &#8222;Brandbek\u00e4mpfung&#8220; verf\u00fcgbar. <\/p><\/div>\n\t\t\t\t\t\t\t\t\t<div class=\"elementor-tab-title elementor-tab-mobile-title\" aria-selected=\"false\" data-tab=\"2\" role=\"tab\" tabindex=\"-1\" aria-controls=\"elementor-tab-content-2312\" aria-expanded=\"false\">Unterrichtsprogramm<\/div>\n\t\t\t\t\t<div id=\"elementor-tab-content-2312\" class=\"elementor-tab-content elementor-clearfix\" data-tab=\"2\" role=\"tabpanel\" aria-labelledby=\"elementor-tab-title-2312\" tabindex=\"0\" hidden=\"hidden\"><p>Das<strong> E-Learning-Modul<\/strong> dient der theoretischen Vorbereitung auf das Training an Bord. <\/p><p>Zweck des E-Learnings vor dem Training an Bord ist es, das theoretische Wissen vorab zu verinnerlichen, sodass der Schwerpunkt vor Ort auf praktischen \u00dcbungen und einer kurzen Wiederholung des E-Learning-Moduls liegt. Durch eine anspruchsvolle Art der Pr\u00e4sentation, Frage-Antwort-Aufgaben und unterst\u00fctzendes Videomaterial kann der Teilnehmer dem Lehrstoff auf interessante und interaktive Weise folgen.<\/p><\/div>\n\t\t\t\t\t\t\t\t\t<div class=\"elementor-tab-title elementor-tab-mobile-title\" aria-selected=\"false\" data-tab=\"3\" role=\"tab\" tabindex=\"-1\" aria-controls=\"elementor-tab-content-2313\" aria-expanded=\"false\">Bedingungen<\/div>\n\t\t\t\t\t<div id=\"elementor-tab-content-2313\" class=\"elementor-tab-content elementor-clearfix\" data-tab=\"3\" role=\"tabpanel\" aria-labelledby=\"elementor-tab-title-2313\" tabindex=\"0\" hidden=\"hidden\"><p>Die Teilnahme und der erfolgreiche Abschluss des E-Learning-Moduls werden aktiv \u00fcberwacht. <\/p><p>Hat der Teilnehmer das E-Learning-Modul vor dem Training an Bord nicht oder nur teilweise absolviert, kann er nicht an der verk\u00fcrzten Grundausbildung teilnehmen.<\/p><\/div>\n\t\t\t\t\t\t\t<\/div>\n\t\t<\/div>\n\t\t\t\t\t\t<\/div>\n\t\t\t\t<\/div>\n\t\t\t\t<div class=\"elementor-element elementor-element-9bfac5c elementor-align-right elementor-mobile-align-left elementor-widget elementor-widget-button\" data-id=\"9bfac5c\" data-element_type=\"widget\" data-e-type=\"widget\" data-widget_type=\"button.default\">\n\t\t\t\t<div class=\"elementor-widget-container\">\n\t\t\t\t\t\t\t\t\t<div class=\"elementor-button-wrapper\">\n\t\t\t\t\t<a class=\"elementor-button elementor-button-link elementor-size-sm\" href=\"https:\/\/www.okmaritime.nl\/test\/de\/kontakt\/?wpf4339_3=e-learning\" title=\"Information \u00fcber E-learning anfragen\" id=\"privacy-verklaring\">\n\t\t\t\t\t\t<span class=\"elementor-button-content-wrapper\">\n\t\t\t\t\t\t<span class=\"elementor-button-icon\">\n\t\t\t\t<i aria-hidden=\"true\" class=\"fas fa-angle-double-right\"><\/i>\t\t\t<\/span>\n\t\t\t\t\t\t\t\t\t<span class=\"elementor-button-text\">Information \u00fcber E-learning anfragen<\/span>\n\t\t\t\t\t<\/span>\n\t\t\t\t\t<\/a>\n\t\t\t\t<\/div>\n\t\t\t\t\t\t\t\t<\/div>\n\t\t\t\t<\/div>\n\t\t\t\t\t<\/div>\n\t\t<\/div>\n\t\t\t\t\t<\/div>\n\t\t<\/section>\n\t\t\t\t<\/div>\n\t\t","protected":false},"excerpt":{"rendered":"<p>E-learning Dadurch das Op Koers! Maritiem viel Zeit investiert in Innovation, k\u00f6nnen wir sowohl die Trainingsinhalte als auch die Ausf\u00fchrung kontinuierlich verbessern und umsetzen, seit wir seit 2019 Online-Module anbieten. &#8230;<\/p>\n","protected":false},"author":1,"featured_media":0,"parent":1790,"menu_order":6,"comment_status":"closed","ping_status":"closed","template":"","meta":{"footnotes":""},"class_list":["post-1861","page","type-page","status-publish","hentry"],"yoast_head":"<!-- This site is optimized with the Yoast SEO plugin v27.5 - https:\/\/yoast.com\/product\/yoast-seo-wordpress\/ -->\n<title>E-learning<\/title>\n<meta name=\"robots\" content=\"index, follow, max-snippet:-1, max-image-preview:large, max-video-preview:-1\" \/>\n<link rel=\"canonical\" href=\"https:\/\/www.okmaritime.nl\/de\/ausbildungen\/e-learning-de\/\" \/>\n<meta property=\"og:locale\" content=\"de_DE\" \/>\n<meta property=\"og:locale:alternate\" content=\"en_GB\" \/>\n<meta property=\"og:locale:alternate\" content=\"nl_NL\" \/>\n<meta property=\"og:type\" content=\"article\" \/>\n<meta property=\"og:title\" content=\"E-learning\" \/>\n<meta property=\"og:description\" content=\"E-learning Dadurch das Op Koers! Maritiem viel Zeit investiert in Innovation, k\u00f6nnen wir sowohl die Trainingsinhalte als auch die Ausf\u00fchrung kontinuierlich verbessern und umsetzen, seit wir seit 2019 Online-Module anbieten. ...\" \/>\n<meta property=\"og:url\" content=\"https:\/\/www.okmaritime.nl\/de\/ausbildungen\/e-learning-de\/\" \/>\n<meta property=\"og:site_name\" content=\"OK Maritime\" \/>\n<meta property=\"article:modified_time\" content=\"2025-09-22T09:07:04+00:00\" \/>\n<meta name=\"twitter:card\" content=\"summary_large_image\" \/>\n<meta name=\"twitter:label1\" content=\"Gesch\u00e4tzte Lesezeit\" \/>\n\t<meta name=\"twitter:data1\" content=\"2\u00a0Minuten\" \/>\n<script type=\"application\/ld+json\" class=\"yoast-schema-graph\">{\"@context\":\"https:\\\/\\\/schema.org\",\"@graph\":[{\"@type\":\"WebPage\",\"@id\":\"https:\\\/\\\/www.okmaritime.nl\\\/de\\\/ausbildungen\\\/e-learning-de\\\/\",\"url\":\"https:\\\/\\\/www.okmaritime.nl\\\/de\\\/ausbildungen\\\/e-learning-de\\\/\",\"name\":\"E-learning\",\"isPartOf\":{\"@id\":\"https:\\\/\\\/www.okmaritime.nl\\\/de\\\/#website\"},\"datePublished\":\"2021-06-21T13:36:23+00:00\",\"dateModified\":\"2025-09-22T09:07:04+00:00\",\"breadcrumb\":{\"@id\":\"https:\\\/\\\/www.okmaritime.nl\\\/de\\\/ausbildungen\\\/e-learning-de\\\/#breadcrumb\"},\"inLanguage\":\"de-DE\",\"potentialAction\":[{\"@type\":\"ReadAction\",\"target\":[\"https:\\\/\\\/www.okmaritime.nl\\\/de\\\/ausbildungen\\\/e-learning-de\\\/\"]}]},{\"@type\":\"BreadcrumbList\",\"@id\":\"https:\\\/\\\/www.okmaritime.nl\\\/de\\\/ausbildungen\\\/e-learning-de\\\/#breadcrumb\",\"itemListElement\":[{\"@type\":\"ListItem\",\"position\":1,\"name\":\"Home\",\"item\":\"https:\\\/\\\/www.okmaritime.nl\\\/de\\\/home-deutsch\\\/\"},{\"@type\":\"ListItem\",\"position\":2,\"name\":\"Ausbildungen\",\"item\":\"https:\\\/\\\/www.okmaritime.nl\\\/ausbildungen\\\/\"},{\"@type\":\"ListItem\",\"position\":3,\"name\":\"E-learning\"}]},{\"@type\":\"WebSite\",\"@id\":\"https:\\\/\\\/www.okmaritime.nl\\\/de\\\/#website\",\"url\":\"https:\\\/\\\/www.okmaritime.nl\\\/de\\\/\",\"name\":\"OK Maritime\",\"description\":\"Ship safety advice & Nautical safety trainings\",\"publisher\":{\"@id\":\"https:\\\/\\\/www.okmaritime.nl\\\/de\\\/#organization\"},\"potentialAction\":[{\"@type\":\"SearchAction\",\"target\":{\"@type\":\"EntryPoint\",\"urlTemplate\":\"https:\\\/\\\/www.okmaritime.nl\\\/de\\\/?s={search_term_string}\"},\"query-input\":{\"@type\":\"PropertyValueSpecification\",\"valueRequired\":true,\"valueName\":\"search_term_string\"}}],\"inLanguage\":\"de-DE\"},{\"@type\":\"Organization\",\"@id\":\"https:\\\/\\\/www.okmaritime.nl\\\/de\\\/#organization\",\"name\":\"Op Koers! Maritime\",\"url\":\"https:\\\/\\\/www.okmaritime.nl\\\/de\\\/\",\"logo\":{\"@type\":\"ImageObject\",\"inLanguage\":\"de-DE\",\"@id\":\"https:\\\/\\\/www.okmaritime.nl\\\/de\\\/#\\\/schema\\\/logo\\\/image\\\/\",\"url\":\"https:\\\/\\\/www.okmaritime.nl\\\/test\\\/wp-content\\\/uploads\\\/2021\\\/10\\\/OK-AcAdemy-zonder-achtergrond-e1645719031100.png\",\"contentUrl\":\"https:\\\/\\\/www.okmaritime.nl\\\/test\\\/wp-content\\\/uploads\\\/2021\\\/10\\\/OK-AcAdemy-zonder-achtergrond-e1645719031100.png\",\"width\":150,\"height\":147,\"caption\":\"Op Koers! Maritime\"},\"image\":{\"@id\":\"https:\\\/\\\/www.okmaritime.nl\\\/de\\\/#\\\/schema\\\/logo\\\/image\\\/\"}}]}<\/script>\n<!-- \/ Yoast SEO plugin. -->","yoast_head_json":{"title":"E-learning","robots":{"index":"index","follow":"follow","max-snippet":"max-snippet:-1","max-image-preview":"max-image-preview:large","max-video-preview":"max-video-preview:-1"},"canonical":"https:\/\/www.okmaritime.nl\/de\/ausbildungen\/e-learning-de\/","og_locale":"de_DE","og_type":"article","og_title":"[:en]E-learning[:nl]E-learning[:] - OK Maritime","og_description":"E-learning Dadurch das Op Koers! Maritiem viel Zeit investiert in Innovation, k\u00f6nnen wir sowohl die Trainingsinhalte als auch die Ausf\u00fchrung kontinuierlich verbessern und umsetzen, seit wir seit 2019 Online-Module anbieten. ...","og_url":"https:\/\/www.okmaritime.nl\/de\/ausbildungen\/e-learning-de\/","og_site_name":"OK Maritime","article_modified_time":"2025-09-22T09:07:04+00:00","twitter_card":"summary_large_image","twitter_misc":{"Gesch\u00e4tzte Lesezeit":"2\u00a0Minuten"},"schema":{"@context":"https:\/\/schema.org","@graph":[{"@type":"WebPage","@id":"https:\/\/www.okmaritime.nl\/de\/ausbildungen\/e-learning-de\/","url":"https:\/\/www.okmaritime.nl\/de\/ausbildungen\/e-learning-de\/","name":"E-learning","isPartOf":{"@id":"https:\/\/www.okmaritime.nl\/de\/#website"},"datePublished":"2021-06-21T13:36:23+00:00","dateModified":"2025-09-22T09:07:04+00:00","breadcrumb":{"@id":"https:\/\/www.okmaritime.nl\/de\/ausbildungen\/e-learning-de\/#breadcrumb"},"inLanguage":"de-DE","potentialAction":[{"@type":"ReadAction","target":["https:\/\/www.okmaritime.nl\/de\/ausbildungen\/e-learning-de\/"]}]},{"@type":"BreadcrumbList","@id":"https:\/\/www.okmaritime.nl\/de\/ausbildungen\/e-learning-de\/#breadcrumb","itemListElement":[{"@type":"ListItem","position":1,"name":"Home","item":"https:\/\/www.okmaritime.nl\/de\/home-deutsch\/"},{"@type":"ListItem","position":2,"name":"Ausbildungen","item":"https:\/\/www.okmaritime.nl\/ausbildungen\/"},{"@type":"ListItem","position":3,"name":"E-learning"}]},{"@type":"WebSite","@id":"https:\/\/www.okmaritime.nl\/de\/#website","url":"https:\/\/www.okmaritime.nl\/de\/","name":"OK Maritime","description":"Ship safety advice & Nautical safety trainings","publisher":{"@id":"https:\/\/www.okmaritime.nl\/de\/#organization"},"potentialAction":[{"@type":"SearchAction","target":{"@type":"EntryPoint","urlTemplate":"https:\/\/www.okmaritime.nl\/de\/?s={search_term_string}"},"query-input":{"@type":"PropertyValueSpecification","valueRequired":true,"valueName":"search_term_string"}}],"inLanguage":"de-DE"},{"@type":"Organization","@id":"https:\/\/www.okmaritime.nl\/de\/#organization","name":"Op Koers! Maritime","url":"https:\/\/www.okmaritime.nl\/de\/","logo":{"@type":"ImageObject","inLanguage":"de-DE","@id":"https:\/\/www.okmaritime.nl\/de\/#\/schema\/logo\/image\/","url":"https:\/\/www.okmaritime.nl\/test\/wp-content\/uploads\/2021\/10\/OK-AcAdemy-zonder-achtergrond-e1645719031100.png","contentUrl":"https:\/\/www.okmaritime.nl\/test\/wp-content\/uploads\/2021\/10\/OK-AcAdemy-zonder-achtergrond-e1645719031100.png","width":150,"height":147,"caption":"Op Koers! Maritime"},"image":{"@id":"https:\/\/www.okmaritime.nl\/de\/#\/schema\/logo\/image\/"}}]}},"_links":{"self":[{"href":"https:\/\/www.okmaritime.nl\/de\/wp-json\/wp\/v2\/pages\/1861","targetHints":{"allow":["GET"]}}],"collection":[{"href":"https:\/\/www.okmaritime.nl\/de\/wp-json\/wp\/v2\/pages"}],"about":[{"href":"https:\/\/www.okmaritime.nl\/de\/wp-json\/wp\/v2\/types\/page"}],"author":[{"embeddable":true,"href":"https:\/\/www.okmaritime.nl\/de\/wp-json\/wp\/v2\/users\/1"}],"replies":[{"embeddable":true,"href":"https:\/\/www.okmaritime.nl\/de\/wp-json\/wp\/v2\/comments?post=1861"}],"version-history":[{"count":44,"href":"https:\/\/www.okmaritime.nl\/de\/wp-json\/wp\/v2\/pages\/1861\/revisions"}],"predecessor-version":[{"id":6388,"href":"https:\/\/www.okmaritime.nl\/de\/wp-json\/wp\/v2\/pages\/1861\/revisions\/6388"}],"up":[{"embeddable":true,"href":"https:\/\/www.okmaritime.nl\/de\/wp-json\/wp\/v2\/pages\/1790"}],"wp:attachment":[{"href":"https:\/\/www.okmaritime.nl\/de\/wp-json\/wp\/v2\/media?parent=1861"}],"curies":[{"name":"wp","href":"https:\/\/api.w.org\/{rel}","templated":true}]}}