{"id":1853,"date":"2021-06-21T13:31:55","date_gmt":"2021-06-21T13:31:55","guid":{"rendered":"https:\/\/www.okmaritime.nl\/test\/?page_id=1853"},"modified":"2025-09-22T09:06:31","modified_gmt":"2025-09-22T09:06:31","slug":"sachkundiger-training-fahrgastschifffahrt","status":"publish","type":"page","link":"https:\/\/www.okmaritime.nl\/de\/ausbildungen\/sachkundiger-training-fahrgastschifffahrt\/","title":{"rendered":"Sachkunde Fahrgastschifffahrt"},"content":{"rendered":"\t\t<div data-elementor-type=\"wp-page\" data-elementor-id=\"1853\" class=\"elementor elementor-1853\">\n\t\t\t\t\t\t<section class=\"elementor-section elementor-top-section elementor-element elementor-element-ef01218 elementor-section-full_width elementor-section-height-default elementor-section-height-default\" data-id=\"ef01218\" data-element_type=\"section\" data-e-type=\"section\">\n\t\t\t\t\t\t<div class=\"elementor-container elementor-column-gap-default\">\n\t\t\t\t\t<div class=\"elementor-column elementor-col-100 elementor-top-column elementor-element elementor-element-467ffb6\" data-id=\"467ffb6\" data-element_type=\"column\" data-e-type=\"column\">\n\t\t\t<div class=\"elementor-widget-wrap elementor-element-populated\">\n\t\t\t\t\t\t<div class=\"elementor-element elementor-element-0523819 elementor-widget elementor-widget-heading\" data-id=\"0523819\" data-element_type=\"widget\" data-e-type=\"widget\" data-widget_type=\"heading.default\">\n\t\t\t\t<div class=\"elementor-widget-container\">\n\t\t\t\t\t<h2 class=\"elementor-heading-title elementor-size-default\">Basis Sachkunde Training Fahrgastschifffahrt<\/h2>\t\t\t\t<\/div>\n\t\t\t\t<\/div>\n\t\t\t\t<div class=\"elementor-element elementor-element-0f93583 elementor-widget elementor-widget-text-editor\" data-id=\"0f93583\" data-element_type=\"widget\" data-e-type=\"widget\" data-widget_type=\"text-editor.default\">\n\t\t\t\t<div class=\"elementor-widget-container\">\n\t\t\t\t\t\t\t\t\t<p>Das Fachwissen des Experten f\u00fcr die Fahrgastschifffahrt ist unerl\u00e4sslich, um Notf\u00e4lle zu bew\u00e4ltigen und Verletzungen, Umweltsch\u00e4den oder den Verlust des Schiffes zu verhindern. Der Experte hat das meiste Wissen \u00fcber die Sicherheitsausr\u00fcstung an Bord und unterst\u00fctzt den Kapit\u00e4n dabei, den Wartungszustand dieser Ausr\u00fcstung aufrechtzuerhalten. <\/p><p>Am <strong>Grundausbildung Sachkunde Fahrgastschiffahrt<\/strong> k\u00f6nnen sowohl Besatzungsmitglieder als auch Bordpersonal teilnehmen, die vom Kapit\u00e4n benannt werden, um die in der Schifffahrtspersonalverordnung (RSP) und den ES-QIN Kompetenzanforderungen festgelegten Sicherheitsaufgaben wahrzunehmen.<\/p><p><i class=\"far fa-clock\" style=\"color: #b1dbdd; margin-right: 4px;\"><\/i> 2 Tage (4 halbe Tage) inkl. E-Learning-Modul vor dem Bordtraining<\/p>\t\t\t\t\t\t\t\t<\/div>\n\t\t\t\t<\/div>\n\t\t\t\t<div class=\"elementor-element elementor-element-d136ce5 elementor-tabs-view-vertical elementor-widget elementor-widget-tabs\" data-id=\"d136ce5\" data-element_type=\"widget\" data-e-type=\"widget\" data-widget_type=\"tabs.default\">\n\t\t\t\t<div class=\"elementor-widget-container\">\n\t\t\t\t\t\t\t<div class=\"elementor-tabs\">\n\t\t\t<div class=\"elementor-tabs-wrapper\" role=\"tablist\" >\n\t\t\t\t\t\t\t\t\t<div id=\"elementor-tab-title-2191\" class=\"elementor-tab-title elementor-tab-desktop-title\" aria-selected=\"true\" data-tab=\"1\" role=\"tab\" tabindex=\"0\" aria-controls=\"elementor-tab-content-2191\" aria-expanded=\"false\">F\u00fcr wen?<\/div>\n\t\t\t\t\t\t\t\t\t<div id=\"elementor-tab-title-2192\" class=\"elementor-tab-title elementor-tab-desktop-title\" aria-selected=\"false\" data-tab=\"2\" role=\"tab\" tabindex=\"-1\" aria-controls=\"elementor-tab-content-2192\" aria-expanded=\"false\">Unterrichtsprogramm<\/div>\n\t\t\t\t\t\t\t\t\t<div id=\"elementor-tab-title-2193\" class=\"elementor-tab-title elementor-tab-desktop-title\" aria-selected=\"false\" data-tab=\"3\" role=\"tab\" tabindex=\"-1\" aria-controls=\"elementor-tab-content-2193\" aria-expanded=\"false\">G\u00fcltigkeit Zertifikat<\/div>\n\t\t\t\t\t\t\t<\/div>\n\t\t\t<div class=\"elementor-tabs-content-wrapper\" role=\"tablist\" aria-orientation=\"vertical\">\n\t\t\t\t\t\t\t\t\t<div class=\"elementor-tab-title elementor-tab-mobile-title\" aria-selected=\"true\" data-tab=\"1\" role=\"tab\" tabindex=\"0\" aria-controls=\"elementor-tab-content-2191\" aria-expanded=\"false\">F\u00fcr wen?<\/div>\n\t\t\t\t\t<div id=\"elementor-tab-content-2191\" class=\"elementor-tab-content elementor-clearfix\" data-tab=\"1\" role=\"tabpanel\" aria-labelledby=\"elementor-tab-title-2191\" tabindex=\"0\" hidden=\"false\"><p>Das <strong>Grundausbildung Sachkunde Fahrgastschiffahrt<\/strong> richtet sich an Besatzungsmitglieder, die mit sicherheitsrelevanten Aufsichtsaufgaben betraut sind. <\/p><p>Konkret handelt es sich um Personen, die an Bord F\u00fchrungsaufgaben wahrnehmen.<\/p><p>Die Theorie wird praktisch durch Pr\u00e4sentationen, Aufgaben, \u00dcbungen und Instruktionen ge\u00fcbt, in denen die Kompetenzen \u00fcberpr\u00fcft werden.<\/p><p>Daf\u00fcr haben wir alle notwendigen Schulungsmaterialien im Haus unter eigener Leitung.<\/p><\/div>\n\t\t\t\t\t\t\t\t\t<div class=\"elementor-tab-title elementor-tab-mobile-title\" aria-selected=\"false\" data-tab=\"2\" role=\"tab\" tabindex=\"-1\" aria-controls=\"elementor-tab-content-2192\" aria-expanded=\"false\">Unterrichtsprogramm<\/div>\n\t\t\t\t\t<div id=\"elementor-tab-content-2192\" class=\"elementor-tab-content elementor-clearfix\" data-tab=\"2\" role=\"tabpanel\" aria-labelledby=\"elementor-tab-title-2192\" tabindex=\"0\" hidden=\"hidden\"><p>Das<strong> Training Sachkunde Fahrgastschifffahrt<\/strong> beinhaltet sowohl einen theoretischen als auch einen praktischen Teil, in dem die Kompetenzen nach den geltenden Vorschriften gepr\u00fcft werden. <\/p><p>Zu den Themen, die w\u00e4hrend dieser Schulung behandelt werden, geh\u00f6ren:<\/p><ul><li>Gesetze und Richtlinien<\/li><li>Stabilit\u00e4tsgrundlagen<\/li><li>Erl\u00e4uterung der vorgeschriebenen Sicherheitsausr\u00fcstung an Bord<\/li><li>Erkl\u00e4rung zur Wartung und Pr\u00fcfung der an Bord vorhandenen<\/li><li>Sicherheitsausr\u00fcstung<\/li><li>Sicherer Umgang mit Feuerbek\u00e4mpfung- und Rettungsger\u00e4ten<\/li><li>Unterweisung der betroffenen Verantwortlichen<\/li><li>Kommunikation in Notsituationen<\/li><li>Panik vorbeugen und reduzieren<\/li><\/ul><\/div>\n\t\t\t\t\t\t\t\t\t<div class=\"elementor-tab-title elementor-tab-mobile-title\" aria-selected=\"false\" data-tab=\"3\" role=\"tab\" tabindex=\"-1\" aria-controls=\"elementor-tab-content-2193\" aria-expanded=\"false\">G\u00fcltigkeit Zertifikat<\/div>\n\t\t\t\t\t<div id=\"elementor-tab-content-2193\" class=\"elementor-tab-content elementor-clearfix\" data-tab=\"3\" role=\"tabpanel\" aria-labelledby=\"elementor-tab-title-2193\" tabindex=\"0\" hidden=\"hidden\"><p>Der erfolgreiche Abschluss dieses Trainings berechtigt Sie zu einem Zertifikat \u201eSachkundige Fahrgastschifffahrt\u201c mit einer G\u00fcltigkeit von 5 Jahren. <\/p><p>Zertifikate werden im Sicherheitsbuch ausgestellt, wie es in den Schifffahrtsvorschriften f\u00fcr Personal (RSP) vorgeschrieben ist, das von Op Koers! Maritiem herausgegeben wird.<\/p><\/div>\n\t\t\t\t\t\t\t<\/div>\n\t\t<\/div>\n\t\t\t\t\t\t<\/div>\n\t\t\t\t<\/div>\n\t\t\t\t<div class=\"elementor-element elementor-element-55b0ca0 elementor-align-right elementor-mobile-align-left elementor-widget elementor-widget-button\" data-id=\"55b0ca0\" data-element_type=\"widget\" data-e-type=\"widget\" data-widget_type=\"button.default\">\n\t\t\t\t<div class=\"elementor-widget-container\">\n\t\t\t\t\t\t\t\t\t<div class=\"elementor-button-wrapper\">\n\t\t\t\t\t<a class=\"elementor-button elementor-button-link elementor-size-sm\" href=\"https:\/\/www.okmaritime.nl\/de\/kontakt\/?wpf4339_3=sachkunde-fahrgastschifffahrt\" title=\"Basis Sachkunde Training Fahrgastschifffahrt\" id=\"privacy-verklaring\">\n\t\t\t\t\t\t<span class=\"elementor-button-content-wrapper\">\n\t\t\t\t\t\t<span class=\"elementor-button-icon\">\n\t\t\t\t<i aria-hidden=\"true\" class=\"fas fa-angle-double-right\"><\/i>\t\t\t<\/span>\n\t\t\t\t\t\t\t\t\t<span class=\"elementor-button-text\"> Nehmen Sie Kontakt mit uns auf<\/span>\n\t\t\t\t\t<\/span>\n\t\t\t\t\t<\/a>\n\t\t\t\t<\/div>\n\t\t\t\t\t\t\t\t<\/div>\n\t\t\t\t<\/div>\n\t\t\t\t\t<\/div>\n\t\t<\/div>\n\t\t\t\t\t<\/div>\n\t\t<\/section>\n\t\t\t\t<section class=\"elementor-section elementor-top-section elementor-element elementor-element-8809b8c elementor-section-boxed elementor-section-height-default elementor-section-height-default\" data-id=\"8809b8c\" data-element_type=\"section\" data-e-type=\"section\" data-settings=\"{&quot;background_background&quot;:&quot;classic&quot;}\">\n\t\t\t\t\t\t<div class=\"elementor-container elementor-column-gap-default\">\n\t\t\t\t\t<div class=\"elementor-column elementor-col-100 elementor-top-column elementor-element elementor-element-84d3147\" data-id=\"84d3147\" data-element_type=\"column\" data-e-type=\"column\" data-settings=\"{&quot;background_background&quot;:&quot;classic&quot;}\">\n\t\t\t<div class=\"elementor-widget-wrap elementor-element-populated\">\n\t\t\t\t\t\t<div class=\"elementor-element elementor-element-60dc693 elementor-widget elementor-widget-image\" data-id=\"60dc693\" data-element_type=\"widget\" data-e-type=\"widget\" data-widget_type=\"image.default\">\n\t\t\t\t<div class=\"elementor-widget-container\">\n\t\t\t\t\t\t\t\t\t\t\t\t\t\t\t<img fetchpriority=\"high\" decoding=\"async\" width=\"1536\" height=\"77\" src=\"https:\/\/www.okmaritime.nl\/wp-content\/uploads\/2021\/11\/wave.jpg\" class=\"attachment-full size-full wp-image-3411\" alt=\"Golf\" srcset=\"https:\/\/www.okmaritime.nl\/wp-content\/uploads\/2021\/11\/wave.jpg 1536w, https:\/\/www.okmaritime.nl\/wp-content\/uploads\/2021\/11\/wave-300x15.jpg 300w, https:\/\/www.okmaritime.nl\/wp-content\/uploads\/2021\/11\/wave-1024x51.jpg 1024w, https:\/\/www.okmaritime.nl\/wp-content\/uploads\/2021\/11\/wave-768x39.jpg 768w\" sizes=\"(max-width: 1536px) 100vw, 1536px\" \/>\t\t\t\t\t\t\t\t\t\t\t\t\t\t\t<\/div>\n\t\t\t\t<\/div>\n\t\t\t\t<div class=\"elementor-element elementor-element-5fe3459 elementor-widget elementor-widget-heading\" data-id=\"5fe3459\" data-element_type=\"widget\" data-e-type=\"widget\" data-widget_type=\"heading.default\">\n\t\t\t\t<div class=\"elementor-widget-container\">\n\t\t\t\t\t<h2 class=\"elementor-heading-title elementor-size-default\">Wiederholungskurs Sachkundiges Training Fahrgastschifffahrt<\/h2>\t\t\t\t<\/div>\n\t\t\t\t<\/div>\n\t\t\t\t<div class=\"elementor-element elementor-element-63cc00b elementor-widget elementor-widget-text-editor\" data-id=\"63cc00b\" data-element_type=\"widget\" data-e-type=\"widget\" data-widget_type=\"text-editor.default\">\n\t\t\t\t<div class=\"elementor-widget-container\">\n\t\t\t\t\t\t\t\t\t<p>Der Sachkundige f\u00fcr Fahrgastschifffahrt muss vor Ablauf des Basis Zertifikats Sachkunde Fahrgastschifffahrt an einer Auffrischungsschulung teilnehmen.<\/p><p>W\u00e4hrend dieses Auffrischungskurses Sachkunde Fahrgastschifffahrt konzentriert sich das Training haupts\u00e4chlich auf das erworbene Wissen des Teilnehmers, indem sowohl das theoretische Wissen als auch das praktische Handeln durch ein Szenario basiertes Trainingsprogramm wiederholt werden.<\/p><p>Nach erfolgreichem Abschluss des Auffrischungskurses verl\u00e4ngert sich das Zertifikat um die gesetzlich festgelegte Laufzeit. <\/p><p><i class=\"far fa-clock\" style=\"color: #b1dbdd; margin-right: 4px;\"><\/i>1 Tag (2 halbe Tage)<\/p>\t\t\t\t\t\t\t\t<\/div>\n\t\t\t\t<\/div>\n\t\t\t\t\t<\/div>\n\t\t<\/div>\n\t\t\t\t\t<\/div>\n\t\t<\/section>\n\t\t\t\t<\/div>\n\t\t","protected":false},"excerpt":{"rendered":"<p>Beim Training \u201cSachkunde Fahrgastschiffahrt\u201d werden Besatzungsmitglieder ausgebildet um sicherheitstechnischen Aufgaben wahrzunehmen und Notsituationen abwenden zu k\u00f6nnen.<\/p>\n","protected":false},"author":1,"featured_media":3356,"parent":1790,"menu_order":2,"comment_status":"closed","ping_status":"closed","template":"","meta":{"footnotes":""},"class_list":["post-1853","page","type-page","status-publish","has-post-thumbnail","hentry"],"yoast_head":"<!-- This site is optimized with the Yoast SEO plugin v27.4 - https:\/\/yoast.com\/product\/yoast-seo-wordpress\/ -->\n<title>Sachkunde Fahrgastschifffahrt<\/title>\n<meta name=\"robots\" content=\"index, follow, max-snippet:-1, max-image-preview:large, max-video-preview:-1\" \/>\n<link rel=\"canonical\" href=\"https:\/\/www.okmaritime.nl\/de\/ausbildungen\/sachkundiger-training-fahrgastschifffahrt\/\" \/>\n<meta property=\"og:locale\" content=\"de_DE\" \/>\n<meta property=\"og:locale:alternate\" content=\"en_GB\" \/>\n<meta property=\"og:locale:alternate\" content=\"nl_NL\" \/>\n<meta property=\"og:type\" content=\"article\" \/>\n<meta property=\"og:title\" content=\"Sachkunde Fahrgastschifffahrt\" \/>\n<meta property=\"og:description\" content=\"Beim Training \u201cSachkunde Fahrgastschiffahrt\u201d werden Besatzungsmitglieder ausgebildet um sicherheitstechnischen Aufgaben wahrzunehmen und Notsituationen abwenden zu k\u00f6nnen.\" \/>\n<meta property=\"og:url\" content=\"https:\/\/www.okmaritime.nl\/de\/ausbildungen\/sachkundiger-training-fahrgastschifffahrt\/\" \/>\n<meta property=\"og:site_name\" content=\"OK Maritime\" \/>\n<meta property=\"article:modified_time\" content=\"2025-09-22T09:06:31+00:00\" \/>\n<meta property=\"og:image\" content=\"https:\/\/www.okmaritime.nl\/wp-content\/uploads\/2021\/11\/deskundige-passagiersvaart.jpg\" \/>\n\t<meta property=\"og:image:width\" content=\"1500\" \/>\n\t<meta property=\"og:image:height\" content=\"626\" \/>\n\t<meta property=\"og:image:type\" content=\"image\/jpeg\" \/>\n<meta name=\"twitter:card\" content=\"summary_large_image\" \/>\n<meta name=\"twitter:label1\" content=\"Gesch\u00e4tzte Lesezeit\" \/>\n\t<meta name=\"twitter:data1\" content=\"1\u00a0Minute\" \/>\n<script type=\"application\/ld+json\" class=\"yoast-schema-graph\">{\"@context\":\"https:\\\/\\\/schema.org\",\"@graph\":[{\"@type\":\"WebPage\",\"@id\":\"https:\\\/\\\/www.okmaritime.nl\\\/de\\\/ausbildungen\\\/sachkundiger-training-fahrgastschifffahrt\\\/\",\"url\":\"https:\\\/\\\/www.okmaritime.nl\\\/de\\\/ausbildungen\\\/sachkundiger-training-fahrgastschifffahrt\\\/\",\"name\":\"Sachkunde Fahrgastschifffahrt\",\"isPartOf\":{\"@id\":\"https:\\\/\\\/www.okmaritime.nl\\\/de\\\/#website\"},\"primaryImageOfPage\":{\"@id\":\"https:\\\/\\\/www.okmaritime.nl\\\/de\\\/ausbildungen\\\/sachkundiger-training-fahrgastschifffahrt\\\/#primaryimage\"},\"image\":{\"@id\":\"https:\\\/\\\/www.okmaritime.nl\\\/de\\\/ausbildungen\\\/sachkundiger-training-fahrgastschifffahrt\\\/#primaryimage\"},\"thumbnailUrl\":\"https:\\\/\\\/www.okmaritime.nl\\\/wp-content\\\/uploads\\\/2021\\\/11\\\/deskundige-passagiersvaart.jpg\",\"datePublished\":\"2021-06-21T13:31:55+00:00\",\"dateModified\":\"2025-09-22T09:06:31+00:00\",\"breadcrumb\":{\"@id\":\"https:\\\/\\\/www.okmaritime.nl\\\/de\\\/ausbildungen\\\/sachkundiger-training-fahrgastschifffahrt\\\/#breadcrumb\"},\"inLanguage\":\"de-DE\",\"potentialAction\":[{\"@type\":\"ReadAction\",\"target\":[\"https:\\\/\\\/www.okmaritime.nl\\\/de\\\/ausbildungen\\\/sachkundiger-training-fahrgastschifffahrt\\\/\"]}]},{\"@type\":\"ImageObject\",\"inLanguage\":\"de-DE\",\"@id\":\"https:\\\/\\\/www.okmaritime.nl\\\/de\\\/ausbildungen\\\/sachkundiger-training-fahrgastschifffahrt\\\/#primaryimage\",\"url\":\"https:\\\/\\\/www.okmaritime.nl\\\/wp-content\\\/uploads\\\/2021\\\/11\\\/deskundige-passagiersvaart.jpg\",\"contentUrl\":\"https:\\\/\\\/www.okmaritime.nl\\\/wp-content\\\/uploads\\\/2021\\\/11\\\/deskundige-passagiersvaart.jpg\",\"width\":1500,\"height\":626,\"caption\":\"Trainingen en opleidingen\"},{\"@type\":\"BreadcrumbList\",\"@id\":\"https:\\\/\\\/www.okmaritime.nl\\\/de\\\/ausbildungen\\\/sachkundiger-training-fahrgastschifffahrt\\\/#breadcrumb\",\"itemListElement\":[{\"@type\":\"ListItem\",\"position\":1,\"name\":\"Home\",\"item\":\"https:\\\/\\\/www.okmaritime.nl\\\/de\\\/home-deutsch\\\/\"},{\"@type\":\"ListItem\",\"position\":2,\"name\":\"Ausbildungen\",\"item\":\"https:\\\/\\\/www.okmaritime.nl\\\/ausbildungen\\\/\"},{\"@type\":\"ListItem\",\"position\":3,\"name\":\"Basis Sachkunde Training Fahrgastschifffahrt\"}]},{\"@type\":\"WebSite\",\"@id\":\"https:\\\/\\\/www.okmaritime.nl\\\/de\\\/#website\",\"url\":\"https:\\\/\\\/www.okmaritime.nl\\\/de\\\/\",\"name\":\"OK Maritime\",\"description\":\"Ship safety advice & Nautical safety trainings\",\"publisher\":{\"@id\":\"https:\\\/\\\/www.okmaritime.nl\\\/de\\\/#organization\"},\"potentialAction\":[{\"@type\":\"SearchAction\",\"target\":{\"@type\":\"EntryPoint\",\"urlTemplate\":\"https:\\\/\\\/www.okmaritime.nl\\\/de\\\/?s={search_term_string}\"},\"query-input\":{\"@type\":\"PropertyValueSpecification\",\"valueRequired\":true,\"valueName\":\"search_term_string\"}}],\"inLanguage\":\"de-DE\"},{\"@type\":\"Organization\",\"@id\":\"https:\\\/\\\/www.okmaritime.nl\\\/de\\\/#organization\",\"name\":\"Op Koers! Maritime\",\"url\":\"https:\\\/\\\/www.okmaritime.nl\\\/de\\\/\",\"logo\":{\"@type\":\"ImageObject\",\"inLanguage\":\"de-DE\",\"@id\":\"https:\\\/\\\/www.okmaritime.nl\\\/de\\\/#\\\/schema\\\/logo\\\/image\\\/\",\"url\":\"https:\\\/\\\/www.okmaritime.nl\\\/test\\\/wp-content\\\/uploads\\\/2021\\\/10\\\/OK-AcAdemy-zonder-achtergrond-e1645719031100.png\",\"contentUrl\":\"https:\\\/\\\/www.okmaritime.nl\\\/test\\\/wp-content\\\/uploads\\\/2021\\\/10\\\/OK-AcAdemy-zonder-achtergrond-e1645719031100.png\",\"width\":150,\"height\":147,\"caption\":\"Op Koers! Maritime\"},\"image\":{\"@id\":\"https:\\\/\\\/www.okmaritime.nl\\\/de\\\/#\\\/schema\\\/logo\\\/image\\\/\"}}]}<\/script>\n<!-- \/ Yoast SEO plugin. -->","yoast_head_json":{"title":"Sachkunde Fahrgastschifffahrt","robots":{"index":"index","follow":"follow","max-snippet":"max-snippet:-1","max-image-preview":"max-image-preview:large","max-video-preview":"max-video-preview:-1"},"canonical":"https:\/\/www.okmaritime.nl\/de\/ausbildungen\/sachkundiger-training-fahrgastschifffahrt\/","og_locale":"de_DE","og_type":"article","og_title":"[:en]Sachkundiger Fahrgastschifffahrt[:de]Sachkunde Fahrgastschifffahrt[:nl]Basis Sachkunde Training Fahrgastschifffahrt[:] - OK Maritime","og_description":"Beim Training \u201cSachkunde Fahrgastschiffahrt\u201d werden Besatzungsmitglieder ausgebildet um sicherheitstechnischen Aufgaben wahrzunehmen und Notsituationen abwenden zu k\u00f6nnen.","og_url":"https:\/\/www.okmaritime.nl\/de\/ausbildungen\/sachkundiger-training-fahrgastschifffahrt\/","og_site_name":"OK Maritime","article_modified_time":"2025-09-22T09:06:31+00:00","og_image":[{"width":1500,"height":626,"url":"https:\/\/www.okmaritime.nl\/wp-content\/uploads\/2021\/11\/deskundige-passagiersvaart.jpg","type":"image\/jpeg"}],"twitter_card":"summary_large_image","twitter_misc":{"Gesch\u00e4tzte Lesezeit":"1\u00a0Minute"},"schema":{"@context":"https:\/\/schema.org","@graph":[{"@type":"WebPage","@id":"https:\/\/www.okmaritime.nl\/de\/ausbildungen\/sachkundiger-training-fahrgastschifffahrt\/","url":"https:\/\/www.okmaritime.nl\/de\/ausbildungen\/sachkundiger-training-fahrgastschifffahrt\/","name":"Sachkunde Fahrgastschifffahrt","isPartOf":{"@id":"https:\/\/www.okmaritime.nl\/de\/#website"},"primaryImageOfPage":{"@id":"https:\/\/www.okmaritime.nl\/de\/ausbildungen\/sachkundiger-training-fahrgastschifffahrt\/#primaryimage"},"image":{"@id":"https:\/\/www.okmaritime.nl\/de\/ausbildungen\/sachkundiger-training-fahrgastschifffahrt\/#primaryimage"},"thumbnailUrl":"https:\/\/www.okmaritime.nl\/wp-content\/uploads\/2021\/11\/deskundige-passagiersvaart.jpg","datePublished":"2021-06-21T13:31:55+00:00","dateModified":"2025-09-22T09:06:31+00:00","breadcrumb":{"@id":"https:\/\/www.okmaritime.nl\/de\/ausbildungen\/sachkundiger-training-fahrgastschifffahrt\/#breadcrumb"},"inLanguage":"de-DE","potentialAction":[{"@type":"ReadAction","target":["https:\/\/www.okmaritime.nl\/de\/ausbildungen\/sachkundiger-training-fahrgastschifffahrt\/"]}]},{"@type":"ImageObject","inLanguage":"de-DE","@id":"https:\/\/www.okmaritime.nl\/de\/ausbildungen\/sachkundiger-training-fahrgastschifffahrt\/#primaryimage","url":"https:\/\/www.okmaritime.nl\/wp-content\/uploads\/2021\/11\/deskundige-passagiersvaart.jpg","contentUrl":"https:\/\/www.okmaritime.nl\/wp-content\/uploads\/2021\/11\/deskundige-passagiersvaart.jpg","width":1500,"height":626,"caption":"Trainingen en opleidingen"},{"@type":"BreadcrumbList","@id":"https:\/\/www.okmaritime.nl\/de\/ausbildungen\/sachkundiger-training-fahrgastschifffahrt\/#breadcrumb","itemListElement":[{"@type":"ListItem","position":1,"name":"Home","item":"https:\/\/www.okmaritime.nl\/de\/home-deutsch\/"},{"@type":"ListItem","position":2,"name":"Ausbildungen","item":"https:\/\/www.okmaritime.nl\/ausbildungen\/"},{"@type":"ListItem","position":3,"name":"Basis Sachkunde Training Fahrgastschifffahrt"}]},{"@type":"WebSite","@id":"https:\/\/www.okmaritime.nl\/de\/#website","url":"https:\/\/www.okmaritime.nl\/de\/","name":"OK Maritime","description":"Ship safety advice & Nautical safety trainings","publisher":{"@id":"https:\/\/www.okmaritime.nl\/de\/#organization"},"potentialAction":[{"@type":"SearchAction","target":{"@type":"EntryPoint","urlTemplate":"https:\/\/www.okmaritime.nl\/de\/?s={search_term_string}"},"query-input":{"@type":"PropertyValueSpecification","valueRequired":true,"valueName":"search_term_string"}}],"inLanguage":"de-DE"},{"@type":"Organization","@id":"https:\/\/www.okmaritime.nl\/de\/#organization","name":"Op Koers! Maritime","url":"https:\/\/www.okmaritime.nl\/de\/","logo":{"@type":"ImageObject","inLanguage":"de-DE","@id":"https:\/\/www.okmaritime.nl\/de\/#\/schema\/logo\/image\/","url":"https:\/\/www.okmaritime.nl\/test\/wp-content\/uploads\/2021\/10\/OK-AcAdemy-zonder-achtergrond-e1645719031100.png","contentUrl":"https:\/\/www.okmaritime.nl\/test\/wp-content\/uploads\/2021\/10\/OK-AcAdemy-zonder-achtergrond-e1645719031100.png","width":150,"height":147,"caption":"Op Koers! Maritime"},"image":{"@id":"https:\/\/www.okmaritime.nl\/de\/#\/schema\/logo\/image\/"}}]}},"_links":{"self":[{"href":"https:\/\/www.okmaritime.nl\/de\/wp-json\/wp\/v2\/pages\/1853","targetHints":{"allow":["GET"]}}],"collection":[{"href":"https:\/\/www.okmaritime.nl\/de\/wp-json\/wp\/v2\/pages"}],"about":[{"href":"https:\/\/www.okmaritime.nl\/de\/wp-json\/wp\/v2\/types\/page"}],"author":[{"embeddable":true,"href":"https:\/\/www.okmaritime.nl\/de\/wp-json\/wp\/v2\/users\/1"}],"replies":[{"embeddable":true,"href":"https:\/\/www.okmaritime.nl\/de\/wp-json\/wp\/v2\/comments?post=1853"}],"version-history":[{"count":56,"href":"https:\/\/www.okmaritime.nl\/de\/wp-json\/wp\/v2\/pages\/1853\/revisions"}],"predecessor-version":[{"id":6399,"href":"https:\/\/www.okmaritime.nl\/de\/wp-json\/wp\/v2\/pages\/1853\/revisions\/6399"}],"up":[{"embeddable":true,"href":"https:\/\/www.okmaritime.nl\/de\/wp-json\/wp\/v2\/pages\/1790"}],"wp:featuredmedia":[{"embeddable":true,"href":"https:\/\/www.okmaritime.nl\/de\/wp-json\/wp\/v2\/media\/3356"}],"wp:attachment":[{"href":"https:\/\/www.okmaritime.nl\/de\/wp-json\/wp\/v2\/media?parent=1853"}],"curies":[{"name":"wp","href":"https:\/\/api.w.org\/{rel}","templated":true}]}}