{"id":1849,"date":"2021-06-21T13:30:50","date_gmt":"2021-06-21T13:30:50","guid":{"rendered":"https:\/\/www.okmaritime.nl\/test\/?page_id=1849"},"modified":"2025-09-22T09:06:22","modified_gmt":"2025-09-22T09:06:22","slug":"ersthelfer-training","status":"publish","type":"page","link":"https:\/\/www.okmaritime.nl\/de\/ausbildungen\/ersthelfer-training\/","title":{"rendered":"Ersthelfer"},"content":{"rendered":"\t\t<div data-elementor-type=\"wp-page\" data-elementor-id=\"1849\" class=\"elementor elementor-1849\">\n\t\t\t\t\t\t<section class=\"elementor-section elementor-top-section elementor-element elementor-element-85bb6f3 elementor-section-full_width elementor-section-height-default elementor-section-height-default\" data-id=\"85bb6f3\" data-element_type=\"section\" data-e-type=\"section\">\n\t\t\t\t\t\t<div class=\"elementor-container elementor-column-gap-default\">\n\t\t\t\t\t<div class=\"elementor-column elementor-col-100 elementor-top-column elementor-element elementor-element-44dd655\" data-id=\"44dd655\" data-element_type=\"column\" data-e-type=\"column\">\n\t\t\t<div class=\"elementor-widget-wrap elementor-element-populated\">\n\t\t\t\t\t\t<div class=\"elementor-element elementor-element-1e6ae35 elementor-widget elementor-widget-heading\" data-id=\"1e6ae35\" data-element_type=\"widget\" data-e-type=\"widget\" data-widget_type=\"heading.default\">\n\t\t\t\t<div class=\"elementor-widget-container\">\n\t\t\t\t\t<h2 class=\"elementor-heading-title elementor-size-default\">Grundausbildung Ersthelfer<\/h2>\t\t\t\t<\/div>\n\t\t\t\t<\/div>\n\t\t\t\t<div class=\"elementor-element elementor-element-6a93929 elementor-widget elementor-widget-text-editor\" data-id=\"6a93929\" data-element_type=\"widget\" data-e-type=\"widget\" data-widget_type=\"text-editor.default\">\n\t\t\t\t<div class=\"elementor-widget-container\">\n\t\t\t\t\t\t\t\t\t<p>Die <strong>Grundausbildung Ersthelfer<\/strong> ist f\u00fcr alle gedacht, die am Arbeitsplatz mit einer Situation oder einem Vorfall konfrontiert werden, bei dem es zu Verletzungen oder Unf\u00e4llen kommen kann. <\/p><p>Einige Themen, die besprochen werden, sind:<br \/>Verhalten bei Bewusstlosigkeit, Wiederbelebung, Transporttechniken, Schock, Alarmierung der zust\u00e4ndigen Rettungsdienste und Verwendung der Sicherheitsausr\u00fcstung an Bord. Die Verwendung eines Defibrillators ist optional.<\/p><p><i class=\"far fa-clock\" style=\"color: #b1dbdd; margin-right: 4px;\"><\/i> 2 Tage (4 halbe Tage) oder<\/p><p><i class=\"far fa-clock\" style=\"color: #b1dbdd; margin-right: 4px;\"><\/i>1 Tag (3 halbe Tage) inkl. E-learning-Modul vor dem Bordtraining<\/p>\t\t\t\t\t\t\t\t<\/div>\n\t\t\t\t<\/div>\n\t\t\t\t<div class=\"elementor-element elementor-element-bda7774 elementor-tabs-view-vertical elementor-widget elementor-widget-tabs\" data-id=\"bda7774\" data-element_type=\"widget\" data-e-type=\"widget\" data-widget_type=\"tabs.default\">\n\t\t\t\t<div class=\"elementor-widget-container\">\n\t\t\t\t\t\t\t<div class=\"elementor-tabs\">\n\t\t\t<div class=\"elementor-tabs-wrapper\" role=\"tablist\" >\n\t\t\t\t\t\t\t\t\t<div id=\"elementor-tab-title-1981\" class=\"elementor-tab-title elementor-tab-desktop-title\" aria-selected=\"true\" data-tab=\"1\" role=\"tab\" tabindex=\"0\" aria-controls=\"elementor-tab-content-1981\" aria-expanded=\"false\">F\u00fcr wen?<\/div>\n\t\t\t\t\t\t\t\t\t<div id=\"elementor-tab-title-1982\" class=\"elementor-tab-title elementor-tab-desktop-title\" aria-selected=\"false\" data-tab=\"2\" role=\"tab\" tabindex=\"-1\" aria-controls=\"elementor-tab-content-1982\" aria-expanded=\"false\">Unterrichtsprogramm<\/div>\n\t\t\t\t\t\t\t\t\t<div id=\"elementor-tab-title-1983\" class=\"elementor-tab-title elementor-tab-desktop-title\" aria-selected=\"false\" data-tab=\"3\" role=\"tab\" tabindex=\"-1\" aria-controls=\"elementor-tab-content-1983\" aria-expanded=\"false\">G\u00fcltigkeit Zertifikat<\/div>\n\t\t\t\t\t\t\t<\/div>\n\t\t\t<div class=\"elementor-tabs-content-wrapper\" role=\"tablist\" aria-orientation=\"vertical\">\n\t\t\t\t\t\t\t\t\t<div class=\"elementor-tab-title elementor-tab-mobile-title\" aria-selected=\"true\" data-tab=\"1\" role=\"tab\" tabindex=\"0\" aria-controls=\"elementor-tab-content-1981\" aria-expanded=\"false\">F\u00fcr wen?<\/div>\n\t\t\t\t\t<div id=\"elementor-tab-content-1981\" class=\"elementor-tab-content elementor-clearfix\" data-tab=\"1\" role=\"tabpanel\" aria-labelledby=\"elementor-tab-title-1981\" tabindex=\"0\" hidden=\"false\"><p>Die <strong>Grundausbildung Ersthelfer<\/strong> richtet sich an alle die in Situationen mit anderen Menschen in Kontakt kommen, bei dem es leicht zu einem Zwischenfall kommen kann. <\/p><p>Dieses Training richtet sich insbesondere an Besatzungen von Passagierschiffen, die mit Serviceaufgaben an Bord betraut sind, und h\u00e4ufig mit G\u00e4sten in Kontakt kommen, bei denen es leicht zu Zwischenf\u00e4llen kommen kann.<\/p><p>Teilnehmer bei diesem Training geh\u00f6ren zum Hotelpersonal oder auch zur nautischen Bemannung.<\/p><\/div>\n\t\t\t\t\t\t\t\t\t<div class=\"elementor-tab-title elementor-tab-mobile-title\" aria-selected=\"false\" data-tab=\"2\" role=\"tab\" tabindex=\"-1\" aria-controls=\"elementor-tab-content-1982\" aria-expanded=\"false\">Unterrichtsprogramm<\/div>\n\t\t\t\t\t<div id=\"elementor-tab-content-1982\" class=\"elementor-tab-content elementor-clearfix\" data-tab=\"2\" role=\"tabpanel\" aria-labelledby=\"elementor-tab-title-1982\" tabindex=\"0\" hidden=\"hidden\"><p>Das<strong> Erste-Hilfe-Training<\/strong> beinhaltet sowohl einen theoretischen als auch einen praktischen Teil. Zu den Themen, die w\u00e4hrend dieses Trainings behandelt werden, geh\u00f6ren:<\/p><ul><li>Syndrome erkennen<\/li><li>Erkennen und Behandeln von Verletzungen und Verletzungen<\/li><li>Reanimation<\/li><\/ul><p>An Bord des Schiffes wird die Theorie praktisch umgesetzt. Wir haben alle notwendigen Schulungsmaterialien im Haus und verwenden in den meisten F\u00e4llen LOTUS-Opfer, mit denen verschiedene Szenarien nachgestellt werden k\u00f6nnen.<\/p><\/div>\n\t\t\t\t\t\t\t\t\t<div class=\"elementor-tab-title elementor-tab-mobile-title\" aria-selected=\"false\" data-tab=\"3\" role=\"tab\" tabindex=\"-1\" aria-controls=\"elementor-tab-content-1983\" aria-expanded=\"false\">G\u00fcltigkeit Zertifikat<\/div>\n\t\t\t\t\t<div id=\"elementor-tab-content-1983\" class=\"elementor-tab-content elementor-clearfix\" data-tab=\"3\" role=\"tabpanel\" aria-labelledby=\"elementor-tab-title-1983\" tabindex=\"0\" hidden=\"hidden\"><p>Der erfolgreiche Abschluss dieses Trainings berechtigt Sie zu einem Erste-Hilfe-Zertifikat mit einer <strong>G\u00fcltigkeit von mindestens 1 Jahr.<\/strong><\/p><p>Zertifikate werden im Sicherheitsbuch ausgestellt, wie es in den Schifffahrtsvorschriften f\u00fcr Personal (RSP) vorgeschrieben ist, das von Op Koers! Maritem herausgegeben wird.<\/p><\/div>\n\t\t\t\t\t\t\t<\/div>\n\t\t<\/div>\n\t\t\t\t\t\t<\/div>\n\t\t\t\t<\/div>\n\t\t\t\t<div class=\"elementor-element elementor-element-800981c elementor-align-right elementor-mobile-align-left elementor-widget elementor-widget-button\" data-id=\"800981c\" data-element_type=\"widget\" data-e-type=\"widget\" data-widget_type=\"button.default\">\n\t\t\t\t<div class=\"elementor-widget-container\">\n\t\t\t\t\t\t\t\t\t<div class=\"elementor-button-wrapper\">\n\t\t\t\t\t<a class=\"elementor-button elementor-button-link elementor-size-sm\" href=\"https:\/\/www.okmaritime.nl\/de\/kontakt\/?wpf4339_3=ersthelfer\" title=\"Grundausbildung Ersthelfer\">\n\t\t\t\t\t\t<span class=\"elementor-button-content-wrapper\">\n\t\t\t\t\t\t<span class=\"elementor-button-icon\">\n\t\t\t\t<i aria-hidden=\"true\" class=\"fas fa-angle-double-right\"><\/i>\t\t\t<\/span>\n\t\t\t\t\t\t\t\t\t<span class=\"elementor-button-text\">Kontakt <\/span>\n\t\t\t\t\t<\/span>\n\t\t\t\t\t<\/a>\n\t\t\t\t<\/div>\n\t\t\t\t\t\t\t\t<\/div>\n\t\t\t\t<\/div>\n\t\t\t\t\t<\/div>\n\t\t<\/div>\n\t\t\t\t\t<\/div>\n\t\t<\/section>\n\t\t\t\t<section class=\"elementor-section elementor-top-section elementor-element elementor-element-c3f8f13 elementor-section-boxed elementor-section-height-default elementor-section-height-default\" data-id=\"c3f8f13\" data-element_type=\"section\" data-e-type=\"section\" data-settings=\"{&quot;background_background&quot;:&quot;classic&quot;}\">\n\t\t\t\t\t\t<div class=\"elementor-container elementor-column-gap-default\">\n\t\t\t\t\t<div class=\"elementor-column elementor-col-100 elementor-top-column elementor-element elementor-element-d15baef\" data-id=\"d15baef\" data-element_type=\"column\" data-e-type=\"column\" data-settings=\"{&quot;background_background&quot;:&quot;classic&quot;}\">\n\t\t\t<div class=\"elementor-widget-wrap elementor-element-populated\">\n\t\t\t\t\t\t<div class=\"elementor-element elementor-element-ad0c767 elementor-widget elementor-widget-image\" data-id=\"ad0c767\" data-element_type=\"widget\" data-e-type=\"widget\" data-widget_type=\"image.default\">\n\t\t\t\t<div class=\"elementor-widget-container\">\n\t\t\t\t\t\t\t\t\t\t\t\t\t\t\t<img fetchpriority=\"high\" decoding=\"async\" width=\"1536\" height=\"77\" src=\"https:\/\/www.okmaritime.nl\/wp-content\/uploads\/2021\/11\/wave.jpg\" class=\"attachment-full size-full wp-image-3411\" alt=\"Golf\" srcset=\"https:\/\/www.okmaritime.nl\/wp-content\/uploads\/2021\/11\/wave.jpg 1536w, https:\/\/www.okmaritime.nl\/wp-content\/uploads\/2021\/11\/wave-300x15.jpg 300w, https:\/\/www.okmaritime.nl\/wp-content\/uploads\/2021\/11\/wave-1024x51.jpg 1024w, https:\/\/www.okmaritime.nl\/wp-content\/uploads\/2021\/11\/wave-768x39.jpg 768w\" sizes=\"(max-width: 1536px) 100vw, 1536px\" \/>\t\t\t\t\t\t\t\t\t\t\t\t\t\t\t<\/div>\n\t\t\t\t<\/div>\n\t\t\t\t<div class=\"elementor-element elementor-element-67f0f1a elementor-widget elementor-widget-heading\" data-id=\"67f0f1a\" data-element_type=\"widget\" data-e-type=\"widget\" data-widget_type=\"heading.default\">\n\t\t\t\t<div class=\"elementor-widget-container\">\n\t\t\t\t\t<h2 class=\"elementor-heading-title elementor-size-default\">Wiederholungkurs Ersthelfer<\/h2>\t\t\t\t<\/div>\n\t\t\t\t<\/div>\n\t\t\t\t<div class=\"elementor-element elementor-element-7bfaa6b elementor-widget elementor-widget-text-editor\" data-id=\"7bfaa6b\" data-element_type=\"widget\" data-e-type=\"widget\" data-widget_type=\"text-editor.default\">\n\t\t\t\t<div class=\"elementor-widget-container\">\n\t\t\t\t\t\t\t\t\t<p>Der Ersthelfer muss vor Ablauf der Ersthelfer Grundschulung an einem Auffrischungsschulung teilnehmen.<\/p><p>W\u00e4hrend diesem <strong>Ersthelfer Wiederholungskurses<\/strong> konzentriert sich das Training haupts\u00e4chlich auf das erworbene Wissen des Teilnehmers, indem sowohl das theoretische Wissen als auch die praktischen Handlungen durch ein Szenario basiertes Trainingsprogramm wiederholt werden.<\/p><p>Nach erfolgreichem Abschluss des Wiederholungskurses verl\u00e4ngert sich das Zertifikat um die gesetzlich festgelegte Laufzeit. <\/p><p><i class=\"far fa-clock\" style=\"color: #b1dbdd; margin-right: 4px;\"><\/i> 1 Tag (2 halbe Tage)<\/p>\t\t\t\t\t\t\t\t<\/div>\n\t\t\t\t<\/div>\n\t\t\t\t\t<\/div>\n\t\t<\/div>\n\t\t\t\t\t<\/div>\n\t\t<\/section>\n\t\t\t\t<\/div>\n\t\t","protected":false},"excerpt":{"rendered":"<p>Beim Training \u201cErsthelfer\u201d werden Besatzungmitglieder ausgebildet, um die entstandendenen Situationen zu stabilisieren, bis die professionellen Hilfsdienste eintreffen und \u00fcbernehmen.<\/p>\n","protected":false},"author":1,"featured_media":4573,"parent":1790,"menu_order":1,"comment_status":"closed","ping_status":"closed","template":"","meta":{"footnotes":""},"class_list":["post-1849","page","type-page","status-publish","has-post-thumbnail","hentry"],"yoast_head":"<!-- This site is optimized with the Yoast SEO plugin v27.3 - https:\/\/yoast.com\/product\/yoast-seo-wordpress\/ -->\n<title>Ersthelfer<\/title>\n<meta name=\"robots\" content=\"index, follow, max-snippet:-1, max-image-preview:large, max-video-preview:-1\" \/>\n<link rel=\"canonical\" href=\"https:\/\/www.okmaritime.nl\/de\/ausbildungen\/ersthelfer-training\/\" \/>\n<meta property=\"og:locale\" content=\"de_DE\" \/>\n<meta property=\"og:locale:alternate\" content=\"en_GB\" \/>\n<meta property=\"og:locale:alternate\" content=\"nl_NL\" \/>\n<meta property=\"og:type\" content=\"article\" \/>\n<meta property=\"og:title\" content=\"Ersthelfer\" \/>\n<meta property=\"og:description\" content=\"Beim Training \u201cErsthelfer\u201d werden Besatzungmitglieder ausgebildet, um die entstandendenen Situationen zu stabilisieren, bis die professionellen Hilfsdienste eintreffen und \u00fcbernehmen.\" \/>\n<meta property=\"og:url\" content=\"https:\/\/www.okmaritime.nl\/de\/ausbildungen\/ersthelfer-training\/\" \/>\n<meta property=\"og:site_name\" content=\"OK Maritime\" \/>\n<meta property=\"article:modified_time\" content=\"2025-09-22T09:06:22+00:00\" \/>\n<meta property=\"og:image\" content=\"https:\/\/www.okmaritime.nl\/wp-content\/uploads\/2022\/01\/First-aid-kit-scaled.jpg\" \/>\n\t<meta property=\"og:image:width\" content=\"2560\" \/>\n\t<meta property=\"og:image:height\" content=\"1796\" \/>\n\t<meta property=\"og:image:type\" content=\"image\/jpeg\" \/>\n<meta name=\"twitter:card\" content=\"summary_large_image\" \/>\n<meta name=\"twitter:label1\" content=\"Gesch\u00e4tzte Lesezeit\" \/>\n\t<meta name=\"twitter:data1\" content=\"1\u00a0Minute\" \/>\n<script type=\"application\/ld+json\" class=\"yoast-schema-graph\">{\"@context\":\"https:\\\/\\\/schema.org\",\"@graph\":[{\"@type\":\"WebPage\",\"@id\":\"https:\\\/\\\/www.okmaritime.nl\\\/de\\\/ausbildungen\\\/ersthelfer-training\\\/\",\"url\":\"https:\\\/\\\/www.okmaritime.nl\\\/de\\\/ausbildungen\\\/ersthelfer-training\\\/\",\"name\":\"Ersthelfer\",\"isPartOf\":{\"@id\":\"https:\\\/\\\/www.okmaritime.nl\\\/de\\\/#website\"},\"primaryImageOfPage\":{\"@id\":\"https:\\\/\\\/www.okmaritime.nl\\\/de\\\/ausbildungen\\\/ersthelfer-training\\\/#primaryimage\"},\"image\":{\"@id\":\"https:\\\/\\\/www.okmaritime.nl\\\/de\\\/ausbildungen\\\/ersthelfer-training\\\/#primaryimage\"},\"thumbnailUrl\":\"https:\\\/\\\/www.okmaritime.nl\\\/wp-content\\\/uploads\\\/2022\\\/01\\\/First-aid-kit-scaled.jpg\",\"datePublished\":\"2021-06-21T13:30:50+00:00\",\"dateModified\":\"2025-09-22T09:06:22+00:00\",\"breadcrumb\":{\"@id\":\"https:\\\/\\\/www.okmaritime.nl\\\/de\\\/ausbildungen\\\/ersthelfer-training\\\/#breadcrumb\"},\"inLanguage\":\"de-DE\",\"potentialAction\":[{\"@type\":\"ReadAction\",\"target\":[\"https:\\\/\\\/www.okmaritime.nl\\\/de\\\/ausbildungen\\\/ersthelfer-training\\\/\"]}]},{\"@type\":\"ImageObject\",\"inLanguage\":\"de-DE\",\"@id\":\"https:\\\/\\\/www.okmaritime.nl\\\/de\\\/ausbildungen\\\/ersthelfer-training\\\/#primaryimage\",\"url\":\"https:\\\/\\\/www.okmaritime.nl\\\/wp-content\\\/uploads\\\/2022\\\/01\\\/First-aid-kit-scaled.jpg\",\"contentUrl\":\"https:\\\/\\\/www.okmaritime.nl\\\/wp-content\\\/uploads\\\/2022\\\/01\\\/First-aid-kit-scaled.jpg\",\"width\":2560,\"height\":1796},{\"@type\":\"BreadcrumbList\",\"@id\":\"https:\\\/\\\/www.okmaritime.nl\\\/de\\\/ausbildungen\\\/ersthelfer-training\\\/#breadcrumb\",\"itemListElement\":[{\"@type\":\"ListItem\",\"position\":1,\"name\":\"Home\",\"item\":\"https:\\\/\\\/www.okmaritime.nl\\\/de\\\/home-deutsch\\\/\"},{\"@type\":\"ListItem\",\"position\":2,\"name\":\"Ausbildungen\",\"item\":\"https:\\\/\\\/www.okmaritime.nl\\\/ausbildungen\\\/\"},{\"@type\":\"ListItem\",\"position\":3,\"name\":\"Ersthelfer Training\"}]},{\"@type\":\"WebSite\",\"@id\":\"https:\\\/\\\/www.okmaritime.nl\\\/de\\\/#website\",\"url\":\"https:\\\/\\\/www.okmaritime.nl\\\/de\\\/\",\"name\":\"OK Maritime\",\"description\":\"Ship safety advice & Nautical safety trainings\",\"publisher\":{\"@id\":\"https:\\\/\\\/www.okmaritime.nl\\\/de\\\/#organization\"},\"potentialAction\":[{\"@type\":\"SearchAction\",\"target\":{\"@type\":\"EntryPoint\",\"urlTemplate\":\"https:\\\/\\\/www.okmaritime.nl\\\/de\\\/?s={search_term_string}\"},\"query-input\":{\"@type\":\"PropertyValueSpecification\",\"valueRequired\":true,\"valueName\":\"search_term_string\"}}],\"inLanguage\":\"de-DE\"},{\"@type\":\"Organization\",\"@id\":\"https:\\\/\\\/www.okmaritime.nl\\\/de\\\/#organization\",\"name\":\"Op Koers! Maritime\",\"url\":\"https:\\\/\\\/www.okmaritime.nl\\\/de\\\/\",\"logo\":{\"@type\":\"ImageObject\",\"inLanguage\":\"de-DE\",\"@id\":\"https:\\\/\\\/www.okmaritime.nl\\\/de\\\/#\\\/schema\\\/logo\\\/image\\\/\",\"url\":\"https:\\\/\\\/www.okmaritime.nl\\\/test\\\/wp-content\\\/uploads\\\/2021\\\/10\\\/OK-AcAdemy-zonder-achtergrond-e1645719031100.png\",\"contentUrl\":\"https:\\\/\\\/www.okmaritime.nl\\\/test\\\/wp-content\\\/uploads\\\/2021\\\/10\\\/OK-AcAdemy-zonder-achtergrond-e1645719031100.png\",\"width\":150,\"height\":147,\"caption\":\"Op Koers! Maritime\"},\"image\":{\"@id\":\"https:\\\/\\\/www.okmaritime.nl\\\/de\\\/#\\\/schema\\\/logo\\\/image\\\/\"}}]}<\/script>\n<!-- \/ Yoast SEO plugin. -->","yoast_head_json":{"title":"Ersthelfer","robots":{"index":"index","follow":"follow","max-snippet":"max-snippet:-1","max-image-preview":"max-image-preview:large","max-video-preview":"max-video-preview:-1"},"canonical":"https:\/\/www.okmaritime.nl\/de\/ausbildungen\/ersthelfer-training\/","og_locale":"de_DE","og_type":"article","og_title":"[:en]Ersthelfer[:de]Ersthelfer[:nl]Ersthelfer Training[:] - OK Maritime","og_description":"Beim Training \u201cErsthelfer\u201d werden Besatzungmitglieder ausgebildet, um die entstandendenen Situationen zu stabilisieren, bis die professionellen Hilfsdienste eintreffen und \u00fcbernehmen.","og_url":"https:\/\/www.okmaritime.nl\/de\/ausbildungen\/ersthelfer-training\/","og_site_name":"OK Maritime","article_modified_time":"2025-09-22T09:06:22+00:00","og_image":[{"width":2560,"height":1796,"url":"https:\/\/www.okmaritime.nl\/wp-content\/uploads\/2022\/01\/First-aid-kit-scaled.jpg","type":"image\/jpeg"}],"twitter_card":"summary_large_image","twitter_misc":{"Gesch\u00e4tzte Lesezeit":"1\u00a0Minute"},"schema":{"@context":"https:\/\/schema.org","@graph":[{"@type":"WebPage","@id":"https:\/\/www.okmaritime.nl\/de\/ausbildungen\/ersthelfer-training\/","url":"https:\/\/www.okmaritime.nl\/de\/ausbildungen\/ersthelfer-training\/","name":"Ersthelfer","isPartOf":{"@id":"https:\/\/www.okmaritime.nl\/de\/#website"},"primaryImageOfPage":{"@id":"https:\/\/www.okmaritime.nl\/de\/ausbildungen\/ersthelfer-training\/#primaryimage"},"image":{"@id":"https:\/\/www.okmaritime.nl\/de\/ausbildungen\/ersthelfer-training\/#primaryimage"},"thumbnailUrl":"https:\/\/www.okmaritime.nl\/wp-content\/uploads\/2022\/01\/First-aid-kit-scaled.jpg","datePublished":"2021-06-21T13:30:50+00:00","dateModified":"2025-09-22T09:06:22+00:00","breadcrumb":{"@id":"https:\/\/www.okmaritime.nl\/de\/ausbildungen\/ersthelfer-training\/#breadcrumb"},"inLanguage":"de-DE","potentialAction":[{"@type":"ReadAction","target":["https:\/\/www.okmaritime.nl\/de\/ausbildungen\/ersthelfer-training\/"]}]},{"@type":"ImageObject","inLanguage":"de-DE","@id":"https:\/\/www.okmaritime.nl\/de\/ausbildungen\/ersthelfer-training\/#primaryimage","url":"https:\/\/www.okmaritime.nl\/wp-content\/uploads\/2022\/01\/First-aid-kit-scaled.jpg","contentUrl":"https:\/\/www.okmaritime.nl\/wp-content\/uploads\/2022\/01\/First-aid-kit-scaled.jpg","width":2560,"height":1796},{"@type":"BreadcrumbList","@id":"https:\/\/www.okmaritime.nl\/de\/ausbildungen\/ersthelfer-training\/#breadcrumb","itemListElement":[{"@type":"ListItem","position":1,"name":"Home","item":"https:\/\/www.okmaritime.nl\/de\/home-deutsch\/"},{"@type":"ListItem","position":2,"name":"Ausbildungen","item":"https:\/\/www.okmaritime.nl\/ausbildungen\/"},{"@type":"ListItem","position":3,"name":"Ersthelfer Training"}]},{"@type":"WebSite","@id":"https:\/\/www.okmaritime.nl\/de\/#website","url":"https:\/\/www.okmaritime.nl\/de\/","name":"OK Maritime","description":"Ship safety advice & Nautical safety trainings","publisher":{"@id":"https:\/\/www.okmaritime.nl\/de\/#organization"},"potentialAction":[{"@type":"SearchAction","target":{"@type":"EntryPoint","urlTemplate":"https:\/\/www.okmaritime.nl\/de\/?s={search_term_string}"},"query-input":{"@type":"PropertyValueSpecification","valueRequired":true,"valueName":"search_term_string"}}],"inLanguage":"de-DE"},{"@type":"Organization","@id":"https:\/\/www.okmaritime.nl\/de\/#organization","name":"Op Koers! Maritime","url":"https:\/\/www.okmaritime.nl\/de\/","logo":{"@type":"ImageObject","inLanguage":"de-DE","@id":"https:\/\/www.okmaritime.nl\/de\/#\/schema\/logo\/image\/","url":"https:\/\/www.okmaritime.nl\/test\/wp-content\/uploads\/2021\/10\/OK-AcAdemy-zonder-achtergrond-e1645719031100.png","contentUrl":"https:\/\/www.okmaritime.nl\/test\/wp-content\/uploads\/2021\/10\/OK-AcAdemy-zonder-achtergrond-e1645719031100.png","width":150,"height":147,"caption":"Op Koers! Maritime"},"image":{"@id":"https:\/\/www.okmaritime.nl\/de\/#\/schema\/logo\/image\/"}}]}},"_links":{"self":[{"href":"https:\/\/www.okmaritime.nl\/de\/wp-json\/wp\/v2\/pages\/1849","targetHints":{"allow":["GET"]}}],"collection":[{"href":"https:\/\/www.okmaritime.nl\/de\/wp-json\/wp\/v2\/pages"}],"about":[{"href":"https:\/\/www.okmaritime.nl\/de\/wp-json\/wp\/v2\/types\/page"}],"author":[{"embeddable":true,"href":"https:\/\/www.okmaritime.nl\/de\/wp-json\/wp\/v2\/users\/1"}],"replies":[{"embeddable":true,"href":"https:\/\/www.okmaritime.nl\/de\/wp-json\/wp\/v2\/comments?post=1849"}],"version-history":[{"count":46,"href":"https:\/\/www.okmaritime.nl\/de\/wp-json\/wp\/v2\/pages\/1849\/revisions"}],"predecessor-version":[{"id":6376,"href":"https:\/\/www.okmaritime.nl\/de\/wp-json\/wp\/v2\/pages\/1849\/revisions\/6376"}],"up":[{"embeddable":true,"href":"https:\/\/www.okmaritime.nl\/de\/wp-json\/wp\/v2\/pages\/1790"}],"wp:featuredmedia":[{"embeddable":true,"href":"https:\/\/www.okmaritime.nl\/de\/wp-json\/wp\/v2\/media\/4573"}],"wp:attachment":[{"href":"https:\/\/www.okmaritime.nl\/de\/wp-json\/wp\/v2\/media?parent=1849"}],"curies":[{"name":"wp","href":"https:\/\/api.w.org\/{rel}","templated":true}]}}