{"id":1845,"date":"2021-06-21T13:29:39","date_gmt":"2021-06-21T13:29:39","guid":{"rendered":"https:\/\/www.okmaritime.nl\/test\/?page_id=1845"},"modified":"2025-09-22T09:19:51","modified_gmt":"2025-09-22T09:19:51","slug":"atemlufttraeger","status":"publish","type":"page","link":"https:\/\/www.okmaritime.nl\/de\/ausbildungen\/atemlufttraeger\/","title":{"rendered":"Atemlufttr\u00e4ger"},"content":{"rendered":"\t\t<div data-elementor-type=\"wp-page\" data-elementor-id=\"1845\" class=\"elementor elementor-1845\">\n\t\t\t\t\t\t<section class=\"elementor-section elementor-top-section elementor-element elementor-element-527e0b8 elementor-section-full_width elementor-section-height-default elementor-section-height-default\" data-id=\"527e0b8\" data-element_type=\"section\" data-e-type=\"section\">\n\t\t\t\t\t\t<div class=\"elementor-container elementor-column-gap-default\">\n\t\t\t\t\t<div class=\"elementor-column elementor-col-100 elementor-top-column elementor-element elementor-element-5dd7238\" data-id=\"5dd7238\" data-element_type=\"column\" data-e-type=\"column\">\n\t\t\t<div class=\"elementor-widget-wrap elementor-element-populated\">\n\t\t\t\t\t\t<div class=\"elementor-element elementor-element-d383b27 elementor-widget elementor-widget-heading\" data-id=\"d383b27\" data-element_type=\"widget\" data-e-type=\"widget\" data-widget_type=\"heading.default\">\n\t\t\t\t<div class=\"elementor-widget-container\">\n\t\t\t\t\t<h2 class=\"elementor-heading-title elementor-size-default\">Basis Atemlufttr\u00e4ger Training<\/h2>\t\t\t\t<\/div>\n\t\t\t\t<\/div>\n\t\t\t\t<div class=\"elementor-element elementor-element-2e8d1f2 elementor-widget elementor-widget-text-editor\" data-id=\"2e8d1f2\" data-element_type=\"widget\" data-e-type=\"widget\" data-widget_type=\"text-editor.default\">\n\t\t\t\t<div class=\"elementor-widget-container\">\n\t\t\t\t\t\t\t\t\t<p>Beim <strong>Atemlufttr\u00e4ger Training<\/strong> werden dem Teilnehmer die Grundprinzipien des sicheren Umgangs mit Atemluft vermittelt. Es ist wichtig zu wissen, dass bei der Durchf\u00fchrung dieser Aufgabe an Bord des Schiffes nicht probiert wird, den Teilnehmer zu einem versierten Feuerwehrmann auszubilden. In erster Linie ist es am wichtigsten die Situation zu kontrollieren, und zu verhindern, dass die Situation au\u00dfer Kontrolle ger\u00e4t. <\/p><p>Die Grundausbildung Atemlufttr\u00e4ger ist f\u00fcr alle gedacht, die angewiesen sind, w\u00e4hrend eines Notfalls diesen unter Kontrolle zu bringen, bis die Rettungsdienste eintreffen.<\/p><p><i class=\"far fa-clock\" style=\"color: #b1dbdd; margin-right: 4px;\"><\/i>1 Tag (3 halbe Tage) inkl. E-Learning-Modul vor dem Training an Bord<\/p>\t\t\t\t\t\t\t\t<\/div>\n\t\t\t\t<\/div>\n\t\t\t\t<div class=\"elementor-element elementor-element-862b3e9 elementor-tabs-view-vertical elementor-widget elementor-widget-tabs\" data-id=\"862b3e9\" data-element_type=\"widget\" data-e-type=\"widget\" data-widget_type=\"tabs.default\">\n\t\t\t\t<div class=\"elementor-widget-container\">\n\t\t\t\t\t\t\t<div class=\"elementor-tabs\">\n\t\t\t<div class=\"elementor-tabs-wrapper\" role=\"tablist\" >\n\t\t\t\t\t\t\t\t\t<div id=\"elementor-tab-title-1401\" class=\"elementor-tab-title elementor-tab-desktop-title\" aria-selected=\"true\" data-tab=\"1\" role=\"tab\" tabindex=\"0\" aria-controls=\"elementor-tab-content-1401\" aria-expanded=\"false\">F\u00fcr wen?<\/div>\n\t\t\t\t\t\t\t\t\t<div id=\"elementor-tab-title-1402\" class=\"elementor-tab-title elementor-tab-desktop-title\" aria-selected=\"false\" data-tab=\"2\" role=\"tab\" tabindex=\"-1\" aria-controls=\"elementor-tab-content-1402\" aria-expanded=\"false\">Unterrichtsprogramm <\/div>\n\t\t\t\t\t\t\t\t\t<div id=\"elementor-tab-title-1403\" class=\"elementor-tab-title elementor-tab-desktop-title\" aria-selected=\"false\" data-tab=\"3\" role=\"tab\" tabindex=\"-1\" aria-controls=\"elementor-tab-content-1403\" aria-expanded=\"false\">G\u00fcltigkeit Zertifikat<\/div>\n\t\t\t\t\t\t\t<\/div>\n\t\t\t<div class=\"elementor-tabs-content-wrapper\" role=\"tablist\" aria-orientation=\"vertical\">\n\t\t\t\t\t\t\t\t\t<div class=\"elementor-tab-title elementor-tab-mobile-title\" aria-selected=\"true\" data-tab=\"1\" role=\"tab\" tabindex=\"0\" aria-controls=\"elementor-tab-content-1401\" aria-expanded=\"false\">F\u00fcr wen?<\/div>\n\t\t\t\t\t<div id=\"elementor-tab-content-1401\" class=\"elementor-tab-content elementor-clearfix\" data-tab=\"1\" role=\"tabpanel\" aria-labelledby=\"elementor-tab-title-1401\" tabindex=\"0\" hidden=\"false\"><p>Atemlufttr\u00e4ger k\u00f6nnen sowohl aus den Besatzungsmitgliedern als auch aus dem Bordpersonal ausgew\u00e4hlt werden, wenn sie als geeignet angesehen werden, die Aufgaben bei der Rettung und beim Eintreten einer Gefahrensituation zu erf\u00fcllen, in der Atemluft getragen werden muss.<\/p><p>Bevor ein Kapit\u00e4n eine Person an Bord eines Fahrgastschiffes als Atemluftfahrzeugf\u00fchrer ernennen kann, muss er sowohl die Bescheinigung \u00fcber die Teilnahme an einem zugelassenen Kurs als auch die medizinische Tauglichkeit beachten.<\/p><p>Voraussetzung f\u00fcr die Teilnahme an der Ausbildung ist eine Bescheinigung \u00fcber die medizinische Tauglichkeit f\u00fcr die Einsatzf\u00e4higkeit als Atemlufttr\u00e4ger.<\/p><\/div>\n\t\t\t\t\t\t\t\t\t<div class=\"elementor-tab-title elementor-tab-mobile-title\" aria-selected=\"false\" data-tab=\"2\" role=\"tab\" tabindex=\"-1\" aria-controls=\"elementor-tab-content-1402\" aria-expanded=\"false\">Unterrichtsprogramm <\/div>\n\t\t\t\t\t<div id=\"elementor-tab-content-1402\" class=\"elementor-tab-content elementor-clearfix\" data-tab=\"2\" role=\"tabpanel\" aria-labelledby=\"elementor-tab-title-1402\" tabindex=\"0\" hidden=\"hidden\"><p>Das<strong> Atemlufttr\u00e4ger Training<\/strong> beinhaltet sowohl einen theoretischen als auch einen praktischen Teil. Zu den Themen, die w\u00e4hrend dieses Trainings behandelt werden, geh\u00f6ren: <\/p><ul><li>Die Verwendung von luftunabh\u00e4ngigen Atemschutzger\u00e4ten<\/li><li>Zusammenarbeit im Team in Notsituationen<\/li><li>Erkunden und Retten<\/li><li>Ein kleines Feuer bek\u00e4mpfen<\/li><li>Evakuierungs\u00fcbung<\/li><\/ul><p>Die Theorie wird praktisch in Szenarien an Bord des Schiffes ge\u00fcbt. Wir haben alle notwendigen Schulungsmaterialien im Haus und k\u00f6nnen sie europaweit einsetzen. Daf\u00fcr haben wir unter anderem eine speziell ausgestattete Trainingseinheit, in der verschiedene Szenarien durchgespielt werden k\u00f6nnen.<\/p><\/div>\n\t\t\t\t\t\t\t\t\t<div class=\"elementor-tab-title elementor-tab-mobile-title\" aria-selected=\"false\" data-tab=\"3\" role=\"tab\" tabindex=\"-1\" aria-controls=\"elementor-tab-content-1403\" aria-expanded=\"false\">G\u00fcltigkeit Zertifikat<\/div>\n\t\t\t\t\t<div id=\"elementor-tab-content-1403\" class=\"elementor-tab-content elementor-clearfix\" data-tab=\"3\" role=\"tabpanel\" aria-labelledby=\"elementor-tab-title-1403\" tabindex=\"0\" hidden=\"hidden\"><p>Der erfolgreiche Abschluss dieses Trainings berechtigt Sie zum Erwerb des Zertifikates \u201eAtemlufttr\u00e4ger\u201c mit einer G\u00fcltigkeit von 1 Jahr. <\/p><p>Zertifikate werden im Sicherheitsbuch ausgestellt, wie es in der Schifffahrtspersonalverordnung (RSP) vorgeschrieben ist, die von Op Koers! Maritiem ausgestellt wird.<\/p><p><strong>G\u00fcltigkeitsbescheinigung der medizinischen Tauglichkeit<\/strong><br \/>Die Tauglichkeitsbescheinigung wird auf der Grundlage des Alters und der festgestellten medizinischen Einschr\u00e4nkungen ausgestellt.<\/p><p>Bei Eignung gelten folgende G\u00fcltigkeitsdauern:<br \/>Alter bis 40 Jahre:<strong> 3 Jahre g\u00fcltig<\/strong><br \/>Alter zwischen 40 \u2013 50 Jahren:<strong> g\u00fcltig f\u00fcr 2 Jahre<\/strong><br \/>Alter \u00fcber 50 Jahre: <strong>g\u00fcltig f\u00fcr 1 Jahr<\/strong><\/p><\/div>\n\t\t\t\t\t\t\t<\/div>\n\t\t<\/div>\n\t\t\t\t\t\t<\/div>\n\t\t\t\t<\/div>\n\t\t\t\t<div class=\"elementor-element elementor-element-eeb0cd5 elementor-align-right elementor-mobile-align-left elementor-widget elementor-widget-button\" data-id=\"eeb0cd5\" data-element_type=\"widget\" data-e-type=\"widget\" data-widget_type=\"button.default\">\n\t\t\t\t<div class=\"elementor-widget-container\">\n\t\t\t\t\t\t\t\t\t<div class=\"elementor-button-wrapper\">\n\t\t\t\t\t<a class=\"elementor-button elementor-button-link elementor-size-sm\" href=\"https:\/\/www.okmaritime.nl\/de\/kontakt\/?wpf4339_3=atemlufttraeger\" title=\"Atemlufttr\u00e4ger\" id=\"privacy-verklaring\">\n\t\t\t\t\t\t<span class=\"elementor-button-content-wrapper\">\n\t\t\t\t\t\t<span class=\"elementor-button-icon\">\n\t\t\t\t<i aria-hidden=\"true\" class=\"fas fa-angle-double-right\"><\/i>\t\t\t<\/span>\n\t\t\t\t\t\t\t\t\t<span class=\"elementor-button-text\">Nehmen Sie Kontakt mit uns auf<\/span>\n\t\t\t\t\t<\/span>\n\t\t\t\t\t<\/a>\n\t\t\t\t<\/div>\n\t\t\t\t\t\t\t\t<\/div>\n\t\t\t\t<\/div>\n\t\t\t\t\t<\/div>\n\t\t<\/div>\n\t\t\t\t\t<\/div>\n\t\t<\/section>\n\t\t\t\t<section class=\"elementor-section elementor-top-section elementor-element elementor-element-60cb32f elementor-section-boxed elementor-section-height-default elementor-section-height-default\" data-id=\"60cb32f\" data-element_type=\"section\" data-e-type=\"section\" data-settings=\"{&quot;background_background&quot;:&quot;classic&quot;}\">\n\t\t\t\t\t\t<div class=\"elementor-container elementor-column-gap-default\">\n\t\t\t\t\t<div class=\"elementor-column elementor-col-100 elementor-top-column elementor-element elementor-element-a6edeb8\" data-id=\"a6edeb8\" data-element_type=\"column\" data-e-type=\"column\" data-settings=\"{&quot;background_background&quot;:&quot;classic&quot;}\">\n\t\t\t<div class=\"elementor-widget-wrap elementor-element-populated\">\n\t\t\t\t\t\t<div class=\"elementor-element elementor-element-8db4aa5 elementor-widget elementor-widget-image\" data-id=\"8db4aa5\" data-element_type=\"widget\" data-e-type=\"widget\" data-widget_type=\"image.default\">\n\t\t\t\t<div class=\"elementor-widget-container\">\n\t\t\t\t\t\t\t\t\t\t\t\t\t\t\t<img fetchpriority=\"high\" decoding=\"async\" width=\"1536\" height=\"77\" src=\"https:\/\/www.okmaritime.nl\/wp-content\/uploads\/2021\/11\/wave.jpg\" class=\"attachment-full size-full wp-image-3411\" alt=\"Golf\" srcset=\"https:\/\/www.okmaritime.nl\/wp-content\/uploads\/2021\/11\/wave.jpg 1536w, https:\/\/www.okmaritime.nl\/wp-content\/uploads\/2021\/11\/wave-300x15.jpg 300w, https:\/\/www.okmaritime.nl\/wp-content\/uploads\/2021\/11\/wave-1024x51.jpg 1024w, https:\/\/www.okmaritime.nl\/wp-content\/uploads\/2021\/11\/wave-768x39.jpg 768w\" sizes=\"(max-width: 1536px) 100vw, 1536px\" \/>\t\t\t\t\t\t\t\t\t\t\t\t\t\t\t<\/div>\n\t\t\t\t<\/div>\n\t\t\t\t<div class=\"elementor-element elementor-element-a9dbb4d elementor-widget elementor-widget-heading\" data-id=\"a9dbb4d\" data-element_type=\"widget\" data-e-type=\"widget\" data-widget_type=\"heading.default\">\n\t\t\t\t<div class=\"elementor-widget-container\">\n\t\t\t\t\t<h2 class=\"elementor-heading-title elementor-size-default\">Wiederholungskurs Atemlufttr\u00e4ger<\/h2>\t\t\t\t<\/div>\n\t\t\t\t<\/div>\n\t\t\t\t<div class=\"elementor-element elementor-element-501ac47 elementor-widget elementor-widget-text-editor\" data-id=\"501ac47\" data-element_type=\"widget\" data-e-type=\"widget\" data-widget_type=\"text-editor.default\">\n\t\t\t\t<div class=\"elementor-widget-container\">\n\t\t\t\t\t\t\t\t\t<p>Durch j\u00e4hrliche Auffrischungsschulungen kann der Atemlufttr\u00e4ger seine Kompetenz erhalten. <\/p><p>W\u00e4hrend dieses<strong> Auffrischungskurses Atemlufttr\u00e4ger<\/strong> wird haupts\u00e4chlich praktisch trainiert mit den erworbenen Kompetenzen und F\u00e4higkeiten des Teilnehmers.<\/p><p>Nach erfolgreichem Abschluss des Auffrischungskurses verl\u00e4ngert sich das Zertifikat um die gesetzlich festgelegte Laufzeit.<\/p><p><i class=\"far fa-clock\" style=\"color: #b1dbdd; margin-right: 4px;\"><\/i>1 Tag (2 halbe Tage)<\/p>\t\t\t\t\t\t\t\t<\/div>\n\t\t\t\t<\/div>\n\t\t\t\t\t<\/div>\n\t\t<\/div>\n\t\t\t\t\t<\/div>\n\t\t<\/section>\n\t\t\t\t<\/div>\n\t\t","protected":false},"excerpt":{"rendered":"<p>Beim Training \u201cAtemluftr\u00e4ger\u201d werden Besatzungsmitglieder ausgebildet, um Rettungs- und Evakuationsprozeduren aus zu f\u00fchren, wobei luftunabh\u00e4ngige Atemluftapparatur getragen werden muss.<\/p>\n","protected":false},"author":1,"featured_media":3517,"parent":1790,"menu_order":3,"comment_status":"closed","ping_status":"closed","template":"","meta":{"footnotes":""},"class_list":["post-1845","page","type-page","status-publish","has-post-thumbnail","hentry"],"yoast_head":"<!-- This site is optimized with the Yoast SEO plugin v27.4 - https:\/\/yoast.com\/product\/yoast-seo-wordpress\/ -->\n<title>Atemlufttr\u00e4ger<\/title>\n<meta name=\"robots\" content=\"index, follow, max-snippet:-1, max-image-preview:large, max-video-preview:-1\" \/>\n<link rel=\"canonical\" href=\"https:\/\/www.okmaritime.nl\/de\/ausbildungen\/atemlufttraeger\/\" \/>\n<meta property=\"og:locale\" content=\"de_DE\" \/>\n<meta property=\"og:locale:alternate\" content=\"en_GB\" \/>\n<meta property=\"og:locale:alternate\" content=\"nl_NL\" \/>\n<meta property=\"og:type\" content=\"article\" \/>\n<meta property=\"og:title\" content=\"Atemlufttr\u00e4ger\" \/>\n<meta property=\"og:description\" content=\"Beim Training \u201cAtemluftr\u00e4ger\u201d werden Besatzungsmitglieder ausgebildet, um Rettungs- und Evakuationsprozeduren aus zu f\u00fchren, wobei luftunabh\u00e4ngige Atemluftapparatur getragen werden muss.\" \/>\n<meta property=\"og:url\" content=\"https:\/\/www.okmaritime.nl\/de\/ausbildungen\/atemlufttraeger\/\" \/>\n<meta property=\"og:site_name\" content=\"OK Maritime\" \/>\n<meta property=\"article:modified_time\" content=\"2025-09-22T09:19:51+00:00\" \/>\n<meta property=\"og:image\" content=\"https:\/\/www.okmaritime.nl\/wp-content\/uploads\/2021\/11\/ademluchtdrager2.jpg\" \/>\n\t<meta property=\"og:image:width\" content=\"960\" \/>\n\t<meta property=\"og:image:height\" content=\"640\" \/>\n\t<meta property=\"og:image:type\" content=\"image\/jpeg\" \/>\n<meta name=\"twitter:card\" content=\"summary_large_image\" \/>\n<meta name=\"twitter:label1\" content=\"Gesch\u00e4tzte Lesezeit\" \/>\n\t<meta name=\"twitter:data1\" content=\"1\u00a0Minute\" \/>\n<script type=\"application\/ld+json\" class=\"yoast-schema-graph\">{\"@context\":\"https:\\\/\\\/schema.org\",\"@graph\":[{\"@type\":\"WebPage\",\"@id\":\"https:\\\/\\\/www.okmaritime.nl\\\/de\\\/ausbildungen\\\/atemlufttraeger\\\/\",\"url\":\"https:\\\/\\\/www.okmaritime.nl\\\/de\\\/ausbildungen\\\/atemlufttraeger\\\/\",\"name\":\"Atemlufttr\u00e4ger\",\"isPartOf\":{\"@id\":\"https:\\\/\\\/www.okmaritime.nl\\\/de\\\/#website\"},\"primaryImageOfPage\":{\"@id\":\"https:\\\/\\\/www.okmaritime.nl\\\/de\\\/ausbildungen\\\/atemlufttraeger\\\/#primaryimage\"},\"image\":{\"@id\":\"https:\\\/\\\/www.okmaritime.nl\\\/de\\\/ausbildungen\\\/atemlufttraeger\\\/#primaryimage\"},\"thumbnailUrl\":\"https:\\\/\\\/www.okmaritime.nl\\\/wp-content\\\/uploads\\\/2021\\\/11\\\/ademluchtdrager2.jpg\",\"datePublished\":\"2021-06-21T13:29:39+00:00\",\"dateModified\":\"2025-09-22T09:19:51+00:00\",\"breadcrumb\":{\"@id\":\"https:\\\/\\\/www.okmaritime.nl\\\/de\\\/ausbildungen\\\/atemlufttraeger\\\/#breadcrumb\"},\"inLanguage\":\"de-DE\",\"potentialAction\":[{\"@type\":\"ReadAction\",\"target\":[\"https:\\\/\\\/www.okmaritime.nl\\\/de\\\/ausbildungen\\\/atemlufttraeger\\\/\"]}]},{\"@type\":\"ImageObject\",\"inLanguage\":\"de-DE\",\"@id\":\"https:\\\/\\\/www.okmaritime.nl\\\/de\\\/ausbildungen\\\/atemlufttraeger\\\/#primaryimage\",\"url\":\"https:\\\/\\\/www.okmaritime.nl\\\/wp-content\\\/uploads\\\/2021\\\/11\\\/ademluchtdrager2.jpg\",\"contentUrl\":\"https:\\\/\\\/www.okmaritime.nl\\\/wp-content\\\/uploads\\\/2021\\\/11\\\/ademluchtdrager2.jpg\",\"width\":960,\"height\":640,\"caption\":\"Veiligheidsadvies\"},{\"@type\":\"BreadcrumbList\",\"@id\":\"https:\\\/\\\/www.okmaritime.nl\\\/de\\\/ausbildungen\\\/atemlufttraeger\\\/#breadcrumb\",\"itemListElement\":[{\"@type\":\"ListItem\",\"position\":1,\"name\":\"Home\",\"item\":\"https:\\\/\\\/www.okmaritime.nl\\\/de\\\/home-deutsch\\\/\"},{\"@type\":\"ListItem\",\"position\":2,\"name\":\"Ausbildungen\",\"item\":\"https:\\\/\\\/www.okmaritime.nl\\\/ausbildungen\\\/\"},{\"@type\":\"ListItem\",\"position\":3,\"name\":\"Atemlufttr\u00e4ger\"}]},{\"@type\":\"WebSite\",\"@id\":\"https:\\\/\\\/www.okmaritime.nl\\\/de\\\/#website\",\"url\":\"https:\\\/\\\/www.okmaritime.nl\\\/de\\\/\",\"name\":\"OK Maritime\",\"description\":\"Ship safety advice & Nautical safety trainings\",\"publisher\":{\"@id\":\"https:\\\/\\\/www.okmaritime.nl\\\/de\\\/#organization\"},\"potentialAction\":[{\"@type\":\"SearchAction\",\"target\":{\"@type\":\"EntryPoint\",\"urlTemplate\":\"https:\\\/\\\/www.okmaritime.nl\\\/de\\\/?s={search_term_string}\"},\"query-input\":{\"@type\":\"PropertyValueSpecification\",\"valueRequired\":true,\"valueName\":\"search_term_string\"}}],\"inLanguage\":\"de-DE\"},{\"@type\":\"Organization\",\"@id\":\"https:\\\/\\\/www.okmaritime.nl\\\/de\\\/#organization\",\"name\":\"Op Koers! Maritime\",\"url\":\"https:\\\/\\\/www.okmaritime.nl\\\/de\\\/\",\"logo\":{\"@type\":\"ImageObject\",\"inLanguage\":\"de-DE\",\"@id\":\"https:\\\/\\\/www.okmaritime.nl\\\/de\\\/#\\\/schema\\\/logo\\\/image\\\/\",\"url\":\"https:\\\/\\\/www.okmaritime.nl\\\/test\\\/wp-content\\\/uploads\\\/2021\\\/10\\\/OK-AcAdemy-zonder-achtergrond-e1645719031100.png\",\"contentUrl\":\"https:\\\/\\\/www.okmaritime.nl\\\/test\\\/wp-content\\\/uploads\\\/2021\\\/10\\\/OK-AcAdemy-zonder-achtergrond-e1645719031100.png\",\"width\":150,\"height\":147,\"caption\":\"Op Koers! Maritime\"},\"image\":{\"@id\":\"https:\\\/\\\/www.okmaritime.nl\\\/de\\\/#\\\/schema\\\/logo\\\/image\\\/\"}}]}<\/script>\n<!-- \/ Yoast SEO plugin. -->","yoast_head_json":{"title":"Atemlufttr\u00e4ger","robots":{"index":"index","follow":"follow","max-snippet":"max-snippet:-1","max-image-preview":"max-image-preview:large","max-video-preview":"max-video-preview:-1"},"canonical":"https:\/\/www.okmaritime.nl\/de\/ausbildungen\/atemlufttraeger\/","og_locale":"de_DE","og_type":"article","og_title":"[:en]Atemschutzger\u00e4tetr\u00e4ger[:nl]Atemlufttr\u00e4ger[:] - OK Maritime","og_description":"Beim Training \u201cAtemluftr\u00e4ger\u201d werden Besatzungsmitglieder ausgebildet, um Rettungs- und Evakuationsprozeduren aus zu f\u00fchren, wobei luftunabh\u00e4ngige Atemluftapparatur getragen werden muss.","og_url":"https:\/\/www.okmaritime.nl\/de\/ausbildungen\/atemlufttraeger\/","og_site_name":"OK Maritime","article_modified_time":"2025-09-22T09:19:51+00:00","og_image":[{"width":960,"height":640,"url":"https:\/\/www.okmaritime.nl\/wp-content\/uploads\/2021\/11\/ademluchtdrager2.jpg","type":"image\/jpeg"}],"twitter_card":"summary_large_image","twitter_misc":{"Gesch\u00e4tzte Lesezeit":"1\u00a0Minute"},"schema":{"@context":"https:\/\/schema.org","@graph":[{"@type":"WebPage","@id":"https:\/\/www.okmaritime.nl\/de\/ausbildungen\/atemlufttraeger\/","url":"https:\/\/www.okmaritime.nl\/de\/ausbildungen\/atemlufttraeger\/","name":"Atemlufttr\u00e4ger","isPartOf":{"@id":"https:\/\/www.okmaritime.nl\/de\/#website"},"primaryImageOfPage":{"@id":"https:\/\/www.okmaritime.nl\/de\/ausbildungen\/atemlufttraeger\/#primaryimage"},"image":{"@id":"https:\/\/www.okmaritime.nl\/de\/ausbildungen\/atemlufttraeger\/#primaryimage"},"thumbnailUrl":"https:\/\/www.okmaritime.nl\/wp-content\/uploads\/2021\/11\/ademluchtdrager2.jpg","datePublished":"2021-06-21T13:29:39+00:00","dateModified":"2025-09-22T09:19:51+00:00","breadcrumb":{"@id":"https:\/\/www.okmaritime.nl\/de\/ausbildungen\/atemlufttraeger\/#breadcrumb"},"inLanguage":"de-DE","potentialAction":[{"@type":"ReadAction","target":["https:\/\/www.okmaritime.nl\/de\/ausbildungen\/atemlufttraeger\/"]}]},{"@type":"ImageObject","inLanguage":"de-DE","@id":"https:\/\/www.okmaritime.nl\/de\/ausbildungen\/atemlufttraeger\/#primaryimage","url":"https:\/\/www.okmaritime.nl\/wp-content\/uploads\/2021\/11\/ademluchtdrager2.jpg","contentUrl":"https:\/\/www.okmaritime.nl\/wp-content\/uploads\/2021\/11\/ademluchtdrager2.jpg","width":960,"height":640,"caption":"Veiligheidsadvies"},{"@type":"BreadcrumbList","@id":"https:\/\/www.okmaritime.nl\/de\/ausbildungen\/atemlufttraeger\/#breadcrumb","itemListElement":[{"@type":"ListItem","position":1,"name":"Home","item":"https:\/\/www.okmaritime.nl\/de\/home-deutsch\/"},{"@type":"ListItem","position":2,"name":"Ausbildungen","item":"https:\/\/www.okmaritime.nl\/ausbildungen\/"},{"@type":"ListItem","position":3,"name":"Atemlufttr\u00e4ger"}]},{"@type":"WebSite","@id":"https:\/\/www.okmaritime.nl\/de\/#website","url":"https:\/\/www.okmaritime.nl\/de\/","name":"OK Maritime","description":"Ship safety advice & Nautical safety trainings","publisher":{"@id":"https:\/\/www.okmaritime.nl\/de\/#organization"},"potentialAction":[{"@type":"SearchAction","target":{"@type":"EntryPoint","urlTemplate":"https:\/\/www.okmaritime.nl\/de\/?s={search_term_string}"},"query-input":{"@type":"PropertyValueSpecification","valueRequired":true,"valueName":"search_term_string"}}],"inLanguage":"de-DE"},{"@type":"Organization","@id":"https:\/\/www.okmaritime.nl\/de\/#organization","name":"Op Koers! Maritime","url":"https:\/\/www.okmaritime.nl\/de\/","logo":{"@type":"ImageObject","inLanguage":"de-DE","@id":"https:\/\/www.okmaritime.nl\/de\/#\/schema\/logo\/image\/","url":"https:\/\/www.okmaritime.nl\/test\/wp-content\/uploads\/2021\/10\/OK-AcAdemy-zonder-achtergrond-e1645719031100.png","contentUrl":"https:\/\/www.okmaritime.nl\/test\/wp-content\/uploads\/2021\/10\/OK-AcAdemy-zonder-achtergrond-e1645719031100.png","width":150,"height":147,"caption":"Op Koers! Maritime"},"image":{"@id":"https:\/\/www.okmaritime.nl\/de\/#\/schema\/logo\/image\/"}}]}},"_links":{"self":[{"href":"https:\/\/www.okmaritime.nl\/de\/wp-json\/wp\/v2\/pages\/1845","targetHints":{"allow":["GET"]}}],"collection":[{"href":"https:\/\/www.okmaritime.nl\/de\/wp-json\/wp\/v2\/pages"}],"about":[{"href":"https:\/\/www.okmaritime.nl\/de\/wp-json\/wp\/v2\/types\/page"}],"author":[{"embeddable":true,"href":"https:\/\/www.okmaritime.nl\/de\/wp-json\/wp\/v2\/users\/1"}],"replies":[{"embeddable":true,"href":"https:\/\/www.okmaritime.nl\/de\/wp-json\/wp\/v2\/comments?post=1845"}],"version-history":[{"count":41,"href":"https:\/\/www.okmaritime.nl\/de\/wp-json\/wp\/v2\/pages\/1845\/revisions"}],"predecessor-version":[{"id":6394,"href":"https:\/\/www.okmaritime.nl\/de\/wp-json\/wp\/v2\/pages\/1845\/revisions\/6394"}],"up":[{"embeddable":true,"href":"https:\/\/www.okmaritime.nl\/de\/wp-json\/wp\/v2\/pages\/1790"}],"wp:featuredmedia":[{"embeddable":true,"href":"https:\/\/www.okmaritime.nl\/de\/wp-json\/wp\/v2\/media\/3517"}],"wp:attachment":[{"href":"https:\/\/www.okmaritime.nl\/de\/wp-json\/wp\/v2\/media?parent=1845"}],"curies":[{"name":"wp","href":"https:\/\/api.w.org\/{rel}","templated":true}]}}