{"id":1836,"date":"2021-06-21T13:25:37","date_gmt":"2021-06-21T13:25:37","guid":{"rendered":"https:\/\/www.okmaritime.nl\/test\/?page_id=1836"},"modified":"2025-09-22T09:09:51","modified_gmt":"2025-09-22T09:09:51","slug":"ok-maritime","status":"publish","type":"page","link":"https:\/\/www.okmaritime.nl\/de\/ueber-uns\/ok-maritime\/","title":{"rendered":"OK Maritime"},"content":{"rendered":"\t\t<div data-elementor-type=\"wp-page\" data-elementor-id=\"1836\" class=\"elementor elementor-1836\">\n\t\t\t\t\t\t<section class=\"elementor-section elementor-top-section elementor-element elementor-element-c62de06 elementor-section-boxed elementor-section-height-default elementor-section-height-default\" data-id=\"c62de06\" data-element_type=\"section\" data-e-type=\"section\">\n\t\t\t\t\t\t<div class=\"elementor-container elementor-column-gap-default\">\n\t\t\t\t\t<div class=\"elementor-column elementor-col-100 elementor-top-column elementor-element elementor-element-961c51b\" data-id=\"961c51b\" data-element_type=\"column\" data-e-type=\"column\">\n\t\t\t<div class=\"elementor-widget-wrap elementor-element-populated\">\n\t\t\t\t\t\t<div class=\"elementor-element elementor-element-844548c elementor-widget elementor-widget-heading\" data-id=\"844548c\" data-element_type=\"widget\" data-e-type=\"widget\" data-widget_type=\"heading.default\">\n\t\t\t\t<div class=\"elementor-widget-container\">\n\t\t\t\t\t<h2 class=\"elementor-heading-title elementor-size-default\">\u00dcber OK Maritime<\/h2>\t\t\t\t<\/div>\n\t\t\t\t<\/div>\n\t\t\t\t<div class=\"elementor-element elementor-element-24b71d4 elementor-widget elementor-widget-text-editor\" data-id=\"24b71d4\" data-element_type=\"widget\" data-e-type=\"widget\" data-widget_type=\"text-editor.default\">\n\t\t\t\t<div class=\"elementor-widget-container\">\n\t\t\t\t\t\t\t\t\t<p>Abgesehen davon, dass OK Maritime ein unabh\u00e4ngig operierendes Unternehmen ist, das verantwortlich ist f\u00fcr die Bereitstellung von Trainingsmitteln und -materialien f\u00fcr Op Koers! Maritiem, ist es unter diesem internationalen Namen im Jahr 2005 die Arbeit im Bereich Sicherheit und Ausbildungen begonnen. <\/p><p>Seit einigen Jahren sind die Ausbildungsaktivit\u00e4ten komplett bei Op Koers! Maritiem untergebracht. OK Maritime ist und bleibt jedoch der internationale Name von Op Koers! Maritiem f\u00fcr internationale Kunden.<\/p>\t\t\t\t\t\t\t\t<\/div>\n\t\t\t\t<\/div>\n\t\t\t\t\t<\/div>\n\t\t<\/div>\n\t\t\t\t\t<\/div>\n\t\t<\/section>\n\t\t\t\t<section class=\"elementor-section elementor-top-section elementor-element elementor-element-1c6ae5c elementor-section-boxed elementor-section-height-default elementor-section-height-default\" data-id=\"1c6ae5c\" data-element_type=\"section\" data-e-type=\"section\">\n\t\t\t\t\t\t<div class=\"elementor-container elementor-column-gap-default\">\n\t\t\t\t\t<div class=\"elementor-column elementor-col-100 elementor-top-column elementor-element elementor-element-26f25f2\" data-id=\"26f25f2\" data-element_type=\"column\" data-e-type=\"column\">\n\t\t\t<div class=\"elementor-widget-wrap elementor-element-populated\">\n\t\t\t\t\t\t<div class=\"elementor-element elementor-element-d245751 elementor-widget elementor-widget-heading\" data-id=\"d245751\" data-element_type=\"widget\" data-e-type=\"widget\" data-widget_type=\"heading.default\">\n\t\t\t\t<div class=\"elementor-widget-container\">\n\t\t\t\t\t<h3 class=\"elementor-heading-title elementor-size-default\">Inspektion von Feuerl\u00f6schern und Vermietung von Trainingsmitteln <\/h3>\t\t\t\t<\/div>\n\t\t\t\t<\/div>\n\t\t\t\t\t<\/div>\n\t\t<\/div>\n\t\t\t\t\t<\/div>\n\t\t<\/section>\n\t\t\t\t<section class=\"elementor-section elementor-top-section elementor-element elementor-element-7120c09 elementor-section-boxed elementor-section-height-default elementor-section-height-default\" data-id=\"7120c09\" data-element_type=\"section\" data-e-type=\"section\">\n\t\t\t\t\t\t<div class=\"elementor-container elementor-column-gap-default\">\n\t\t\t\t\t<div class=\"elementor-column elementor-col-100 elementor-top-column elementor-element elementor-element-1b8ee90\" data-id=\"1b8ee90\" data-element_type=\"column\" data-e-type=\"column\">\n\t\t\t<div class=\"elementor-widget-wrap elementor-element-populated\">\n\t\t\t\t\t\t<div class=\"elementor-element elementor-element-a460b94 elementor-widget elementor-widget-text-editor\" data-id=\"a460b94\" data-element_type=\"widget\" data-e-type=\"widget\" data-widget_type=\"text-editor.default\">\n\t\t\t\t<div class=\"elementor-widget-container\">\n\t\t\t\t\t\t\t\t\t<p>Obwohl sich OK Maritime haupts\u00e4chlich auf den Kauf, die Wartung und die Vermietung von Trainingsmaterialien konzentriert, verf\u00fcgt OK Maritime \u00fcber das Fachwissen und REOB-zertifiziertes Personal im Haus, das die regelm\u00e4\u00dfige Inspektion Ihrer Feuerl\u00f6scher durchf\u00fchren kann. Dar\u00fcber hinaus verkauft OK Maritime Feuerl\u00f6scher f\u00fcr Trainingszwecke.<\/p>\t\t\t\t\t\t\t\t<\/div>\n\t\t\t\t<\/div>\n\t\t\t\t\t<\/div>\n\t\t<\/div>\n\t\t\t\t\t<\/div>\n\t\t<\/section>\n\t\t\t\t<\/div>\n\t\t","protected":false},"excerpt":{"rendered":"<p>\u00dcber OK Maritime Abgesehen davon, dass OK Maritime ein unabh\u00e4ngig operierendes Unternehmen ist, das verantwortlich ist f\u00fcr die Bereitstellung von Trainingsmitteln und -materialien f\u00fcr Op Koers! Maritiem, ist es unter &#8230;<\/p>\n","protected":false},"author":1,"featured_media":5031,"parent":1796,"menu_order":0,"comment_status":"closed","ping_status":"closed","template":"","meta":{"footnotes":""},"class_list":["post-1836","page","type-page","status-publish","has-post-thumbnail","hentry"],"yoast_head":"<!-- This site is optimized with the Yoast SEO plugin v27.6 - https:\/\/yoast.com\/product\/yoast-seo-wordpress\/ -->\n<title>OK Maritime<\/title>\n<meta name=\"robots\" content=\"index, follow, max-snippet:-1, max-image-preview:large, max-video-preview:-1\" \/>\n<link rel=\"canonical\" href=\"https:\/\/www.okmaritime.nl\/de\/ueber-uns\/ok-maritime\/\" \/>\n<meta property=\"og:locale\" content=\"de_DE\" \/>\n<meta property=\"og:locale:alternate\" content=\"en_GB\" \/>\n<meta property=\"og:locale:alternate\" content=\"nl_NL\" \/>\n<meta property=\"og:type\" content=\"article\" \/>\n<meta property=\"og:title\" content=\"OK Maritime\" \/>\n<meta property=\"og:description\" content=\"\u00dcber OK Maritime Abgesehen davon, dass OK Maritime ein unabh\u00e4ngig operierendes Unternehmen ist, das verantwortlich ist f\u00fcr die Bereitstellung von Trainingsmitteln und -materialien f\u00fcr Op Koers! Maritiem, ist es unter ...\" \/>\n<meta property=\"og:url\" content=\"https:\/\/www.okmaritime.nl\/de\/ueber-uns\/ok-maritime\/\" \/>\n<meta property=\"og:site_name\" content=\"OK Maritime\" \/>\n<meta property=\"article:modified_time\" content=\"2025-09-22T09:09:51+00:00\" \/>\n<meta property=\"og:image\" content=\"https:\/\/www.okmaritime.nl\/wp-content\/uploads\/2022\/01\/IMG-20210807-WA0001.jpg\" \/>\n\t<meta property=\"og:image:width\" content=\"1600\" \/>\n\t<meta property=\"og:image:height\" content=\"900\" \/>\n\t<meta property=\"og:image:type\" content=\"image\/jpeg\" \/>\n<meta name=\"twitter:card\" content=\"summary_large_image\" \/>\n<meta name=\"twitter:label1\" content=\"Gesch\u00e4tzte Lesezeit\" \/>\n\t<meta name=\"twitter:data1\" content=\"1\u00a0Minute\" \/>\n<script type=\"application\/ld+json\" class=\"yoast-schema-graph\">{\"@context\":\"https:\\\/\\\/schema.org\",\"@graph\":[{\"@type\":\"WebPage\",\"@id\":\"https:\\\/\\\/www.okmaritime.nl\\\/de\\\/ueber-uns\\\/ok-maritime\\\/\",\"url\":\"https:\\\/\\\/www.okmaritime.nl\\\/de\\\/ueber-uns\\\/ok-maritime\\\/\",\"name\":\"OK Maritime\",\"isPartOf\":{\"@id\":\"https:\\\/\\\/www.okmaritime.nl\\\/de\\\/#website\"},\"primaryImageOfPage\":{\"@id\":\"https:\\\/\\\/www.okmaritime.nl\\\/de\\\/ueber-uns\\\/ok-maritime\\\/#primaryimage\"},\"image\":{\"@id\":\"https:\\\/\\\/www.okmaritime.nl\\\/de\\\/ueber-uns\\\/ok-maritime\\\/#primaryimage\"},\"thumbnailUrl\":\"https:\\\/\\\/www.okmaritime.nl\\\/wp-content\\\/uploads\\\/2022\\\/01\\\/IMG-20210807-WA0001.jpg\",\"datePublished\":\"2021-06-21T13:25:37+00:00\",\"dateModified\":\"2025-09-22T09:09:51+00:00\",\"breadcrumb\":{\"@id\":\"https:\\\/\\\/www.okmaritime.nl\\\/de\\\/ueber-uns\\\/ok-maritime\\\/#breadcrumb\"},\"inLanguage\":\"de-DE\",\"potentialAction\":[{\"@type\":\"ReadAction\",\"target\":[\"https:\\\/\\\/www.okmaritime.nl\\\/de\\\/ueber-uns\\\/ok-maritime\\\/\"]}]},{\"@type\":\"ImageObject\",\"inLanguage\":\"de-DE\",\"@id\":\"https:\\\/\\\/www.okmaritime.nl\\\/de\\\/ueber-uns\\\/ok-maritime\\\/#primaryimage\",\"url\":\"https:\\\/\\\/www.okmaritime.nl\\\/wp-content\\\/uploads\\\/2022\\\/01\\\/IMG-20210807-WA0001.jpg\",\"contentUrl\":\"https:\\\/\\\/www.okmaritime.nl\\\/wp-content\\\/uploads\\\/2022\\\/01\\\/IMG-20210807-WA0001.jpg\",\"width\":1600,\"height\":900},{\"@type\":\"BreadcrumbList\",\"@id\":\"https:\\\/\\\/www.okmaritime.nl\\\/de\\\/ueber-uns\\\/ok-maritime\\\/#breadcrumb\",\"itemListElement\":[{\"@type\":\"ListItem\",\"position\":1,\"name\":\"Home\",\"item\":\"https:\\\/\\\/www.okmaritime.nl\\\/de\\\/home-deutsch\\\/\"},{\"@type\":\"ListItem\",\"position\":2,\"name\":\"\u00dcber uns\",\"item\":\"https:\\\/\\\/www.okmaritime.nl\\\/ueber-uns\\\/\"},{\"@type\":\"ListItem\",\"position\":3,\"name\":\"OK Maritime\"}]},{\"@type\":\"WebSite\",\"@id\":\"https:\\\/\\\/www.okmaritime.nl\\\/de\\\/#website\",\"url\":\"https:\\\/\\\/www.okmaritime.nl\\\/de\\\/\",\"name\":\"OK Maritime\",\"description\":\"Ship safety advice & Nautical safety trainings\",\"publisher\":{\"@id\":\"https:\\\/\\\/www.okmaritime.nl\\\/de\\\/#organization\"},\"potentialAction\":[{\"@type\":\"SearchAction\",\"target\":{\"@type\":\"EntryPoint\",\"urlTemplate\":\"https:\\\/\\\/www.okmaritime.nl\\\/de\\\/?s={search_term_string}\"},\"query-input\":{\"@type\":\"PropertyValueSpecification\",\"valueRequired\":true,\"valueName\":\"search_term_string\"}}],\"inLanguage\":\"de-DE\"},{\"@type\":\"Organization\",\"@id\":\"https:\\\/\\\/www.okmaritime.nl\\\/de\\\/#organization\",\"name\":\"Op Koers! Maritime\",\"url\":\"https:\\\/\\\/www.okmaritime.nl\\\/de\\\/\",\"logo\":{\"@type\":\"ImageObject\",\"inLanguage\":\"de-DE\",\"@id\":\"https:\\\/\\\/www.okmaritime.nl\\\/de\\\/#\\\/schema\\\/logo\\\/image\\\/\",\"url\":\"https:\\\/\\\/www.okmaritime.nl\\\/test\\\/wp-content\\\/uploads\\\/2021\\\/10\\\/OK-AcAdemy-zonder-achtergrond-e1645719031100.png\",\"contentUrl\":\"https:\\\/\\\/www.okmaritime.nl\\\/test\\\/wp-content\\\/uploads\\\/2021\\\/10\\\/OK-AcAdemy-zonder-achtergrond-e1645719031100.png\",\"width\":150,\"height\":147,\"caption\":\"Op Koers! Maritime\"},\"image\":{\"@id\":\"https:\\\/\\\/www.okmaritime.nl\\\/de\\\/#\\\/schema\\\/logo\\\/image\\\/\"}}]}<\/script>\n<!-- \/ Yoast SEO plugin. -->","yoast_head_json":{"title":"OK Maritime","robots":{"index":"index","follow":"follow","max-snippet":"max-snippet:-1","max-image-preview":"max-image-preview:large","max-video-preview":"max-video-preview:-1"},"canonical":"https:\/\/www.okmaritime.nl\/de\/ueber-uns\/ok-maritime\/","og_locale":"de_DE","og_type":"article","og_title":"[:en]OK Maritime[:nl]OK Maritime[:] - OK Maritime","og_description":"\u00dcber OK Maritime Abgesehen davon, dass OK Maritime ein unabh\u00e4ngig operierendes Unternehmen ist, das verantwortlich ist f\u00fcr die Bereitstellung von Trainingsmitteln und -materialien f\u00fcr Op Koers! Maritiem, ist es unter ...","og_url":"https:\/\/www.okmaritime.nl\/de\/ueber-uns\/ok-maritime\/","og_site_name":"OK Maritime","article_modified_time":"2025-09-22T09:09:51+00:00","og_image":[{"width":1600,"height":900,"url":"https:\/\/www.okmaritime.nl\/wp-content\/uploads\/2022\/01\/IMG-20210807-WA0001.jpg","type":"image\/jpeg"}],"twitter_card":"summary_large_image","twitter_misc":{"Gesch\u00e4tzte Lesezeit":"1\u00a0Minute"},"schema":{"@context":"https:\/\/schema.org","@graph":[{"@type":"WebPage","@id":"https:\/\/www.okmaritime.nl\/de\/ueber-uns\/ok-maritime\/","url":"https:\/\/www.okmaritime.nl\/de\/ueber-uns\/ok-maritime\/","name":"OK Maritime","isPartOf":{"@id":"https:\/\/www.okmaritime.nl\/de\/#website"},"primaryImageOfPage":{"@id":"https:\/\/www.okmaritime.nl\/de\/ueber-uns\/ok-maritime\/#primaryimage"},"image":{"@id":"https:\/\/www.okmaritime.nl\/de\/ueber-uns\/ok-maritime\/#primaryimage"},"thumbnailUrl":"https:\/\/www.okmaritime.nl\/wp-content\/uploads\/2022\/01\/IMG-20210807-WA0001.jpg","datePublished":"2021-06-21T13:25:37+00:00","dateModified":"2025-09-22T09:09:51+00:00","breadcrumb":{"@id":"https:\/\/www.okmaritime.nl\/de\/ueber-uns\/ok-maritime\/#breadcrumb"},"inLanguage":"de-DE","potentialAction":[{"@type":"ReadAction","target":["https:\/\/www.okmaritime.nl\/de\/ueber-uns\/ok-maritime\/"]}]},{"@type":"ImageObject","inLanguage":"de-DE","@id":"https:\/\/www.okmaritime.nl\/de\/ueber-uns\/ok-maritime\/#primaryimage","url":"https:\/\/www.okmaritime.nl\/wp-content\/uploads\/2022\/01\/IMG-20210807-WA0001.jpg","contentUrl":"https:\/\/www.okmaritime.nl\/wp-content\/uploads\/2022\/01\/IMG-20210807-WA0001.jpg","width":1600,"height":900},{"@type":"BreadcrumbList","@id":"https:\/\/www.okmaritime.nl\/de\/ueber-uns\/ok-maritime\/#breadcrumb","itemListElement":[{"@type":"ListItem","position":1,"name":"Home","item":"https:\/\/www.okmaritime.nl\/de\/home-deutsch\/"},{"@type":"ListItem","position":2,"name":"\u00dcber uns","item":"https:\/\/www.okmaritime.nl\/ueber-uns\/"},{"@type":"ListItem","position":3,"name":"OK Maritime"}]},{"@type":"WebSite","@id":"https:\/\/www.okmaritime.nl\/de\/#website","url":"https:\/\/www.okmaritime.nl\/de\/","name":"OK Maritime","description":"Ship safety advice & Nautical safety trainings","publisher":{"@id":"https:\/\/www.okmaritime.nl\/de\/#organization"},"potentialAction":[{"@type":"SearchAction","target":{"@type":"EntryPoint","urlTemplate":"https:\/\/www.okmaritime.nl\/de\/?s={search_term_string}"},"query-input":{"@type":"PropertyValueSpecification","valueRequired":true,"valueName":"search_term_string"}}],"inLanguage":"de-DE"},{"@type":"Organization","@id":"https:\/\/www.okmaritime.nl\/de\/#organization","name":"Op Koers! Maritime","url":"https:\/\/www.okmaritime.nl\/de\/","logo":{"@type":"ImageObject","inLanguage":"de-DE","@id":"https:\/\/www.okmaritime.nl\/de\/#\/schema\/logo\/image\/","url":"https:\/\/www.okmaritime.nl\/test\/wp-content\/uploads\/2021\/10\/OK-AcAdemy-zonder-achtergrond-e1645719031100.png","contentUrl":"https:\/\/www.okmaritime.nl\/test\/wp-content\/uploads\/2021\/10\/OK-AcAdemy-zonder-achtergrond-e1645719031100.png","width":150,"height":147,"caption":"Op Koers! Maritime"},"image":{"@id":"https:\/\/www.okmaritime.nl\/de\/#\/schema\/logo\/image\/"}}]}},"_links":{"self":[{"href":"https:\/\/www.okmaritime.nl\/de\/wp-json\/wp\/v2\/pages\/1836","targetHints":{"allow":["GET"]}}],"collection":[{"href":"https:\/\/www.okmaritime.nl\/de\/wp-json\/wp\/v2\/pages"}],"about":[{"href":"https:\/\/www.okmaritime.nl\/de\/wp-json\/wp\/v2\/types\/page"}],"author":[{"embeddable":true,"href":"https:\/\/www.okmaritime.nl\/de\/wp-json\/wp\/v2\/users\/1"}],"replies":[{"embeddable":true,"href":"https:\/\/www.okmaritime.nl\/de\/wp-json\/wp\/v2\/comments?post=1836"}],"version-history":[{"count":26,"href":"https:\/\/www.okmaritime.nl\/de\/wp-json\/wp\/v2\/pages\/1836\/revisions"}],"predecessor-version":[{"id":6244,"href":"https:\/\/www.okmaritime.nl\/de\/wp-json\/wp\/v2\/pages\/1836\/revisions\/6244"}],"up":[{"embeddable":true,"href":"https:\/\/www.okmaritime.nl\/de\/wp-json\/wp\/v2\/pages\/1796"}],"wp:featuredmedia":[{"embeddable":true,"href":"https:\/\/www.okmaritime.nl\/de\/wp-json\/wp\/v2\/media\/5031"}],"wp:attachment":[{"href":"https:\/\/www.okmaritime.nl\/de\/wp-json\/wp\/v2\/media?parent=1836"}],"curies":[{"name":"wp","href":"https:\/\/api.w.org\/{rel}","templated":true}]}}