{"id":1796,"date":"2021-06-18T12:57:41","date_gmt":"2021-06-18T12:57:41","guid":{"rendered":"https:\/\/www.okmaritime.nl\/test\/?page_id=1796"},"modified":"2025-09-22T09:09:40","modified_gmt":"2025-09-22T09:09:40","slug":"ueber-uns","status":"publish","type":"page","link":"https:\/\/www.okmaritime.nl\/de\/ueber-uns\/","title":{"rendered":"\u00dcber uns"},"content":{"rendered":"\t\t<div data-elementor-type=\"wp-page\" data-elementor-id=\"1796\" class=\"elementor elementor-1796\">\n\t\t\t\t\t\t<section class=\"elementor-section elementor-top-section elementor-element elementor-element-23ec9b6 elementor-section-boxed elementor-section-height-default elementor-section-height-default\" data-id=\"23ec9b6\" data-element_type=\"section\" data-e-type=\"section\">\n\t\t\t\t\t\t<div class=\"elementor-container elementor-column-gap-default\">\n\t\t\t\t\t<div class=\"elementor-column elementor-col-100 elementor-top-column elementor-element elementor-element-c6bd51e\" data-id=\"c6bd51e\" data-element_type=\"column\" data-e-type=\"column\">\n\t\t\t<div class=\"elementor-widget-wrap elementor-element-populated\">\n\t\t\t\t\t\t<div class=\"elementor-element elementor-element-7754189 elementor-widget elementor-widget-heading\" data-id=\"7754189\" data-element_type=\"widget\" data-e-type=\"widget\" data-widget_type=\"heading.default\">\n\t\t\t\t<div class=\"elementor-widget-container\">\n\t\t\t\t\t<h2 class=\"elementor-heading-title elementor-size-default\">\u00dcber Op Koers! Maritiem<\/h2>\t\t\t\t<\/div>\n\t\t\t\t<\/div>\n\t\t\t\t<div class=\"elementor-element elementor-element-e2aff41 elementor-widget elementor-widget-text-editor\" data-id=\"e2aff41\" data-element_type=\"widget\" data-e-type=\"widget\" data-widget_type=\"text-editor.default\">\n\t\t\t\t<div class=\"elementor-widget-container\">\n\t\t\t\t\t\t\t\t\t<p>Bereits seit 2009 <strong>organisiert Op Koers! Maritiem Sicherheitstrainings f\u00fcr Schifffahrtspersonal in der Personenbef\u00f6rderung.<\/strong> Mit einem umfangreichen Dienstleistungspaket bieten wir zusammen mit unseren <a href=\"https:\/\/www.okmaritime.nl\/ueber-uns\/schwester-unternehmen\/\">Schwesterorganisation<\/a>&nbsp;<strong>Safe Ships<\/strong> ein Gesamtkonzept f\u00fcr die Sicherheit an Bord. Wir sind als Ausbildungsbetrieb durch den Vertreter der Zentralkommission f\u00fcr die Rheinschifffahrt (ZKR), die Lebensumgebung &amp; Transport Inspektion (ILT) und ISO 9001 2015 zertifiziert. Wir f\u00fchren Besatzungen auf das erforderliche Ausbildungsniveau, indem wir sie in der Praxis schulen, und sind berechtigt, gem\u00e4\u00df den Schifffahrtsvorschriften Personal (RSP) zu zertifizieren und Kompetenzen gem\u00e4\u00df den Richtlinien der ES-QIN zu \u00fcbernehmen.<\/p>\t\t\t\t\t\t\t\t<\/div>\n\t\t\t\t<\/div>\n\t\t\t\t<div class=\"elementor-element elementor-element-9fa40e9 elementor-widget elementor-widget-heading\" data-id=\"9fa40e9\" data-element_type=\"widget\" data-e-type=\"widget\" data-widget_type=\"heading.default\">\n\t\t\t\t<div class=\"elementor-widget-container\">\n\t\t\t\t\t<h3 class=\"elementor-heading-title elementor-size-default\">Kontinuierliche Verbesserungen<\/h3>\t\t\t\t<\/div>\n\t\t\t\t<\/div>\n\t\t\t\t<div class=\"elementor-element elementor-element-b713cfb elementor-widget elementor-widget-text-editor\" data-id=\"b713cfb\" data-element_type=\"widget\" data-e-type=\"widget\" data-widget_type=\"text-editor.default\">\n\t\t\t\t<div class=\"elementor-widget-container\">\n\t\t\t\t\t\t\t\t\t<p><strong>Op Koers! Maritiem<\/strong> strebt nach Effizienz in allen Bereichen und verliert nie den Kunden aus den Augen. Die Trainingsinhalte halten wir aktuell und im Einklang mit den gesetzlichen Bestimmungen, unter anderem durch den Einsatz ma\u00dfgeschneiderter L\u00f6sungen, die Erfassung des Trainingsbedarfs, den engen Kontakt zu Reedereien und die kontinuierliche Verbesserung des Trainingsangebots. <\/p><h4><strong>OK Akademy<\/strong><\/h4><p>Diese kontinuierlichen Verbesserungen haben unter anderem zur Gr\u00fcndung der OK Academy gef\u00fchrt. Hier eignen sich die Kursteilnehmer theoretisches Wissen individuell an, in ihrem eigenen Tempo und zu einem selbstgew\u00e4hlten Zeitpunkt an, um w\u00e4hrend der praktischen Ausbildung an Bord den Fokus auf das praktische Handeln zu legen und die Kurszeit effizient zu gestalten.<\/p><p>Unsere fachkundigen Trainer schulen vor Ort nach den W\u00fcnschen der Reederei, an jedem gew\u00fcnschten Ort und zu einem vom Kunden bestimmten Zeitpunkt. Nur kompetente Sch\u00fcler werden zertifiziert, damit die Sicherheit an Bord gew\u00e4hrleistet ist und zertifiziertes Personal im Notfall an Bord angemessen handelt.<\/p>\t\t\t\t\t\t\t\t<\/div>\n\t\t\t\t<\/div>\n\t\t\t\t<div class=\"elementor-element elementor-element-5f35642 elementor-widget elementor-widget-heading\" data-id=\"5f35642\" data-element_type=\"widget\" data-e-type=\"widget\" data-widget_type=\"heading.default\">\n\t\t\t\t<div class=\"elementor-widget-container\">\n\t\t\t\t\t<h3 class=\"elementor-heading-title elementor-size-default\">Flexibles Team<\/h3>\t\t\t\t<\/div>\n\t\t\t\t<\/div>\n\t\t\t\t<div class=\"elementor-element elementor-element-0b6ca88 elementor-widget elementor-widget-text-editor\" data-id=\"0b6ca88\" data-element_type=\"widget\" data-e-type=\"widget\" data-widget_type=\"text-editor.default\">\n\t\t\t\t<div class=\"elementor-widget-container\">\n\t\t\t\t\t\t\t\t\t<p>Durch unser kompaktes Team mit hoher Flexibilit\u00e4t k\u00f6nnen viele Trainingsteilnehmer gleichzeitig an verschiedenen Standorten in Europa ausgebildet werden. Daf\u00fcr steht uns ein umfangreicher Pool an engagierten Trainern zur Verf\u00fcgung. Die Trainings werden haupts\u00e4chlich an Bord von Passagierschiffen durchgef\u00fchrt. Viele zufriedene internationale Kunden und Reedereien wissen, wo sie uns f\u00fcr eine Zertifizierung finden, die in allen EU-Mitgliedstaaten sowohl nach der Schifffahrtspersonalverordnung (RSP) als auch nach ES-QIN g\u00fcltig ist.<\/p>\t\t\t\t\t\t\t\t<\/div>\n\t\t\t\t<\/div>\n\t\t\t\t\t<\/div>\n\t\t<\/div>\n\t\t\t\t\t<\/div>\n\t\t<\/section>\n\t\t\t\t<section class=\"elementor-section elementor-top-section elementor-element elementor-element-ea6e0cd elementor-section-boxed elementor-section-height-default elementor-section-height-default\" data-id=\"ea6e0cd\" data-element_type=\"section\" data-e-type=\"section\">\n\t\t\t\t\t\t<div class=\"elementor-container elementor-column-gap-default\">\n\t\t\t\t\t<div class=\"elementor-column elementor-col-100 elementor-top-column elementor-element elementor-element-d020387\" data-id=\"d020387\" data-element_type=\"column\" data-e-type=\"column\">\n\t\t\t<div class=\"elementor-widget-wrap elementor-element-populated\">\n\t\t\t\t\t\t<section class=\"elementor-section elementor-inner-section elementor-element elementor-element-79ad42c elementor-section-boxed elementor-section-height-default elementor-section-height-default\" data-id=\"79ad42c\" data-element_type=\"section\" data-e-type=\"section\">\n\t\t\t\t\t\t<div class=\"elementor-container elementor-column-gap-default\">\n\t\t\t\t\t<div class=\"elementor-column elementor-col-50 elementor-inner-column elementor-element elementor-element-6bebfbd\" data-id=\"6bebfbd\" data-element_type=\"column\" data-e-type=\"column\">\n\t\t\t<div class=\"elementor-widget-wrap elementor-element-populated\">\n\t\t\t\t\t\t<div class=\"elementor-element elementor-element-a58e6bd elementor-widget elementor-widget-heading\" data-id=\"a58e6bd\" data-element_type=\"widget\" data-e-type=\"widget\" data-widget_type=\"heading.default\">\n\t\t\t\t<div class=\"elementor-widget-container\">\n\t\t\t\t\t<h3 class=\"elementor-heading-title elementor-size-default\">Arbeitsgebiet Europa<\/h3>\t\t\t\t<\/div>\n\t\t\t\t<\/div>\n\t\t\t\t<div class=\"elementor-element elementor-element-05339d1 elementor-widget elementor-widget-text-editor\" data-id=\"05339d1\" data-element_type=\"widget\" data-e-type=\"widget\" data-widget_type=\"text-editor.default\">\n\t\t\t\t<div class=\"elementor-widget-container\">\n\t\t\t\t\t\t\t\t\t<p>Aufgrund des internationalen Charakters der Schifffahrt umfasst unser Arbeitsgebiet fast ganz Westeuropa und einen Teil Osteuropas. <\/p><p>Aufgrund unserer Einbindung in die Binnenschifffahrtsbranche behalten wir das Wissen \u00fcber die gesetzlichen Anforderungen und Vorschriften in den EU-Mitgliedsstaaten genau im Auge und verf\u00fcgen \u00fcber Informationen aus erster Hand \u00fcber die Gesetzgebung. Dar\u00fcber hinaus verf\u00fcgen sowohl unser Team als auch unser Trainer Netzwerk \u00fcber umfangreiche Sprachkenntnisse. Diese beiden Eigenschaften sorgen daf\u00fcr, dass wir in allen europ\u00e4ischen L\u00e4ndern m\u00fchelos agieren k\u00f6nnen.<\/p><p>Nat\u00fcrlich ist nicht jedes Land um die Ecke. Aufgrund unseres gro\u00dfen Kundenstamms sind wir jedoch in der Lage, unsere Kosten durch effiziente Planung und Transportkombinationen niedrig und attraktiv zu halten.<\/p>\t\t\t\t\t\t\t\t<\/div>\n\t\t\t\t<\/div>\n\t\t\t\t\t<\/div>\n\t\t<\/div>\n\t\t\t\t<div class=\"elementor-column elementor-col-50 elementor-inner-column elementor-element elementor-element-6a67f76\" data-id=\"6a67f76\" data-element_type=\"column\" data-e-type=\"column\">\n\t\t\t<div class=\"elementor-widget-wrap elementor-element-populated\">\n\t\t\t\t\t\t<div class=\"elementor-element elementor-element-f4a6548 elementor-widget elementor-widget-image\" data-id=\"f4a6548\" data-element_type=\"widget\" data-e-type=\"widget\" data-widget_type=\"image.default\">\n\t\t\t\t<div class=\"elementor-widget-container\">\n\t\t\t\t\t\t\t\t\t\t\t\t\t\t\t<img fetchpriority=\"high\" decoding=\"async\" width=\"768\" height=\"752\" src=\"https:\/\/www.okmaritime.nl\/wp-content\/uploads\/2025\/02\/europa-goed-768x752.png\" class=\"attachment-medium_large size-medium_large wp-image-6939\" alt=\"\" srcset=\"https:\/\/www.okmaritime.nl\/wp-content\/uploads\/2025\/02\/europa-goed-768x752.png 768w, https:\/\/www.okmaritime.nl\/wp-content\/uploads\/2025\/02\/europa-goed-300x294.png 300w, https:\/\/www.okmaritime.nl\/wp-content\/uploads\/2025\/02\/europa-goed-1024x1002.png 1024w, https:\/\/www.okmaritime.nl\/wp-content\/uploads\/2025\/02\/europa-goed-1536x1503.png 1536w, https:\/\/www.okmaritime.nl\/wp-content\/uploads\/2025\/02\/europa-goed-2048x2004.png 2048w\" sizes=\"(max-width: 768px) 100vw, 768px\" \/>\t\t\t\t\t\t\t\t\t\t\t\t\t\t\t<\/div>\n\t\t\t\t<\/div>\n\t\t\t\t\t<\/div>\n\t\t<\/div>\n\t\t\t\t\t<\/div>\n\t\t<\/section>\n\t\t\t\t\t<\/div>\n\t\t<\/div>\n\t\t\t\t\t<\/div>\n\t\t<\/section>\n\t\t\t\t<\/div>\n\t\t","protected":false},"excerpt":{"rendered":"<p>\u00dcber Op Koers! Maritiem Als sinds 2005 organiseert Op Koers! Maritiem veiligheidstrainingen voor scheepvaartpersoneel in de passagiersvaart. Met een uitgebreid dienstenpakket leveren wij een totaalconcept voor veiligheid aan boord, samen &#8230;<\/p>\n","protected":false},"author":1,"featured_media":2004,"parent":0,"menu_order":0,"comment_status":"closed","ping_status":"closed","template":"","meta":{"footnotes":""},"class_list":["post-1796","page","type-page","status-publish","has-post-thumbnail","hentry"],"yoast_head":"<!-- This site is optimized with the Yoast SEO plugin v27.6 - https:\/\/yoast.com\/product\/yoast-seo-wordpress\/ -->\n<title>\u00dcber uns<\/title>\n<meta name=\"robots\" content=\"index, follow, max-snippet:-1, max-image-preview:large, max-video-preview:-1\" \/>\n<link rel=\"canonical\" href=\"https:\/\/www.okmaritime.nl\/de\/ueber-uns\/\" \/>\n<meta property=\"og:locale\" content=\"de_DE\" \/>\n<meta property=\"og:locale:alternate\" content=\"en_GB\" \/>\n<meta property=\"og:locale:alternate\" content=\"nl_NL\" \/>\n<meta property=\"og:type\" content=\"article\" \/>\n<meta property=\"og:title\" content=\"\u00dcber uns\" \/>\n<meta property=\"og:description\" content=\"\u00dcber Op Koers! Maritiem Als sinds 2005 organiseert Op Koers! Maritiem veiligheidstrainingen voor scheepvaartpersoneel in de passagiersvaart. Met een uitgebreid dienstenpakket leveren wij een totaalconcept voor veiligheid aan boord, samen ...\" \/>\n<meta property=\"og:url\" content=\"https:\/\/www.okmaritime.nl\/de\/ueber-uns\/\" \/>\n<meta property=\"og:site_name\" content=\"OK Maritime\" \/>\n<meta property=\"article:modified_time\" content=\"2025-09-22T09:09:40+00:00\" \/>\n<meta property=\"og:image\" content=\"https:\/\/www.okmaritime.nl\/wp-content\/uploads\/2021\/06\/pexels-fabio-scaletta-2096728-e1624446778686.jpg\" \/>\n\t<meta property=\"og:image:width\" content=\"1280\" \/>\n\t<meta property=\"og:image:height\" content=\"370\" \/>\n\t<meta property=\"og:image:type\" content=\"image\/jpeg\" \/>\n<meta name=\"twitter:card\" content=\"summary_large_image\" \/>\n<meta name=\"twitter:label1\" content=\"Gesch\u00e4tzte Lesezeit\" \/>\n\t<meta name=\"twitter:data1\" content=\"1\u00a0Minute\" \/>\n<script type=\"application\/ld+json\" class=\"yoast-schema-graph\">{\"@context\":\"https:\\\/\\\/schema.org\",\"@graph\":[{\"@type\":\"WebPage\",\"@id\":\"https:\\\/\\\/www.okmaritime.nl\\\/de\\\/ueber-uns\\\/\",\"url\":\"https:\\\/\\\/www.okmaritime.nl\\\/de\\\/ueber-uns\\\/\",\"name\":\"\u00dcber uns\",\"isPartOf\":{\"@id\":\"https:\\\/\\\/www.okmaritime.nl\\\/de\\\/#website\"},\"primaryImageOfPage\":{\"@id\":\"https:\\\/\\\/www.okmaritime.nl\\\/de\\\/ueber-uns\\\/#primaryimage\"},\"image\":{\"@id\":\"https:\\\/\\\/www.okmaritime.nl\\\/de\\\/ueber-uns\\\/#primaryimage\"},\"thumbnailUrl\":\"https:\\\/\\\/www.okmaritime.nl\\\/wp-content\\\/uploads\\\/2021\\\/06\\\/pexels-fabio-scaletta-2096728-e1624446778686.jpg\",\"datePublished\":\"2021-06-18T12:57:41+00:00\",\"dateModified\":\"2025-09-22T09:09:40+00:00\",\"breadcrumb\":{\"@id\":\"https:\\\/\\\/www.okmaritime.nl\\\/de\\\/ueber-uns\\\/#breadcrumb\"},\"inLanguage\":\"de-DE\",\"potentialAction\":[{\"@type\":\"ReadAction\",\"target\":[\"https:\\\/\\\/www.okmaritime.nl\\\/de\\\/ueber-uns\\\/\"]}]},{\"@type\":\"ImageObject\",\"inLanguage\":\"de-DE\",\"@id\":\"https:\\\/\\\/www.okmaritime.nl\\\/de\\\/ueber-uns\\\/#primaryimage\",\"url\":\"https:\\\/\\\/www.okmaritime.nl\\\/wp-content\\\/uploads\\\/2021\\\/06\\\/pexels-fabio-scaletta-2096728-e1624446778686.jpg\",\"contentUrl\":\"https:\\\/\\\/www.okmaritime.nl\\\/wp-content\\\/uploads\\\/2021\\\/06\\\/pexels-fabio-scaletta-2096728-e1624446778686.jpg\",\"width\":1280,\"height\":370},{\"@type\":\"BreadcrumbList\",\"@id\":\"https:\\\/\\\/www.okmaritime.nl\\\/de\\\/ueber-uns\\\/#breadcrumb\",\"itemListElement\":[{\"@type\":\"ListItem\",\"position\":1,\"name\":\"Home\",\"item\":\"https:\\\/\\\/www.okmaritime.nl\\\/de\\\/home-deutsch\\\/\"},{\"@type\":\"ListItem\",\"position\":2,\"name\":\"\u00dcber uns\"}]},{\"@type\":\"WebSite\",\"@id\":\"https:\\\/\\\/www.okmaritime.nl\\\/de\\\/#website\",\"url\":\"https:\\\/\\\/www.okmaritime.nl\\\/de\\\/\",\"name\":\"OK Maritime\",\"description\":\"Ship safety advice & Nautical safety trainings\",\"publisher\":{\"@id\":\"https:\\\/\\\/www.okmaritime.nl\\\/de\\\/#organization\"},\"potentialAction\":[{\"@type\":\"SearchAction\",\"target\":{\"@type\":\"EntryPoint\",\"urlTemplate\":\"https:\\\/\\\/www.okmaritime.nl\\\/de\\\/?s={search_term_string}\"},\"query-input\":{\"@type\":\"PropertyValueSpecification\",\"valueRequired\":true,\"valueName\":\"search_term_string\"}}],\"inLanguage\":\"de-DE\"},{\"@type\":\"Organization\",\"@id\":\"https:\\\/\\\/www.okmaritime.nl\\\/de\\\/#organization\",\"name\":\"Op Koers! Maritime\",\"url\":\"https:\\\/\\\/www.okmaritime.nl\\\/de\\\/\",\"logo\":{\"@type\":\"ImageObject\",\"inLanguage\":\"de-DE\",\"@id\":\"https:\\\/\\\/www.okmaritime.nl\\\/de\\\/#\\\/schema\\\/logo\\\/image\\\/\",\"url\":\"https:\\\/\\\/www.okmaritime.nl\\\/test\\\/wp-content\\\/uploads\\\/2021\\\/10\\\/OK-AcAdemy-zonder-achtergrond-e1645719031100.png\",\"contentUrl\":\"https:\\\/\\\/www.okmaritime.nl\\\/test\\\/wp-content\\\/uploads\\\/2021\\\/10\\\/OK-AcAdemy-zonder-achtergrond-e1645719031100.png\",\"width\":150,\"height\":147,\"caption\":\"Op Koers! Maritime\"},\"image\":{\"@id\":\"https:\\\/\\\/www.okmaritime.nl\\\/de\\\/#\\\/schema\\\/logo\\\/image\\\/\"}}]}<\/script>\n<!-- \/ Yoast SEO plugin. -->","yoast_head_json":{"title":"\u00dcber uns","robots":{"index":"index","follow":"follow","max-snippet":"max-snippet:-1","max-image-preview":"max-image-preview:large","max-video-preview":"max-video-preview:-1"},"canonical":"https:\/\/www.okmaritime.nl\/de\/ueber-uns\/","og_locale":"de_DE","og_type":"article","og_title":"[:en]\u00dcber uns[:nl]\u00dcber uns[:] - OK Maritime","og_description":"\u00dcber Op Koers! Maritiem Als sinds 2005 organiseert Op Koers! Maritiem veiligheidstrainingen voor scheepvaartpersoneel in de passagiersvaart. Met een uitgebreid dienstenpakket leveren wij een totaalconcept voor veiligheid aan boord, samen ...","og_url":"https:\/\/www.okmaritime.nl\/de\/ueber-uns\/","og_site_name":"OK Maritime","article_modified_time":"2025-09-22T09:09:40+00:00","og_image":[{"width":1280,"height":370,"url":"https:\/\/www.okmaritime.nl\/wp-content\/uploads\/2021\/06\/pexels-fabio-scaletta-2096728-e1624446778686.jpg","type":"image\/jpeg"}],"twitter_card":"summary_large_image","twitter_misc":{"Gesch\u00e4tzte Lesezeit":"1\u00a0Minute"},"schema":{"@context":"https:\/\/schema.org","@graph":[{"@type":"WebPage","@id":"https:\/\/www.okmaritime.nl\/de\/ueber-uns\/","url":"https:\/\/www.okmaritime.nl\/de\/ueber-uns\/","name":"\u00dcber uns","isPartOf":{"@id":"https:\/\/www.okmaritime.nl\/de\/#website"},"primaryImageOfPage":{"@id":"https:\/\/www.okmaritime.nl\/de\/ueber-uns\/#primaryimage"},"image":{"@id":"https:\/\/www.okmaritime.nl\/de\/ueber-uns\/#primaryimage"},"thumbnailUrl":"https:\/\/www.okmaritime.nl\/wp-content\/uploads\/2021\/06\/pexels-fabio-scaletta-2096728-e1624446778686.jpg","datePublished":"2021-06-18T12:57:41+00:00","dateModified":"2025-09-22T09:09:40+00:00","breadcrumb":{"@id":"https:\/\/www.okmaritime.nl\/de\/ueber-uns\/#breadcrumb"},"inLanguage":"de-DE","potentialAction":[{"@type":"ReadAction","target":["https:\/\/www.okmaritime.nl\/de\/ueber-uns\/"]}]},{"@type":"ImageObject","inLanguage":"de-DE","@id":"https:\/\/www.okmaritime.nl\/de\/ueber-uns\/#primaryimage","url":"https:\/\/www.okmaritime.nl\/wp-content\/uploads\/2021\/06\/pexels-fabio-scaletta-2096728-e1624446778686.jpg","contentUrl":"https:\/\/www.okmaritime.nl\/wp-content\/uploads\/2021\/06\/pexels-fabio-scaletta-2096728-e1624446778686.jpg","width":1280,"height":370},{"@type":"BreadcrumbList","@id":"https:\/\/www.okmaritime.nl\/de\/ueber-uns\/#breadcrumb","itemListElement":[{"@type":"ListItem","position":1,"name":"Home","item":"https:\/\/www.okmaritime.nl\/de\/home-deutsch\/"},{"@type":"ListItem","position":2,"name":"\u00dcber uns"}]},{"@type":"WebSite","@id":"https:\/\/www.okmaritime.nl\/de\/#website","url":"https:\/\/www.okmaritime.nl\/de\/","name":"OK Maritime","description":"Ship safety advice & Nautical safety trainings","publisher":{"@id":"https:\/\/www.okmaritime.nl\/de\/#organization"},"potentialAction":[{"@type":"SearchAction","target":{"@type":"EntryPoint","urlTemplate":"https:\/\/www.okmaritime.nl\/de\/?s={search_term_string}"},"query-input":{"@type":"PropertyValueSpecification","valueRequired":true,"valueName":"search_term_string"}}],"inLanguage":"de-DE"},{"@type":"Organization","@id":"https:\/\/www.okmaritime.nl\/de\/#organization","name":"Op Koers! Maritime","url":"https:\/\/www.okmaritime.nl\/de\/","logo":{"@type":"ImageObject","inLanguage":"de-DE","@id":"https:\/\/www.okmaritime.nl\/de\/#\/schema\/logo\/image\/","url":"https:\/\/www.okmaritime.nl\/test\/wp-content\/uploads\/2021\/10\/OK-AcAdemy-zonder-achtergrond-e1645719031100.png","contentUrl":"https:\/\/www.okmaritime.nl\/test\/wp-content\/uploads\/2021\/10\/OK-AcAdemy-zonder-achtergrond-e1645719031100.png","width":150,"height":147,"caption":"Op Koers! Maritime"},"image":{"@id":"https:\/\/www.okmaritime.nl\/de\/#\/schema\/logo\/image\/"}}]}},"_links":{"self":[{"href":"https:\/\/www.okmaritime.nl\/de\/wp-json\/wp\/v2\/pages\/1796","targetHints":{"allow":["GET"]}}],"collection":[{"href":"https:\/\/www.okmaritime.nl\/de\/wp-json\/wp\/v2\/pages"}],"about":[{"href":"https:\/\/www.okmaritime.nl\/de\/wp-json\/wp\/v2\/types\/page"}],"author":[{"embeddable":true,"href":"https:\/\/www.okmaritime.nl\/de\/wp-json\/wp\/v2\/users\/1"}],"replies":[{"embeddable":true,"href":"https:\/\/www.okmaritime.nl\/de\/wp-json\/wp\/v2\/comments?post=1796"}],"version-history":[{"count":34,"href":"https:\/\/www.okmaritime.nl\/de\/wp-json\/wp\/v2\/pages\/1796\/revisions"}],"predecessor-version":[{"id":6950,"href":"https:\/\/www.okmaritime.nl\/de\/wp-json\/wp\/v2\/pages\/1796\/revisions\/6950"}],"wp:featuredmedia":[{"embeddable":true,"href":"https:\/\/www.okmaritime.nl\/de\/wp-json\/wp\/v2\/media\/2004"}],"wp:attachment":[{"href":"https:\/\/www.okmaritime.nl\/de\/wp-json\/wp\/v2\/media?parent=1796"}],"curies":[{"name":"wp","href":"https:\/\/api.w.org\/{rel}","templated":true}]}}